{"id":90,"date":"2024-01-17T15:23:08","date_gmt":"2024-01-17T15:23:08","guid":{"rendered":"https:\/\/druidicus.ch\/?page_id=90"},"modified":"2024-10-25T10:21:34","modified_gmt":"2024-10-25T10:21:34","slug":"tsirup-brennnessel","status":"publish","type":"page","link":"https:\/\/druidicus.ch\/?page_id=90","title":{"rendered":"TSirup Brennnessel"},"content":{"rendered":"\n<div class=\"wp-block-group alignfull has-accent-2-background-color has-background has-global-padding is-layout-constrained wp-container-core-group-is-layout-669513ed wp-block-group-is-layout-constrained\" style=\"margin-top:0;margin-bottom:0;padding-top:var(--wp--preset--spacing--50);padding-right:var(--wp--preset--spacing--50);padding-bottom:var(--wp--preset--spacing--50);padding-left:var(--wp--preset--spacing--50)\">\n<div class=\"wp-block-columns alignwide is-layout-flex wp-container-core-columns-is-layout-28f84493 wp-block-columns-is-layout-flex\">\n<div class=\"wp-block-column is-layout-flow wp-block-column-is-layout-flow\" style=\"flex-basis:40%\">\n<p class=\"has-large-font-size wp-container-content-0733e5d0\"><strong>Inhaltsstoffe<\/strong><\/p>\n<\/div>\n\n\n\n<div class=\"wp-block-column is-layout-flow wp-block-column-is-layout-flow\" style=\"flex-basis:60%\">\n<p class=\"has-heading-font-family has-medium-font-size\" style=\"line-height:1.2\">50 % Wasser<\/p>\n\n\n\n<p class=\"has-heading-font-family has-medium-font-size\" style=\"line-height:1.2\">38.5 % Zucker<\/p>\n\n\n\n<p class=\"has-heading-font-family has-medium-font-size\" style=\"line-height:1.2\">5 % Zitronens\u00e4ure <\/p>\n\n\n\n<p class=\"has-heading-font-family has-medium-font-size\" style=\"line-height:1.2\">6.5 % Brennnessel<\/p>\n\n\n\n<p class=\"has-heading-font-family has-medium-font-size\" style=\"line-height:1.2\">0.002 % Duftveilchen <\/p>\n\n\n\n<p class=\"has-heading-font-family has-medium-font-size\" style=\"line-height:1.2\">0.003 % Indianernessel<\/p>\n<\/div>\n<\/div>\n\n\n\n<div style=\"height:var(--wp--preset--spacing--40)\" aria-hidden=\"true\" class=\"wp-block-spacer\"><\/div>\n\n\n\n<div class=\"wp-block-columns alignwide is-layout-flex wp-container-core-columns-is-layout-28f84493 wp-block-columns-is-layout-flex\">\n<div class=\"wp-block-column is-layout-flow wp-block-column-is-layout-flow\" style=\"flex-basis:40%\">\n<p class=\"has-large-font-size wp-container-content-0733e5d0\"><strong>Preis<\/strong><\/p>\n<\/div>\n\n\n\n<div class=\"wp-block-column is-layout-flow wp-block-column-is-layout-flow\" style=\"flex-basis:60%\">\n<div class=\"wp-block-columns is-layout-flex wp-container-core-columns-is-layout-28f84493 wp-block-columns-is-layout-flex\">\n<div class=\"wp-block-column is-layout-flow wp-block-column-is-layout-flow\">\n<p>0.5 Liter<\/p>\n<\/div>\n\n\n\n<div class=\"wp-block-column is-layout-flow wp-block-column-is-layout-flow\">\n<p>CHF 15.00<\/p>\n<\/div>\n<\/div>\n\n\n\n<div class=\"wp-block-columns is-layout-flex wp-container-core-columns-is-layout-28f84493 wp-block-columns-is-layout-flex\">\n<div class=\"wp-block-column is-layout-flow wp-block-column-is-layout-flow\">\n<p>1 Liter<\/p>\n<\/div>\n\n\n\n<div class=\"wp-block-column is-layout-flow wp-block-column-is-layout-flow\">\n<p>CHF 24.00<\/p>\n<\/div>\n<\/div>\n<\/div>\n<\/div>\n\n\n\n<div style=\"height:var(--wp--preset--spacing--40)\" aria-hidden=\"true\" class=\"wp-block-spacer\"><\/div>\n\n\n\n<figure class=\"wp-block-gallery alignwide has-nested-images columns-default is-cropped wp-block-gallery-5 is-layout-flex wp-block-gallery-is-layout-flex\">\n<figure class=\"wp-block-image size-full is-style-rounded wp-duotone-unset-2 is-style-rounded--1\"><img loading=\"lazy\" decoding=\"async\" width=\"1728\" height=\"2304\" data-id=\"210\" src=\"https:\/\/druidicus.ch\/wp-content\/uploads\/2024\/09\/IMG_3530-rotated.jpg\" alt=\"TSirup Brennnessel gross\" class=\"wp-image-210\" srcset=\"https:\/\/druidicus.ch\/wp-content\/uploads\/2024\/09\/IMG_3530-rotated.jpg 1728w, https:\/\/druidicus.ch\/wp-content\/uploads\/2024\/09\/IMG_3530-225x300.jpg 225w, https:\/\/druidicus.ch\/wp-content\/uploads\/2024\/09\/IMG_3530-768x1024.jpg 768w, https:\/\/druidicus.ch\/wp-content\/uploads\/2024\/09\/IMG_3530-1152x1536.jpg 1152w, https:\/\/druidicus.ch\/wp-content\/uploads\/2024\/09\/IMG_3530-1536x2048.jpg 1536w\" sizes=\"auto, (max-width: 1728px) 100vw, 1728px\" \/><figcaption class=\"wp-element-caption\">TSirup Brennnessel gross<\/figcaption><\/figure>\n\n\n\n<figure class=\"wp-block-image size-full is-style-rounded wp-duotone-unset-4 is-style-rounded--3\"><img loading=\"lazy\" decoding=\"async\" width=\"1707\" height=\"2560\" data-id=\"209\" src=\"https:\/\/druidicus.ch\/wp-content\/uploads\/2024\/09\/IMG_4403-scaled.jpg\" alt=\"\" class=\"wp-image-209\" srcset=\"https:\/\/druidicus.ch\/wp-content\/uploads\/2024\/09\/IMG_4403-scaled.jpg 1707w, https:\/\/druidicus.ch\/wp-content\/uploads\/2024\/09\/IMG_4403-200x300.jpg 200w, https:\/\/druidicus.ch\/wp-content\/uploads\/2024\/09\/IMG_4403-683x1024.jpg 683w, https:\/\/druidicus.ch\/wp-content\/uploads\/2024\/09\/IMG_4403-768x1152.jpg 768w, https:\/\/druidicus.ch\/wp-content\/uploads\/2024\/09\/IMG_4403-1024x1536.jpg 1024w, https:\/\/druidicus.ch\/wp-content\/uploads\/2024\/09\/IMG_4403-1365x2048.jpg 1365w\" sizes=\"auto, (max-width: 1707px) 100vw, 1707px\" \/><figcaption class=\"wp-element-caption\">TSirup Brennnessel klein<\/figcaption><\/figure>\n<\/figure>\n<\/div>\n\n\n\n<div class=\"wp-block-group alignfull has-accent-2-background-color has-background has-global-padding is-layout-constrained wp-container-core-group-is-layout-669513ed wp-block-group-is-layout-constrained\" style=\"margin-top:0;margin-bottom:0;padding-top:var(--wp--preset--spacing--50);padding-right:var(--wp--preset--spacing--50);padding-bottom:var(--wp--preset--spacing--50);padding-left:var(--wp--preset--spacing--50)\">\n<div class=\"wp-block-columns alignwide is-layout-flex wp-container-core-columns-is-layout-28f84493 wp-block-columns-is-layout-flex\">\n<div class=\"wp-block-column is-layout-flow wp-block-column-is-layout-flow\" style=\"flex-basis:40%\">\n<p class=\"has-large-font-size wp-container-content-0733e5d0\"><strong>Inhaltsstoffe<\/strong><\/p>\n<\/div>\n\n\n\n<div class=\"wp-block-column is-layout-flow wp-block-column-is-layout-flow\" style=\"flex-basis:60%\">\n<p class=\"has-heading-font-family has-medium-font-size\" style=\"line-height:1.2\">50 % Wasser<\/p>\n\n\n\n<p class=\"has-heading-font-family has-medium-font-size\" style=\"line-height:1.2\">38.5 % Zucker<\/p>\n\n\n\n<p class=\"has-heading-font-family has-medium-font-size\" style=\"line-height:1.2\">5 % Zitronens\u00e4ure <\/p>\n\n\n\n<p class=\"has-heading-font-family has-medium-font-size\" style=\"line-height:1.2\">6.5 % Brennnessel<\/p>\n\n\n\n<p class=\"has-heading-font-family has-medium-font-size\" style=\"line-height:1.2\">0.002 % Duftveilchen <\/p>\n\n\n\n<p class=\"has-heading-font-family has-medium-font-size\" style=\"line-height:1.2\">0.003 % Indianernessel<\/p>\n<\/div>\n<\/div>\n\n\n\n<div style=\"height:var(--wp--preset--spacing--40)\" aria-hidden=\"true\" class=\"wp-block-spacer\"><\/div>\n\n\n\n<div class=\"wp-block-columns alignwide is-layout-flex wp-container-core-columns-is-layout-28f84493 wp-block-columns-is-layout-flex\">\n<div class=\"wp-block-column is-layout-flow wp-block-column-is-layout-flow\" style=\"flex-basis:40%\">\n<p class=\"has-large-font-size wp-container-content-0733e5d0\"><strong>Preis<\/strong><\/p>\n<\/div>\n\n\n\n<div class=\"wp-block-column is-layout-flow wp-block-column-is-layout-flow\" style=\"flex-basis:60%\">\n<div class=\"wp-block-columns is-layout-flex wp-container-core-columns-is-layout-28f84493 wp-block-columns-is-layout-flex\">\n<div class=\"wp-block-column is-layout-flow wp-block-column-is-layout-flow\">\n<p>0.5 Liter<\/p>\n<\/div>\n\n\n\n<div class=\"wp-block-column is-layout-flow wp-block-column-is-layout-flow\">\n<p>CHF 15.00<\/p>\n<\/div>\n<\/div>\n\n\n\n<div class=\"wp-block-columns is-layout-flex wp-container-core-columns-is-layout-28f84493 wp-block-columns-is-layout-flex\">\n<div class=\"wp-block-column is-layout-flow wp-block-column-is-layout-flow\">\n<p>1 Liter<\/p>\n<\/div>\n\n\n\n<div class=\"wp-block-column is-layout-flow wp-block-column-is-layout-flow\">\n<p>CHF 24.00<\/p>\n<\/div>\n<\/div>\n<\/div>\n<\/div>\n\n\n\n<div style=\"height:var(--wp--preset--spacing--40)\" aria-hidden=\"true\" class=\"wp-block-spacer\"><\/div>\n\n\n\n<figure class=\"wp-block-gallery alignwide has-nested-images columns-default is-cropped wp-block-gallery-10 is-layout-flex wp-block-gallery-is-layout-flex\">\n<figure class=\"wp-block-image size-full is-style-rounded wp-duotone-unset-7 is-style-rounded--6\"><img loading=\"lazy\" decoding=\"async\" width=\"1728\" height=\"2304\" data-id=\"210\" src=\"https:\/\/druidicus.ch\/wp-content\/uploads\/2024\/09\/IMG_3530-rotated.jpg\" alt=\"TSirup Brennnessel gross\" class=\"wp-image-210\" srcset=\"https:\/\/druidicus.ch\/wp-content\/uploads\/2024\/09\/IMG_3530-rotated.jpg 1728w, https:\/\/druidicus.ch\/wp-content\/uploads\/2024\/09\/IMG_3530-225x300.jpg 225w, https:\/\/druidicus.ch\/wp-content\/uploads\/2024\/09\/IMG_3530-768x1024.jpg 768w, https:\/\/druidicus.ch\/wp-content\/uploads\/2024\/09\/IMG_3530-1152x1536.jpg 1152w, https:\/\/druidicus.ch\/wp-content\/uploads\/2024\/09\/IMG_3530-1536x2048.jpg 1536w\" sizes=\"auto, (max-width: 1728px) 100vw, 1728px\" \/><figcaption class=\"wp-element-caption\">TSirup Brennnessel gross<\/figcaption><\/figure>\n\n\n\n<figure class=\"wp-block-image size-full is-style-rounded wp-duotone-unset-9 is-style-rounded--8\"><img loading=\"lazy\" decoding=\"async\" width=\"1707\" height=\"2560\" data-id=\"209\" src=\"https:\/\/druidicus.ch\/wp-content\/uploads\/2024\/09\/IMG_4403-scaled.jpg\" alt=\"\" class=\"wp-image-209\" srcset=\"https:\/\/druidicus.ch\/wp-content\/uploads\/2024\/09\/IMG_4403-scaled.jpg 1707w, https:\/\/druidicus.ch\/wp-content\/uploads\/2024\/09\/IMG_4403-200x300.jpg 200w, https:\/\/druidicus.ch\/wp-content\/uploads\/2024\/09\/IMG_4403-683x1024.jpg 683w, https:\/\/druidicus.ch\/wp-content\/uploads\/2024\/09\/IMG_4403-768x1152.jpg 768w, https:\/\/druidicus.ch\/wp-content\/uploads\/2024\/09\/IMG_4403-1024x1536.jpg 1024w, https:\/\/druidicus.ch\/wp-content\/uploads\/2024\/09\/IMG_4403-1365x2048.jpg 1365w\" sizes=\"auto, (max-width: 1707px) 100vw, 1707px\" \/><figcaption class=\"wp-element-caption\">TSirup Brennnessel klein<\/figcaption><\/figure>\n<\/figure>\n<\/div>\n\n\n\n<div class=\"wp-block-group alignfull has-base-background-color has-background has-global-padding is-layout-constrained wp-container-core-group-is-layout-d89aad35 wp-block-group-is-layout-constrained\" style=\"margin-top:0;margin-bottom:0;padding-top:var(--wp--preset--spacing--50);padding-right:var(--wp--preset--spacing--50);padding-bottom:var(--wp--preset--spacing--50);padding-left:var(--wp--preset--spacing--50)\">\n<div class=\"wp-block-columns alignwide is-layout-flex wp-container-core-columns-is-layout-549b0c86 wp-block-columns-is-layout-flex\">\n<div class=\"wp-block-column has-global-padding is-content-justification-left is-layout-constrained wp-container-core-column-is-layout-4f15e8fe wp-block-column-is-layout-constrained\" style=\"flex-basis:40%\">\n<p class=\"has-large-font-size\"><strong>positive Eigenschaften <\/strong><\/p>\n<\/div>\n\n\n\n<div class=\"wp-block-column is-layout-flow wp-container-core-column-is-layout-119bc444 wp-block-column-is-layout-flow\" style=\"flex-basis:60%\">\n<p class=\"has-heading-font-family has-medium-font-size\" style=\"line-height:1.2\">ausgleichend, adstringierend, blutreinigend, blutbildend, blutstillend, wasserausscheidend, durchsp\u00fclend, harntreibend, nebennierenst\u00e4rkend, antiallergisch, blutdrucksenkend, n\u00e4hrstoffreich, tonisch, immunstimulierend, schmerzlindernd, entschlackend, stoffwechselanregend, entz\u00fcndungshemmend<\/p>\n\n\n\n<div class=\"wp-block-columns is-layout-flex wp-container-core-columns-is-layout-87beb0d0 wp-block-columns-is-layout-flex\">\n<div class=\"wp-block-column is-layout-flow wp-block-column-is-layout-flow\">\n<p class=\"has-medium-font-size wp-container-content-9cfa9a5a\">Die Brennnessel ist das perfekte St\u00e4rkungsmittel im Fr\u00fchjahr, da sie voller Mineralien steckt. Mit ihrem Gehalt an  Vitamin A und C, Eisen, Kalzium, Selen, Zink, Magnesium und Kalium ist sie eine echte Power-Pflanze.<\/p>\n\n\n\n<p class=\"has-medium-font-size\">In der Naturheilkunde wird Brennnessel h\u00e4ufig als allgemeines St\u00e4rkungsmittel f\u00fcr die Gesundheit verwendet. Auch gilt sie als Heilmittel bei Nebennierenproblemen und zur Unterst\u00fctzung von Niere und Leber. Sie kann Heuschnupfen und Allergien bek\u00e4mpfen. Ebenfalls ist sie zum Entgiften, bei Arthrosebeschwerden und zur Stoffwechselregulierung bei Gicht oder Rheuma einsetzbar.<\/p>\n\n\n\n<p class=\"has-medium-font-size\">Sie wird oft bevorzugt zur Blutreinigung (bessere Harns\u00e4ureausscheidung) sowie bei Gicht, Rheumaleiden, rheumatoiden Beschwerden, Arthrose, Artrhitis, Blutarmut, Harnwegentz\u00fcndungen, Harnwegserkrankungen, Nierenschw\u00e4che, Nieren- und Harngriessbildung, Problemen beim Wasserlassen, n\u00e4chtlicher Harndrang, Blasenerkrankungen, Restharnbildung in der Blase und altersbedingter gutartiger Prostatavergr\u00f6sserung angewendet.<\/p>\n<\/div>\n\n\n\n<div class=\"wp-block-column is-layout-flow wp-block-column-is-layout-flow\">\n<p class=\"has-medium-font-size\">Dar\u00fcber hinaus kann Brennnessel bei Magenleiden, Magenschw\u00e4che, Magenkr\u00e4mpfen, Darmleiden, Magen-Darmgeschw\u00fcren, Gelbsucht, H\u00e4morrhoiden, Lungen- und Asthmaleiden, Verdauungsbeschwerden, Fisteln, Furunkel, Allergien und Milzerkrankungen sehr hilfreich sein.<\/p>\n\n\n\n<p class=\"has-medium-font-size\">Bei Allergien, Nesselsucht, Heuschnupfen, juckendem Hautausschl\u00e4gen sowie zur Blutreinigung wird das Trinken von Brennnessel t\u00e4glich empfohlen.<\/p>\n\n\n\n<p class=\"has-medium-font-size\">In der Frauenheilkunde wird Brennnessel bei Menstruationsbeschwerden, starkem Blutverlust w\u00e4hrend der Menstruation, pr\u00e4menstruellen Syndromen (PMS), zum Abbau von \u00d6demen und Wassereinlagerungen, bei Unterleibsschw\u00e4che und zum Ausgleich von Eisenmangel durch hormonelle Verh\u00fctungsmittel angewendet.<\/p>\n\n\n\n<p class=\"has-medium-font-size\"><strong>Hinweis: <\/strong>Brennnessel sollte nicht bei \u00d6deme infolge einer Herz- oder Nierenschw\u00e4che sowie w\u00e4hrend der Schwangerschaft und\/oder Stillzeit angewendet werden.<\/p>\n<\/div>\n<\/div>\n<\/div>\n<\/div>\n<\/div>\n","protected":false},"excerpt":{"rendered":"<p>Inhaltsstoffe 50 % Wasser 38.5 % Zucker 5 % Zitronens\u00e4ure 6.5 % Brennnessel 0.002 % Duftveilchen 0.003 % Indianernessel Preis 0.5 Liter CHF 15.00 1 Liter CHF 24.00 Inhaltsstoffe 50 % Wasser 38.5 % Zucker 5 % Zitronens\u00e4ure 6.5 % Brennnessel 0.002 % Duftveilchen 0.003 % Indianernessel Preis 0.5 Liter CHF 15.00 1 Liter CHF [&hellip;]<\/p>\n","protected":false},"author":1,"featured_media":0,"parent":0,"menu_order":0,"comment_status":"closed","ping_status":"closed","template":"","meta":{"footnotes":""},"class_list":["post-90","page","type-page","status-publish","hentry"],"_links":{"self":[{"href":"https:\/\/druidicus.ch\/index.php?rest_route=\/wp\/v2\/pages\/90","targetHints":{"allow":["GET"]}}],"collection":[{"href":"https:\/\/druidicus.ch\/index.php?rest_route=\/wp\/v2\/pages"}],"about":[{"href":"https:\/\/druidicus.ch\/index.php?rest_route=\/wp\/v2\/types\/page"}],"author":[{"embeddable":true,"href":"https:\/\/druidicus.ch\/index.php?rest_route=\/wp\/v2\/users\/1"}],"replies":[{"embeddable":true,"href":"https:\/\/druidicus.ch\/index.php?rest_route=%2Fwp%2Fv2%2Fcomments&post=90"}],"version-history":[{"count":4,"href":"https:\/\/druidicus.ch\/index.php?rest_route=\/wp\/v2\/pages\/90\/revisions"}],"predecessor-version":[{"id":243,"href":"https:\/\/druidicus.ch\/index.php?rest_route=\/wp\/v2\/pages\/90\/revisions\/243"}],"wp:attachment":[{"href":"https:\/\/druidicus.ch\/index.php?rest_route=%2Fwp%2Fv2%2Fmedia&parent=90"}],"curies":[{"name":"wp","href":"https:\/\/api.w.org\/{rel}","templated":true}]}}