{"id":281,"date":"2025-09-27T07:49:34","date_gmt":"2025-09-27T07:49:34","guid":{"rendered":"https:\/\/druidicus.ch\/?page_id=281"},"modified":"2026-01-13T18:38:42","modified_gmt":"2026-01-13T18:38:42","slug":"spitzwegerich","status":"publish","type":"page","link":"https:\/\/druidicus.ch\/?page_id=281","title":{"rendered":"Spitzwegerich"},"content":{"rendered":"\n<div style=\"height:52px\" aria-hidden=\"true\" class=\"wp-block-spacer\"><\/div>\n\n\n\n\n\n<div style=\"height:52px\" aria-hidden=\"true\" class=\"wp-block-spacer\"><\/div>\n\n\n\n<div class=\"wp-block-group alignwide has-global-padding is-layout-constrained wp-block-group-is-layout-constrained\">\n<h1 class=\"wp-block-heading alignwide has-xx-large-font-size\" style=\"line-height:1.2\">Der gr\u00f6sste Pflanzenanteil dieser Salbe beinhaltet Spitzwegerich. Daneben kommt noch je ein kleiner Teil von Schl\u00fcsselblume, Efeu, Brennnessel und Goldmelisse vor.<\/h1>\n<\/div>\n\n\n\n<div class=\"wp-block-columns is-layout-flex wp-container-core-columns-is-layout-28f84493 wp-block-columns-is-layout-flex\">\n<div class=\"wp-block-column is-layout-flow wp-block-column-is-layout-flow\" style=\"flex-basis:33.33%\">\n<p>Pflanze<\/p>\n<\/div>\n\n\n\n<div class=\"wp-block-column is-layout-flow wp-block-column-is-layout-flow\" style=\"flex-basis:66.66%\">\n<p>positive Eigenschaften<\/p>\n<\/div>\n<\/div>\n\n\n\n<div class=\"wp-block-columns is-layout-flex wp-container-core-columns-is-layout-28f84493 wp-block-columns-is-layout-flex\">\n<div class=\"wp-block-column is-layout-flow wp-block-column-is-layout-flow\" style=\"flex-basis:33.33%\">\n<p><strong>Spitzwegerich<\/strong><\/p>\n<\/div>\n\n\n\n<div class=\"wp-block-column is-layout-flow wp-block-column-is-layout-flow\" style=\"flex-basis:66.66%\">\n<p><strong>Spitzwegerich<\/strong> hat gute F\u00e4higkeiten bei der Wundheilung, bei Insektenstichen und zur Desinfektion der Wunde. Es kann auch gegen Dermatitis, Ekzemen und Absch\u00fcrfungen, leichte Verbrennungen, kleine offene Wunden, Quetschungen, Furunkeln und H\u00e4morrhoiden helfen.<\/p>\n<\/div>\n<\/div>\n\n\n\n<div class=\"wp-block-columns is-layout-flex wp-container-core-columns-is-layout-28f84493 wp-block-columns-is-layout-flex\">\n<div class=\"wp-block-column is-layout-flow wp-block-column-is-layout-flow\" style=\"flex-basis:33.33%\">\n<p><strong><strong>Schl\u00fcsselblume<\/strong> <\/strong><\/p>\n<\/div>\n\n\n\n<div class=\"wp-block-column is-layout-flow wp-block-column-is-layout-flow\" style=\"flex-basis:66.66%\">\n<p><strong>Schl\u00fcsselblume<\/strong> k\u00f6nnen bei Entz\u00fcndungen und Schmerzen, etwa bei Kopfschmerzen oder Muskelbeschwerden, Linderung verschaffen. Ausserdem kann man sie gegen Gicht, Rheuma Migr\u00e4ne und Bronchitis anwenden. Dabei reibt man die Schl\u00e4fen sanft mit der Salbe ein.<\/p>\n<\/div>\n<\/div>\n\n\n\n<div class=\"wp-block-columns is-layout-flex wp-container-core-columns-is-layout-28f84493 wp-block-columns-is-layout-flex\">\n<div class=\"wp-block-column is-layout-flow wp-block-column-is-layout-flow\" style=\"flex-basis:33.33%\">\n<p><strong><strong><strong>Efeu<\/strong> <\/strong><\/strong><\/p>\n<\/div>\n\n\n\n<div class=\"wp-block-column is-layout-flow wp-block-column-is-layout-flow\" style=\"flex-basis:66.66%\">\n<p><strong>Efeu<\/strong> wird gegen Cellulite, schlecht heilende Wunden, Geschw\u00fcren, Gicht, Rheuma, Ischiasbeschwerden, Venenentz\u00fcndungen, Nervenschmerzen und Schmerzen angewendet. Ausserdem entzieht Efeu dem K\u00f6rper Wasser.<\/p>\n<\/div>\n<\/div>\n\n\n\n<div class=\"wp-block-columns is-layout-flex wp-container-core-columns-is-layout-28f84493 wp-block-columns-is-layout-flex\">\n<div class=\"wp-block-column is-layout-flow wp-block-column-is-layout-flow\" style=\"flex-basis:33.33%\">\n<p><strong><strong><strong><strong>Brennnessel<\/strong> <\/strong><\/strong><\/strong><\/p>\n<\/div>\n\n\n\n<div class=\"wp-block-column is-layout-flow wp-block-column-is-layout-flow\" style=\"flex-basis:66.66%\">\n<p><strong>Brennnessel<\/strong> heilen Sch\u00fcrfwunden, St\u00fcrze, blaue Flecken. Ausserdem helfen sie, Wasser aus dem K\u00f6rper zu ziehen und \u00d6deme zu lindern.<\/p>\n<\/div>\n<\/div>\n\n\n\n<div class=\"wp-block-columns is-layout-flex wp-container-core-columns-is-layout-28f84493 wp-block-columns-is-layout-flex\">\n<div class=\"wp-block-column is-layout-flow wp-block-column-is-layout-flow\" style=\"flex-basis:33.33%\">\n<p><strong><strong><strong><strong><strong>Goldmelisse<\/strong> <\/strong><\/strong><\/strong><\/strong><\/p>\n<\/div>\n\n\n\n<div class=\"wp-block-column is-layout-flow wp-block-column-is-layout-flow\" style=\"flex-basis:66.66%\">\n<p><strong>Goldmelisse<\/strong> hilft bei schlecht heilenden Wunden und f\u00f6rdert die Durchblutung der Haut.<\/p>\n<\/div>\n<\/div>\n\n\n\n<div style=\"height:52px\" aria-hidden=\"true\" class=\"wp-block-spacer\"><\/div>\n\n\n\n<p>Das \u00d6l \u00f6ffnet die Poren der Haut. So k\u00f6nnen die Pflanzen tiefer in die Haut eindringen und positiv wirken. Doch \u00d6le haben auch eigene positive Eigenschaften, die der Haut gut tun.<\/p>\n\n\n\n<div class=\"wp-block-columns is-layout-flex wp-container-core-columns-is-layout-28f84493 wp-block-columns-is-layout-flex\">\n<div class=\"wp-block-column is-layout-flow wp-block-column-is-layout-flow\" style=\"flex-basis:33.33%\">\n<p><strong>\u00d6l<\/strong><\/p>\n<\/div>\n\n\n\n<div class=\"wp-block-column is-layout-flow wp-block-column-is-layout-flow\" style=\"flex-basis:66.66%\">\n<p><strong>positive Eigenschaften<\/strong><\/p>\n<\/div>\n<\/div>\n\n\n\n<div class=\"wp-block-columns is-layout-flex wp-container-core-columns-is-layout-28f84493 wp-block-columns-is-layout-flex\">\n<div class=\"wp-block-column is-layout-flow wp-block-column-is-layout-flow\" style=\"flex-basis:33.33%\">\n<p><strong>Sonnenblumen\u00f6l<\/strong> <\/p>\n<\/div>\n\n\n\n<div class=\"wp-block-column is-layout-flow wp-block-column-is-layout-flow\" style=\"flex-basis:66.66%\">\n<p><strong>Sonnenblumen\u00f6l<\/strong> enth\u00e4lt viel Vitamin E, was zu den Antioxidantien geh\u00f6rt. Diese sch\u00fctzen unsere Zellen vor den sch\u00e4dlichen Angriffen von so genannten freien Radikalen. Dar\u00fcber hinaus braucht unser K\u00f6rper Vitamin E f\u00fcr den Fettstoffwechsel und zur Gesundhaltung der Haut. Es wirkt also positiv auf die Haut. Laut einer Studie hilft es zum Beispiel bei der Wundheilung, wirkt antibakteriell und unterst\u00fctzt die Haut dabei, sich zu regenerieren.<\/p>\n<\/div>\n<\/div>\n\n\n\n<div class=\"wp-block-columns is-layout-flex wp-container-core-columns-is-layout-28f84493 wp-block-columns-is-layout-flex\">\n<div class=\"wp-block-column is-layout-flow wp-block-column-is-layout-flow\" style=\"flex-basis:33.33%\">\n<p><strong>Raps\u00f6l<\/strong> <\/p>\n<\/div>\n\n\n\n<div class=\"wp-block-column is-layout-flow wp-block-column-is-layout-flow\" style=\"flex-basis:66.66%\">\n<p><strong>Raps\u00f6l<\/strong> wirkt positiv auf unsere Haut ein. Es spendet Feuchtigkeit und ist r\u00fcckfettend. Die enthaltenen Antioxidantien wehren oxidativen Stress ab und mindern so erste F\u00e4ltchen. Daher ist das \u00d6l Bestandteil vieler Anti-Aging-Produkte. Da es die Zellteilung anregt und generierend wirkt, ist es auch eine beliebte Zutat in Narbencremes und Narbengels.<\/p>\n\n\n\n<p>Aufgrund seiner Inhaltsstoffe wirkt Raps\u00f6l langsam einziehend, feuchtigkeitsspendend, r\u00fcckfettend, zellgenerierend, regenerierend sowie entz\u00fcndungshemmend. Ausserdem unterst\u00fctzt es die Barrierefunktion der Haut und regt die Zellteilung an.<\/p>\n<\/div>\n<\/div>\n\n\n\n<p><\/p>\n","protected":false},"excerpt":{"rendered":"<p>Der gr\u00f6sste Pflanzenanteil dieser Salbe beinhaltet Spitzwegerich. Daneben kommt noch je ein kleiner Teil von Schl\u00fcsselblume, Efeu, Brennnessel und Goldmelisse vor. Pflanze positive Eigenschaften Spitzwegerich Spitzwegerich hat gute F\u00e4higkeiten bei der Wundheilung, bei Insektenstichen und zur Desinfektion der Wunde. Es kann auch gegen Dermatitis, Ekzemen und Absch\u00fcrfungen, leichte Verbrennungen, kleine offene Wunden, Quetschungen, Furunkeln und [&hellip;]<\/p>\n","protected":false},"author":1,"featured_media":0,"parent":0,"menu_order":0,"comment_status":"closed","ping_status":"closed","template":"","meta":{"footnotes":""},"class_list":["post-281","page","type-page","status-publish","hentry"],"_links":{"self":[{"href":"https:\/\/druidicus.ch\/index.php?rest_route=\/wp\/v2\/pages\/281","targetHints":{"allow":["GET"]}}],"collection":[{"href":"https:\/\/druidicus.ch\/index.php?rest_route=\/wp\/v2\/pages"}],"about":[{"href":"https:\/\/druidicus.ch\/index.php?rest_route=\/wp\/v2\/types\/page"}],"author":[{"embeddable":true,"href":"https:\/\/druidicus.ch\/index.php?rest_route=\/wp\/v2\/users\/1"}],"replies":[{"embeddable":true,"href":"https:\/\/druidicus.ch\/index.php?rest_route=%2Fwp%2Fv2%2Fcomments&post=281"}],"version-history":[{"count":3,"href":"https:\/\/druidicus.ch\/index.php?rest_route=\/wp\/v2\/pages\/281\/revisions"}],"predecessor-version":[{"id":305,"href":"https:\/\/druidicus.ch\/index.php?rest_route=\/wp\/v2\/pages\/281\/revisions\/305"}],"wp:attachment":[{"href":"https:\/\/druidicus.ch\/index.php?rest_route=%2Fwp%2Fv2%2Fmedia&parent=281"}],"curies":[{"name":"wp","href":"https:\/\/api.w.org\/{rel}","templated":true}]}}