{"id":278,"date":"2025-09-27T07:48:02","date_gmt":"2025-09-27T07:48:02","guid":{"rendered":"https:\/\/druidicus.ch\/?page_id=278"},"modified":"2026-01-13T18:40:57","modified_gmt":"2026-01-13T18:40:57","slug":"efeu","status":"publish","type":"page","link":"https:\/\/druidicus.ch\/?page_id=278","title":{"rendered":"Efeu"},"content":{"rendered":"\n<div style=\"height:52px\" aria-hidden=\"true\" class=\"wp-block-spacer\"><\/div>\n\n\n\n\n\n<div class=\"wp-block-group alignwide has-global-padding is-layout-constrained wp-block-group-is-layout-constrained\">\n<h1 class=\"wp-block-heading alignwide has-xx-large-font-size\" style=\"line-height:1.2\">Der gr\u00f6sste Pflanzenanteil dieser Salbe beinhaltet Efeu. Daneben kommt noch je ein kleiner Teil von G\u00e4nsebl\u00fcmchen, Holunderbl\u00fcten, Brennnessel und Goldmelisse vor.<\/h1>\n<\/div>\n\n\n\n<div class=\"wp-block-columns is-layout-flex wp-container-core-columns-is-layout-28f84493 wp-block-columns-is-layout-flex\">\n<div class=\"wp-block-column is-layout-flow wp-block-column-is-layout-flow\" style=\"flex-basis:33.33%\">\n<p><strong>Pflanze<\/strong><\/p>\n<\/div>\n\n\n\n<div class=\"wp-block-column is-layout-flow wp-block-column-is-layout-flow\" style=\"flex-basis:66.66%\">\n<p><strong>positive Eigenschaften<\/strong><\/p>\n<\/div>\n<\/div>\n\n\n\n<div class=\"wp-block-columns is-layout-flex wp-container-core-columns-is-layout-28f84493 wp-block-columns-is-layout-flex\">\n<div class=\"wp-block-column is-layout-flow wp-block-column-is-layout-flow\" style=\"flex-basis:33.33%\">\n<p><strong>Efeu<\/strong><\/p>\n<\/div>\n\n\n\n<div class=\"wp-block-column is-layout-flow wp-block-column-is-layout-flow\" style=\"flex-basis:66.66%\">\n<p><strong><strong>Efeu<\/strong> <\/strong>wird gegen Cellulite, schlecht heilende Wunden, Geschw\u00fcren, Gicht, Rheuma, Ischiasbeschwerden, Venenentz\u00fcndungen, Nervenschmerzen und Schmerzen angewendet. Ausserdem entzieht Efeu dem K\u00f6rper Wasser.<\/p>\n<\/div>\n<\/div>\n\n\n\n<div class=\"wp-block-columns is-layout-flex wp-container-core-columns-is-layout-28f84493 wp-block-columns-is-layout-flex\">\n<div class=\"wp-block-column is-layout-flow wp-block-column-is-layout-flow\" style=\"flex-basis:33.33%\">\n<p><strong><strong>G\u00e4nsebl\u00fcmchen<\/strong><\/strong><\/p>\n<\/div>\n\n\n\n<div class=\"wp-block-column is-layout-flow wp-block-column-is-layout-flow\" style=\"flex-basis:66.66%\">\n<p><strong>G\u00e4nsebl\u00fcmchen<\/strong> lindern \u00e4usserlich angewendet Hautunreinheiten, Hautausschl\u00e4ge, Ekzeme, Akne, schlecht heilende Wunden, blaue Flecken, Prellungen\/Verstauchungen und Quetschungen.<\/p>\n<\/div>\n<\/div>\n\n\n\n<div class=\"wp-block-columns is-layout-flex wp-container-core-columns-is-layout-28f84493 wp-block-columns-is-layout-flex\">\n<div class=\"wp-block-column is-layout-flow wp-block-column-is-layout-flow\" style=\"flex-basis:33.33%\">\n<p><strong><strong><strong>Holunderbl\u00fcten<\/strong><\/strong><\/strong><\/p>\n<\/div>\n\n\n\n<div class=\"wp-block-column is-layout-flow wp-block-column-is-layout-flow\" style=\"flex-basis:66.66%\">\n<p><strong>Holunderbl\u00fcten<\/strong> werden seit Langem zur Hautpflege und zur Linderung von R\u00f6tungen und Entz\u00fcndungen eingesetzt. Auch hilft sie, die Haut zu versch\u00f6nern, vermindert Cellulite und sorgt so f\u00fcr einen klaren Teint. Die enthaltenen Antioxidantien neutralisieren entz\u00fcndungsf\u00f6rdernde freie Radikale und f\u00f6rdern die Gesundheit der Gelenke, hilft gegen Hexenschuss.<\/p>\n<\/div>\n<\/div>\n\n\n\n<div class=\"wp-block-columns is-layout-flex wp-container-core-columns-is-layout-28f84493 wp-block-columns-is-layout-flex\">\n<div class=\"wp-block-column is-layout-flow wp-block-column-is-layout-flow\" style=\"flex-basis:33.33%\">\n<p><strong><strong><strong><strong>Brennnessel<\/strong><\/strong><\/strong><\/strong><\/p>\n<\/div>\n\n\n\n<div class=\"wp-block-column is-layout-flow wp-block-column-is-layout-flow\" style=\"flex-basis:66.66%\">\n<p><strong>Brennnessel<\/strong> heilen Sch\u00fcrfwunden, St\u00fcrze, blaue Flecken. Ausserdem helfen sie, Wasser aus dem K\u00f6rper zu ziehen und \u00d6deme zu lindern.<\/p>\n<\/div>\n<\/div>\n\n\n\n<div class=\"wp-block-columns is-layout-flex wp-container-core-columns-is-layout-28f84493 wp-block-columns-is-layout-flex\">\n<div class=\"wp-block-column is-layout-flow wp-block-column-is-layout-flow\" style=\"flex-basis:33.33%\">\n<p><strong><strong><strong><strong><strong>Goldmelisse<\/strong><\/strong><\/strong><\/strong><\/strong><\/p>\n<\/div>\n\n\n\n<div class=\"wp-block-column is-layout-flow wp-block-column-is-layout-flow\" style=\"flex-basis:66.66%\">\n<p><strong>Goldmelisse<\/strong> hilft bei schlecht heilenden Wunden und f\u00f6rdert die Durchblutung der Haut.<\/p>\n<\/div>\n<\/div>\n\n\n\n<div style=\"height:52px\" aria-hidden=\"true\" class=\"wp-block-spacer\"><\/div>\n\n\n\n<p>Das \u00d6l \u00f6ffnet die Poren der Haut. So k\u00f6nnen die Pflanzen tiefer in die Haut eindringen und positiv wirken. Doch \u00d6le haben auch eigene positive Eigenschaften, die der Haut gut tun.<\/p>\n\n\n\n<div class=\"wp-block-columns is-layout-flex wp-container-core-columns-is-layout-28f84493 wp-block-columns-is-layout-flex\">\n<div class=\"wp-block-column is-layout-flow wp-block-column-is-layout-flow\" style=\"flex-basis:33.33%\">\n<p><strong>\u00d6l<\/strong><\/p>\n<\/div>\n\n\n\n<div class=\"wp-block-column is-layout-flow wp-block-column-is-layout-flow\" style=\"flex-basis:66.66%\">\n<p><strong>positive Eigenschaften<\/strong><\/p>\n<\/div>\n<\/div>\n\n\n\n<div class=\"wp-block-columns is-layout-flex wp-container-core-columns-is-layout-28f84493 wp-block-columns-is-layout-flex\">\n<div class=\"wp-block-column is-layout-flow wp-block-column-is-layout-flow\" style=\"flex-basis:33.33%\">\n<p><strong><strong>Sonnenblumen\u00f6l<\/strong><\/strong><\/p>\n<\/div>\n\n\n\n<div class=\"wp-block-column is-layout-flow wp-block-column-is-layout-flow\" style=\"flex-basis:66.66%\">\n<p><strong>Sonnenblumen\u00f6l<\/strong> enth\u00e4lt viel Vitamin E, was zu den Antioxidantien geh\u00f6rt. Diese sch\u00fctzen unsere Zellen vor den sch\u00e4dlichen Angriffen von so genannten freien Radikalen. Dar\u00fcber hinaus braucht unser K\u00f6rper Vitamin E f\u00fcr den Fettstoffwechsel und zur Gesundhaltung der Haut. Es wirkt also positiv auf die Haut. Laut einer Studie hilft es zum Beispiel bei der Wundheilung, wirkt antibakteriell und unterst\u00fctzt die Haut dabei, sich zu regenerieren.<\/p>\n<\/div>\n<\/div>\n\n\n\n<div class=\"wp-block-columns is-layout-flex wp-container-core-columns-is-layout-28f84493 wp-block-columns-is-layout-flex\">\n<div class=\"wp-block-column is-layout-flow wp-block-column-is-layout-flow\" style=\"flex-basis:33.33%\">\n<p><strong><strong>Raps\u00f6l<\/strong><\/strong><\/p>\n<\/div>\n\n\n\n<div class=\"wp-block-column is-layout-flow wp-block-column-is-layout-flow\" style=\"flex-basis:66.66%\">\n<p><strong>Raps\u00f6l<\/strong> wirkt positiv auf unsere Haut ein. Es spendet Feuchtigkeit und ist r\u00fcckfettend. Die enthaltenen Antioxidantien wehren oxidativen Stress ab und mindern so erste F\u00e4ltchen. Daher ist das \u00d6l Bestandteil vieler Anti-Aging-Produkte. Da es die Zellteilung anregt und generierend wirkt, ist es auch eine beliebte Zutat in Narbencremes und Narbengels.<\/p>\n\n\n\n<p>Aufgrund seiner Inhaltsstoffe wirkt Raps\u00f6l langsam einziehend, feuchtigkeitsspendend, r\u00fcckfettend, zellgenerierend, regenerierend sowie entz\u00fcndungshemmend. Ausserdem unterst\u00fctzt es die Barrierefunktion der Haut und regt die Zellteilung an.<\/p>\n<\/div>\n<\/div>\n","protected":false},"excerpt":{"rendered":"<p>Der gr\u00f6sste Pflanzenanteil dieser Salbe beinhaltet Efeu. Daneben kommt noch je ein kleiner Teil von G\u00e4nsebl\u00fcmchen, Holunderbl\u00fcten, Brennnessel und Goldmelisse vor. Pflanze positive Eigenschaften Efeu Efeu wird gegen Cellulite, schlecht heilende Wunden, Geschw\u00fcren, Gicht, Rheuma, Ischiasbeschwerden, Venenentz\u00fcndungen, Nervenschmerzen und Schmerzen angewendet. Ausserdem entzieht Efeu dem K\u00f6rper Wasser. G\u00e4nsebl\u00fcmchen G\u00e4nsebl\u00fcmchen lindern \u00e4usserlich angewendet Hautunreinheiten, Hautausschl\u00e4ge, Ekzeme, [&hellip;]<\/p>\n","protected":false},"author":1,"featured_media":0,"parent":0,"menu_order":0,"comment_status":"closed","ping_status":"closed","template":"","meta":{"footnotes":""},"class_list":["post-278","page","type-page","status-publish","hentry"],"_links":{"self":[{"href":"https:\/\/druidicus.ch\/index.php?rest_route=\/wp\/v2\/pages\/278","targetHints":{"allow":["GET"]}}],"collection":[{"href":"https:\/\/druidicus.ch\/index.php?rest_route=\/wp\/v2\/pages"}],"about":[{"href":"https:\/\/druidicus.ch\/index.php?rest_route=\/wp\/v2\/types\/page"}],"author":[{"embeddable":true,"href":"https:\/\/druidicus.ch\/index.php?rest_route=\/wp\/v2\/users\/1"}],"replies":[{"embeddable":true,"href":"https:\/\/druidicus.ch\/index.php?rest_route=%2Fwp%2Fv2%2Fcomments&post=278"}],"version-history":[{"count":5,"href":"https:\/\/druidicus.ch\/index.php?rest_route=\/wp\/v2\/pages\/278\/revisions"}],"predecessor-version":[{"id":307,"href":"https:\/\/druidicus.ch\/index.php?rest_route=\/wp\/v2\/pages\/278\/revisions\/307"}],"wp:attachment":[{"href":"https:\/\/druidicus.ch\/index.php?rest_route=%2Fwp%2Fv2%2Fmedia&parent=278"}],"curies":[{"name":"wp","href":"https:\/\/api.w.org\/{rel}","templated":true}]}}