{"id":269,"date":"2025-09-27T07:51:19","date_gmt":"2025-09-27T07:51:19","guid":{"rendered":"https:\/\/druidicus.ch\/?page_id=269"},"modified":"2026-01-13T18:42:44","modified_gmt":"2026-01-13T18:42:44","slug":"aktuelle-saubi-liste","status":"publish","type":"page","link":"https:\/\/druidicus.ch\/?page_id=269","title":{"rendered":"Aktuelle Saubi-Liste"},"content":{"rendered":"\n<div class=\"wp-block-group alignfull has-global-padding is-layout-constrained wp-container-core-group-is-layout-490fa1db wp-block-group-is-layout-constrained\" style=\"padding-top:var(--wp--preset--spacing--50);padding-right:var(--wp--preset--spacing--50);padding-bottom:var(--wp--preset--spacing--50);padding-left:var(--wp--preset--spacing--50)\">\n<div class=\"wp-block-group has-global-padding is-layout-constrained wp-container-core-group-is-layout-650790e1 wp-block-group-is-layout-constrained\">\n<h1 class=\"wp-block-heading has-text-align-center has-x-large-font-size\">Salben aus nat\u00fcrlichen Produkten<\/h1>\n\n\n\n<div style=\"height:1.25rem\" aria-hidden=\"true\" class=\"wp-block-spacer\"><\/div>\n\n\n\n<p class=\"has-text-align-left\">Wir verwenden auch hier nur die drei Produkte: die entsprechenden Kr\u00e4uter, Pflanzen\u00f6le und Bienenwachs.<\/p>\n\n\n\n<p>Inzwischen haben wir bereits einige Salben entwickelt und f\u00fcr dich bereit.<\/p>\n\n\n\n<div style=\"height:1.25rem\" aria-hidden=\"true\" class=\"wp-block-spacer\"><\/div>\n\n\n\n<div class=\"wp-block-buttons is-content-justification-center is-layout-flex wp-container-core-buttons-is-layout-a89b3969 wp-block-buttons-is-layout-flex\"><\/div>\n<\/div>\n\n\n\n<div style=\"height:var(--wp--preset--spacing--30)\" aria-hidden=\"true\" class=\"wp-block-spacer\"><\/div>\n\n\n\n<figure class=\"wp-block-gallery alignwide has-nested-images columns-default is-cropped wp-block-gallery-3 is-layout-flex wp-block-gallery-is-layout-flex\">\n<figure class=\"wp-block-image size-full is-style-rounded wp-duotone-unset-2 is-style-rounded--1\"><img loading=\"lazy\" decoding=\"async\" width=\"886\" height=\"1178\" data-id=\"12\" src=\"https:\/\/druidicus.ch\/wp-content\/uploads\/2023\/12\/IMG-20231120-WA0010_1.jpg\" alt=\"\" class=\"wp-image-12\" srcset=\"https:\/\/druidicus.ch\/wp-content\/uploads\/2023\/12\/IMG-20231120-WA0010_1.jpg 886w, https:\/\/druidicus.ch\/wp-content\/uploads\/2023\/12\/IMG-20231120-WA0010_1-226x300.jpg 226w, https:\/\/druidicus.ch\/wp-content\/uploads\/2023\/12\/IMG-20231120-WA0010_1-770x1024.jpg 770w, https:\/\/druidicus.ch\/wp-content\/uploads\/2023\/12\/IMG-20231120-WA0010_1-768x1021.jpg 768w\" sizes=\"auto, (max-width: 886px) 100vw, 886px\" \/><\/figure>\n<\/figure>\n<\/div>\n\n\n\n<div class=\"wp-block-group alignfull has-base-2-background-color has-background has-global-padding is-layout-constrained wp-container-core-group-is-layout-669513ed wp-block-group-is-layout-constrained\" style=\"margin-top:0;margin-bottom:0;padding-top:var(--wp--preset--spacing--50);padding-right:var(--wp--preset--spacing--50);padding-bottom:var(--wp--preset--spacing--50);padding-left:var(--wp--preset--spacing--50)\">\n<div class=\"wp-block-group is-vertical is-content-justification-center is-layout-flex wp-container-core-group-is-layout-52b864f0 wp-block-group-is-layout-flex\">\n<h2 class=\"wp-block-heading has-text-align-center is-style-asterisk\">Salben aus nat\u00fcrlichen Stoffen<\/h2>\n\n\n\n<div style=\"height:0px\" aria-hidden=\"true\" class=\"wp-block-spacer wp-container-content-4f2ccadb\"><\/div>\n\n\n\n<p class=\"has-text-align-center\">Kr\u00e4uter haben nicht nur innerlich als Sirup oder Tee gute Wirkungen f\u00fcr uns, sondern auch \u00e4usserlich als Salben. Wir verwenden auch hier nur die drei Produkte: die entsprechenden Kr\u00e4uter, Pflanzen\u00f6le und Bienenwachs.<\/p>\n\n\n\n<p class=\"has-text-align-center\">Inzwischen haben wir bereits einige Salben entwickelt und f\u00fcr dich bereit.<\/p>\n<\/div>\n\n\n\n<div style=\"margin-top:0;margin-bottom:0;height:var(--wp--preset--spacing--40)\" aria-hidden=\"true\" class=\"wp-block-spacer\"><\/div>\n\n\n\n<div class=\"wp-block-columns alignwide is-layout-flex wp-container-core-columns-is-layout-d0bbbce0 wp-block-columns-is-layout-flex\">\n<div class=\"wp-block-column is-layout-flow wp-container-core-column-is-layout-e3d1c41b wp-block-column-is-layout-flow\">\n<h3 class=\"wp-block-heading has-text-align-left is-style-asterisk has-body-font-family has-medium-font-size\" style=\"font-style:normal;font-weight:600\">G\u00e4nsebl\u00fcmchen<\/h3>\n\n\n\n<p class=\"has-text-align-left\">weitere Pflanzen: Holunderbl\u00fcten, Brennnessel, Goldmelisse<\/p>\n\n\n\n<p>Pflanzen\u00f6le: Sonnenblumen- und Raps\u00f6l<\/p>\n\n\n\n<p><a href=\"https:\/\/druidicus.ch\/?page_id=271\" data-type=\"page\" data-id=\"271\">mehr Informationen<\/a><\/p>\n<\/div>\n\n\n\n<div class=\"wp-block-column is-layout-flow wp-container-core-column-is-layout-e3d1c41b wp-block-column-is-layout-flow\">\n<h3 class=\"wp-block-heading has-text-align-left is-style-asterisk has-body-font-family has-medium-font-size\" style=\"font-style:normal;font-weight:600\">Efeu<\/h3>\n\n\n\n<p class=\"has-text-align-left\">weiter Pflanzen: G\u00e4nsebl\u00fcmchen, Holunderbl\u00fcten, Brennnessel, Goldmelisse<\/p>\n\n\n\n<p>Pflanzen\u00f6le: Sonnenblumen- und Raps\u00f6l<\/p>\n\n\n\n<p><a href=\"https:\/\/druidicus.ch\/?page_id=278\" data-type=\"page\" data-id=\"278\">mehr Informationen<\/a><\/p>\n<\/div>\n\n\n\n<div class=\"wp-block-column is-layout-flow wp-container-core-column-is-layout-e3d1c41b wp-block-column-is-layout-flow\">\n<h3 class=\"wp-block-heading has-text-align-left is-style-asterisk has-body-font-family has-medium-font-size\" style=\"font-style:normal;font-weight:600\">Spitzwegerich<\/h3>\n\n\n\n<p class=\"has-text-align-left\">weitere Pflanzen: Schl\u00fcsselblume, Efeu, Brennnessel, Goldmelisse<\/p>\n\n\n\n<p>Pflanzen\u00f6le: Sonnenblumen-und Raps\u00f6l<\/p>\n\n\n\n<p><a href=\"https:\/\/druidicus.ch\/?page_id=281\" data-type=\"page\" data-id=\"281\">mehr Informationen<\/a><\/p>\n<\/div>\n<\/div>\n\n\n\n<div style=\"height:var(--wp--preset--spacing--20)\" aria-hidden=\"true\" class=\"wp-block-spacer\"><\/div>\n\n\n\n<div class=\"wp-block-columns alignwide is-layout-flex wp-container-core-columns-is-layout-d0bbbce0 wp-block-columns-is-layout-flex\">\n<div class=\"wp-block-column is-layout-flow wp-container-core-column-is-layout-e3d1c41b wp-block-column-is-layout-flow\">\n<h3 class=\"wp-block-heading has-text-align-left is-style-asterisk has-body-font-family has-medium-font-size\" style=\"font-style:normal;font-weight:600\">Misteln<\/h3>\n\n\n\n<p class=\"has-text-align-left\">weitere Pflanzen: Schl\u00fcsselblume, Indianernessel, Goldmelisse<\/p>\n\n\n\n<p>Pflanzen\u00f6l: Hanfnuss\u00f6l<\/p>\n\n\n\n<p><a href=\"https:\/\/druidicus.ch\/?page_id=284\" data-type=\"page\" data-id=\"284\">mehr Informationen<\/a><\/p>\n<\/div>\n\n\n\n<div class=\"wp-block-column is-layout-flow wp-container-core-column-is-layout-e3d1c41b wp-block-column-is-layout-flow\">\n<h3 class=\"wp-block-heading has-text-align-left is-style-asterisk has-body-font-family has-medium-font-size\" style=\"font-style:normal;font-weight:600\">Schwarzk\u00fcmmel\u00f6l<\/h3>\n\n\n\n<p class=\"has-text-align-left\">Pflanzen\u00f6l: Traubenkern\u00f6l<\/p>\n<\/div>\n\n\n\n<div class=\"wp-block-column is-layout-flow wp-container-core-column-is-layout-e3d1c41b wp-block-column-is-layout-flow\">\n<h3 class=\"wp-block-heading has-text-align-left is-style-asterisk has-body-font-family has-medium-font-size\" style=\"font-style:normal;font-weight:600\">Bachkresse<\/h3>\n\n\n\n<p class=\"has-text-align-left\">Pflanzen\u00f6l: Distel\u00f6l<\/p>\n<\/div>\n<\/div>\n<\/div>\n\n\n\n<div class=\"wp-block-group alignfull has-global-padding is-layout-constrained wp-container-core-group-is-layout-d89aad35 wp-block-group-is-layout-constrained\" style=\"margin-top:0;margin-bottom:0;padding-top:var(--wp--preset--spacing--50);padding-right:var(--wp--preset--spacing--50);padding-bottom:var(--wp--preset--spacing--50);padding-left:var(--wp--preset--spacing--50)\">\n<div class=\"wp-block-group alignwide has-global-padding is-layout-constrained wp-container-core-group-is-layout-19e250f3 wp-block-group-is-layout-constrained\">\n<div class=\"wp-block-group is-vertical is-content-justification-center is-layout-flex wp-container-core-group-is-layout-6329a8f3 wp-block-group-is-layout-flex\">\n<h2 class=\"wp-block-heading has-text-align-center is-style-asterisk\">Ressourcen<\/h2>\n\n\n\n<p class=\"has-text-align-center\">Wir sammeln die Kr\u00e4uter in der Gegend und W\u00e4ldern rund um Willisau. <\/p>\n\n\n\n<p class=\"has-text-align-center\">Den Bienenwachs erhalten wir von der Imkerei Wabengl\u00fcck aus Uffikon. Sie produzieren naturbelassenen Bienenhonig.<\/p>\n\n\n\n<p class=\"has-text-align-center\">Die Pflanzen\u00f6le erhalten wir mehrheitlich von der M\u00fchle Briseck aus Zell (LU). <\/p>\n<\/div>\n\n\n\n<div style=\"height:var(--wp--preset--spacing--40)\" aria-hidden=\"true\" class=\"wp-block-spacer\"><\/div>\n<\/div>\n<\/div>\n\n\n\n<div class=\"wp-block-group alignfull has-base-color has-contrast-background-color has-text-color has-background has-global-padding is-layout-constrained wp-container-core-group-is-layout-ef3d885c wp-block-group-is-layout-constrained\" style=\"margin-top:0;margin-bottom:0;padding-top:var(--wp--preset--spacing--60);padding-right:var(--wp--preset--spacing--60);padding-bottom:var(--wp--preset--spacing--60);padding-left:var(--wp--preset--spacing--60)\">\n<div class=\"wp-block-group has-global-padding is-layout-constrained wp-block-group-is-layout-constrained\">\n<p class=\"has-text-align-center has-base-color has-text-color has-heading-font-family has-x-large-font-size\" style=\"line-height:1.2\"><em>\u00abSalben sind dann nat\u00fcrlich und gut, wenn man sie auch essen k\u00f6nnte.\u00bb<\/em><\/p>\n\n\n\n<div style=\"height:var(--wp--preset--spacing--10)\" aria-hidden=\"true\" class=\"wp-block-spacer\"><\/div>\n\n\n\n<div class=\"wp-block-group is-vertical is-content-justification-center is-nowrap is-layout-flex wp-container-core-group-is-layout-2dc08cea wp-block-group-is-layout-flex\">\n\n\n<p class=\"has-text-align-center has-contrast-3-color has-text-color has-small-font-size\" style=\"font-style:normal;font-weight:300\"><\/p>\n<\/div>\n<\/div>\n<\/div>\n","protected":false},"excerpt":{"rendered":"<p>Salben aus nat\u00fcrlichen Produkten Wir verwenden auch hier nur die drei Produkte: die entsprechenden Kr\u00e4uter, Pflanzen\u00f6le und Bienenwachs. Inzwischen haben wir bereits einige Salben entwickelt und f\u00fcr dich bereit. Salben aus nat\u00fcrlichen Stoffen Kr\u00e4uter haben nicht nur innerlich als Sirup oder Tee gute Wirkungen f\u00fcr uns, sondern auch \u00e4usserlich als Salben. Wir verwenden auch hier [&hellip;]<\/p>\n","protected":false},"author":1,"featured_media":0,"parent":0,"menu_order":0,"comment_status":"closed","ping_status":"closed","template":"","meta":{"footnotes":""},"class_list":["post-269","page","type-page","status-publish","hentry"],"_links":{"self":[{"href":"https:\/\/druidicus.ch\/index.php?rest_route=\/wp\/v2\/pages\/269","targetHints":{"allow":["GET"]}}],"collection":[{"href":"https:\/\/druidicus.ch\/index.php?rest_route=\/wp\/v2\/pages"}],"about":[{"href":"https:\/\/druidicus.ch\/index.php?rest_route=\/wp\/v2\/types\/page"}],"author":[{"embeddable":true,"href":"https:\/\/druidicus.ch\/index.php?rest_route=\/wp\/v2\/users\/1"}],"replies":[{"embeddable":true,"href":"https:\/\/druidicus.ch\/index.php?rest_route=%2Fwp%2Fv2%2Fcomments&post=269"}],"version-history":[{"count":5,"href":"https:\/\/druidicus.ch\/index.php?rest_route=\/wp\/v2\/pages\/269\/revisions"}],"predecessor-version":[{"id":309,"href":"https:\/\/druidicus.ch\/index.php?rest_route=\/wp\/v2\/pages\/269\/revisions\/309"}],"wp:attachment":[{"href":"https:\/\/druidicus.ch\/index.php?rest_route=%2Fwp%2Fv2%2Fmedia&parent=269"}],"curies":[{"name":"wp","href":"https:\/\/api.w.org\/{rel}","templated":true}]}}