{"id":244,"date":"2024-10-25T17:51:30","date_gmt":"2024-10-25T17:51:30","guid":{"rendered":"https:\/\/druidicus.ch\/?page_id=244"},"modified":"2024-10-25T17:51:30","modified_gmt":"2024-10-25T17:51:30","slug":"tsirup-weidenrinde-senf","status":"publish","type":"page","link":"https:\/\/druidicus.ch\/?page_id=244","title":{"rendered":"TSirup Weidenrinde Senf"},"content":{"rendered":"\n<div class=\"wp-block-group alignfull has-accent-2-background-color has-background has-global-padding is-layout-constrained wp-container-core-group-is-layout-669513ed wp-block-group-is-layout-constrained\" style=\"margin-top:0;margin-bottom:0;padding-top:var(--wp--preset--spacing--50);padding-right:var(--wp--preset--spacing--50);padding-bottom:var(--wp--preset--spacing--50);padding-left:var(--wp--preset--spacing--50)\">\n<div class=\"wp-block-columns alignwide is-layout-flex wp-container-core-columns-is-layout-28f84493 wp-block-columns-is-layout-flex\">\n<div class=\"wp-block-column is-layout-flow wp-block-column-is-layout-flow\" style=\"flex-basis:40%\">\n<p class=\"has-large-font-size wp-container-content-0733e5d0\"><strong>Inhaltsstoffe<\/strong><\/p>\n<\/div>\n\n\n\n<div class=\"wp-block-column is-layout-flow wp-block-column-is-layout-flow\" style=\"flex-basis:60%\">\n<p class=\"has-heading-font-family has-medium-font-size\" style=\"line-height:1.2\">50 % Wasser<\/p>\n\n\n\n<p>38.5 % Zucker<\/p>\n\n\n\n<p>5 % Zitronens\u00e4ure<\/p>\n\n\n\n<p>4 % Weidenrinde<\/p>\n\n\n\n<p>4 % Senf<\/p>\n\n\n\n<p>0.002 % Duftveilchen<\/p>\n\n\n\n<p>0.001 % Salz<\/p>\n\n\n\n<p>Die F\u00e4rbung entsteht durch Duftveilchen<\/p>\n<\/div>\n<\/div>\n\n\n\n<div class=\"wp-block-columns alignwide is-layout-flex wp-container-core-columns-is-layout-28f84493 wp-block-columns-is-layout-flex\">\n<div class=\"wp-block-column is-layout-flow wp-block-column-is-layout-flow\" style=\"flex-basis:40%\">\n<p class=\"has-large-font-size wp-container-content-0733e5d0\"><strong>Preis<\/strong><\/p>\n<\/div>\n\n\n\n<div class=\"wp-block-column is-layout-flow wp-block-column-is-layout-flow\" style=\"flex-basis:60%\">\n<div class=\"wp-block-columns is-layout-flex wp-container-core-columns-is-layout-28f84493 wp-block-columns-is-layout-flex\">\n<div class=\"wp-block-column is-layout-flow wp-block-column-is-layout-flow\">\n<p>0.5 Liter<\/p>\n<\/div>\n\n\n\n<div class=\"wp-block-column is-layout-flow wp-block-column-is-layout-flow\">\n<p>CHF 15.00<\/p>\n<\/div>\n<\/div>\n\n\n\n<div class=\"wp-block-columns is-layout-flex wp-container-core-columns-is-layout-28f84493 wp-block-columns-is-layout-flex\">\n<div class=\"wp-block-column is-layout-flow wp-block-column-is-layout-flow\">\n<p>1 Liter<\/p>\n<\/div>\n\n\n\n<div class=\"wp-block-column is-layout-flow wp-block-column-is-layout-flow\">\n<p>CHF 24.00<\/p>\n<\/div>\n<\/div>\n<\/div>\n<\/div>\n\n\n\n<div style=\"height:var(--wp--preset--spacing--40)\" aria-hidden=\"true\" class=\"wp-block-spacer\"><\/div>\n\n\n\n<figure class=\"wp-block-gallery alignwide has-nested-images columns-default is-cropped wp-block-gallery-2 is-layout-flex wp-block-gallery-is-layout-flex\">\n<figure class=\"wp-block-image size-large is-style-rounded wp-duotone-duotone-2 is-style-rounded--1\"><img loading=\"lazy\" decoding=\"async\" width=\"1024\" height=\"997\" data-id=\"245\" src=\"https:\/\/druidicus.ch\/wp-content\/uploads\/2024\/10\/IMG-20240311-WA0006_sw_2-1024x997.jpg\" alt=\"\" class=\"wp-image-245\" srcset=\"https:\/\/druidicus.ch\/wp-content\/uploads\/2024\/10\/IMG-20240311-WA0006_sw_2-1024x997.jpg 1024w, https:\/\/druidicus.ch\/wp-content\/uploads\/2024\/10\/IMG-20240311-WA0006_sw_2-300x292.jpg 300w, https:\/\/druidicus.ch\/wp-content\/uploads\/2024\/10\/IMG-20240311-WA0006_sw_2-768x748.jpg 768w, https:\/\/druidicus.ch\/wp-content\/uploads\/2024\/10\/IMG-20240311-WA0006_sw_2.jpg 1440w\" sizes=\"auto, (max-width: 1024px) 100vw, 1024px\" \/><\/figure>\n<\/figure>\n<\/div>\n\n\n\n<div class=\"wp-block-group alignfull has-base-background-color has-background has-global-padding is-layout-constrained wp-container-core-group-is-layout-d89aad35 wp-block-group-is-layout-constrained\" style=\"margin-top:0;margin-bottom:0;padding-top:var(--wp--preset--spacing--50);padding-right:var(--wp--preset--spacing--50);padding-bottom:var(--wp--preset--spacing--50);padding-left:var(--wp--preset--spacing--50)\">\n<div class=\"wp-block-columns alignwide is-layout-flex wp-container-core-columns-is-layout-549b0c86 wp-block-columns-is-layout-flex\">\n<div class=\"wp-block-column has-global-padding is-content-justification-left is-layout-constrained wp-container-core-column-is-layout-4f15e8fe wp-block-column-is-layout-constrained\" style=\"flex-basis:40%\">\n<p class=\"has-heading-font-family has-large-font-size\"><strong>positive Eigenschaften<\/strong><\/p>\n<\/div>\n\n\n\n<div class=\"wp-block-column is-layout-flow wp-container-core-column-is-layout-119bc444 wp-block-column-is-layout-flow\" style=\"flex-basis:60%\">\n<p class=\"has-heading-font-family has-medium-font-size\" style=\"line-height:1.2\">antibakteriell, antioxidativ (Schutz vor den unerw\u00fcnschten Reaktionen von Sauerstoff), antithrombotisch, antirheumatisch, antikarzinogen, blutreinigend, entz\u00fcndungshemmend, entw\u00e4ssernd, desinfizierend, schmerzstillend, harns\u00e4ureausscheidend, schweisstreibend, anregend, fungizid, krampfl\u00f6send, schleiml\u00f6send, schmerzstillend, verdauungsf\u00f6rdernd, gallenanregend, durchblutungsf\u00f6rdernd<\/p>\n\n\n\n<div class=\"wp-block-columns is-layout-flex wp-container-core-columns-is-layout-87beb0d0 wp-block-columns-is-layout-flex\">\n<div class=\"wp-block-column is-layout-flow wp-block-column-is-layout-flow\">\n<p class=\"has-heading-font-family has-medium-font-size wp-container-content-9cfa9a5a\">Die Weide ist ein uraltes und bis heute gebr\u00e4uchliches Fiebermittel, das vor allem bei grippalen Erkrankungen mit Fieber, Grippe, Kopf- und Gliederschmerzen sowie Migr\u00e4ne eingeestzt wird. Ausserdem wirkt die Weidenrinde bei Magen-Darmbeschwerden, Durchfall, Blasenentz\u00fcndung, chronischen Beschwerden und Entz\u00fcndungen, Rheuma, rheumatischen Schmerzen, degenerativen Gelenkserkrankungen, Knie- und H\u00fcftgelenkarthrose, Gicht (harns\u00e4ureausscheidend), neuralgischen Schmerzen, Zahn-, Wund- und Muskelschmerzen und chronischen R\u00fcckenschmerzen. Bei fieberhaften und schmerzhaften Krankheitsbildern, die durch K\u00e4lte und N\u00e4sse ausgel\u00f6st sind &#8211; die typischen Standortbedingungen der Weiden &#8211;  hilft die Weide besonders zuverl\u00e4ssig.<\/p>\n\n\n\n<p class=\"has-heading-font-family has-medium-font-size\">Bereits in der Antike setzten Heilkundige die Weidenrinde gegen Fieber und Schmerzen ein.\u00a01828 isolierte man den zugeh\u00f6rigen Wirkstoff aus der Rinde: das Salicin, ein nat\u00fcrliches Schmerzmittel. Zehn Jahre sp\u00e4ter stellten Chemiker daraus die Salicyls\u00e4ure her, die damals bereits als schmerzlinderndes Mittel zum Einsatz kam und die heute eines der bekanntesten Schmerzmittel darstellt.<\/p>\n\n\n\n<p class=\"has-heading-font-family has-medium-font-size\">Dank der in ihr enthaltenen Salicylate wirkt Weidenrinde schmerzlindernd, fiebersenkend und entz\u00fcndungshemmend. Deshalb findet sie medizinische Anwendung bei leichten R\u00fcckenschmerzen, fiebrigen Erk\u00e4ltungen und Kopfschmerzen. Weidenrinde wird daher oft als das \u201epflanzliche Aspirin<sup>\u00ae<\/sup>\u201c bezeichnet.<\/p>\n\n\n\n<p class=\"has-heading-font-family has-medium-font-size\">Diese Salicyls\u00e4ure aus Weidenrinde diente als Vorlage f\u00fcr die k\u00fcnstlich hergestellte Acetylsalicyls\u00e4ure (ASS), die zur Gruppe der so genannten nicht steroidalen (bedeutet: es handelt sich nicht um Cortison) Antirheumatika \u2013 kurz: NSAR \u2013 geh\u00f6rt. Als pflanzliche Arzneiquelle dient auch heute noch die Rinde. Sie enth\u00e4lt bis zu 11 Prozent sogenannte Salicylate. Zu dieser Wirkstoffgruppe geh\u00f6ren die Substanzen Salicin und Salicortin. Zus\u00e4tzlich findet man in der Rinde reichlich Gerbstoffe, Pflanzens\u00e4uren und die gesundheitsf\u00f6rdernden Flavonoide wie Isoquercitrin, Kaempferol und Quercetin, die u. a. antioxidativ, entz\u00fcndungshemmend und krebsvorbeugend wirken. Die Gerbstoffe (Procyanidine) sorgen nicht nur f\u00fcr den bitteren Geschmack der Weidenrinde, sondern haben ausserdem eine antimikrobielle Wirkung, da sie Bakterien (z. B. auf der Schleimhaut) den N\u00e4hrboden entziehen.<\/p>\n\n\n\n<p class=\"has-heading-font-family has-medium-font-size\">Ein breites Anwendungsgebiet der Weidenrinde sind Rheuma- und Gelenkerkrankungen (Arthrose). Bei diesen Erkrankungen kommt es zu Ablagerungen, Schleimansammlungen und Verquellungen im Bereich von Gelenkstrukturen, St\u00fctz- und Bindegeweben, was mit Einschr\u00e4nkungen der Beweglichkeit und der Elastizit\u00e4t einhergeht. Die Weide stellt f\u00fcr diese Krankheitsbilder jene Kr\u00e4fte zur Verf\u00fcgung, die sie aus dem fliessenden Element in der \u00e4usseren Natur aufnimmt und mit denen die meisten Weidenarten ihre Zweige schmiegsam und beweglich erhalten.<\/p>\n\n\n\n<p class=\"has-heading-font-family has-medium-font-size\">Ein weiteres wichtiges Einsatzgebiet der Weidenrinde sind Darmerkrankungen, wozu sie ebenfalls schon im Altertum, wie z. B. in Babylonien und Griechenland, verwendet wurde. Weiden sind in der \u00e4usseren Natur lebendige Vermittler zwischen fl\u00fcssig und fest. Im menschlichen Organisums entwickeln Weiden diese ausgleichende, vermittelnde F\u00e4higkeit im Umgang mit dem fl\u00fcssig-festen Darminhalt. <\/p>\n\n\n\n<p class=\"has-heading-font-family has-medium-font-size\">Weiter wirkt die Weidenrinde positiv auf das Herzkreislaufsystem und beugt effektiv Arterienverkalkung, Herzinfarkt und Schlaganfall vor. Weidenrinde enth\u00e4lt zum einen Antioxidanten, die jene freien Radikalen reduzieren, welche f\u00fcr die Startreaktion der Arterosklerose verantwortlich gemacht werden, zum anderen hemmt die Weidenrinde die Verklumpung der Blutpl\u00e4ttchen (Thrombose) ohne blutverd\u00fcnnend zu wirken. Dies ist darauf zur\u00fcckzuf\u00fchren, dass das nat\u00fcrliche Salicin der Weidenrinde keine aggregationshemmenden und damit die Blutgerinnung hemmenden Eigenschaften hat.<\/p>\n<\/div>\n\n\n\n<div class=\"wp-block-column is-layout-flow wp-block-column-is-layout-flow\">\n<p class=\"has-heading-font-family has-medium-font-size\">Senf wird schon seit Menschengedenken als Gew\u00fcrzpflanze benutzt. Der Einsatz der scharfen K\u00f6rner ist im Mittelmeerraum und auch in Asien bekannt und beliebt.<\/p>\n\n\n\n<p class=\"has-heading-font-family has-medium-font-size\">In Mitteleuropa wird der Senf unter anderem schon 1543 von Leonard Fuchs beschrieben und gegen Epilepsie, geschwollene Milz und langwierige Gebrechen empfohlen.<\/p>\n\n\n\n<p class=\"has-heading-font-family has-medium-font-size\">Senf regt die Verdauung an und hilft so Nahrung zu verdauen. Ausserdem hilft Senf gegen Bl\u00e4hungen und Verstopfungen. Durch die Sch\u00e4rfe der Senf\u00f6lglycoside und der \u00e4therischen \u00d6le kann Senf ausserdem die Atemwege befreien. Weiter k\u00f6nnen Senf\u00f6lglykoside, Sulforaphan und Gluccsinolate die Zellen vor krebserregenden freien Radikalen sch\u00fctzen und so das Risiko an Tumor- und Krebserkrankungen senken. Ausserdem hemmen sie das Tumor- und Krebswachstum sowie die Metastasierung um 50 Prozent. Das gilt vor allem bei Bauchspeicheldr\u00fcsenkrebs und Prostatakrebs. Dar\u00fcber hinaus wirkt Senf keimt\u00f6tend gegen Helicobacter pylori (Magengeschw\u00fcrverursacher) sowie gegen antibiotikaresistente Bakterienst\u00e4mme und Krankenhauskeime (MRSA). <\/p>\n\n\n\n<p class=\"has-heading-font-family has-medium-font-size\">Senf wird haupts\u00e4chlich bei Verdauungsschw\u00e4che, Rheuma, Gicht, Arthrose, Hexenschuss, Ischiasbewschwerden, Kreuzschmerzen, R\u00fcckenschmerzen, chronischen Schmerzen, Nervenentz\u00fcndungen, Kreislaufschw\u00e4che und Durchblutungsst\u00f6rungen angewendet. Dar\u00fcber hinaus ist Senf bei Bronchitis, Erk\u00e4ltung, Gallenbeschwerden, Blasenentz\u00fcndung, Halsschmerzen, Nebenh\u00f6hlenentz\u00fcndung, Nierenkolik, \u00d6demen, Kopfschmerzen, Nervenentz\u00fcndung und niedrigem Blutdruck sehr hilfreich. In der traditionellen Medizin wird Senf bei Appetitlosigkeit, Bluterg\u00fcssen, Heuschnupfen und zur Besserung von L\u00e4hmungserscheinungen empfohlen.<\/p>\n\n\n\n<p class=\"has-heading-font-family has-medium-font-size\"><strong>Hinweis: <\/strong>Viele Menschen wenden die Weidenrinde bei akuten Schmerzen f\u00fcr einige Tage an, stufen sie daraufhin als wirkungslos ein und verzichten deshalb auf weitere Anwendungen. Dies ist darauf zur\u00fcckzuf\u00fchren, dass die Umwandlung von Salicin im K\u00f6rper langsam verl\u00e4uft und die Wirkung deshalb nicht so schnell einsetzt wie bei synthetischen Schmerzmitteln.<\/p>\n\n\n\n<p class=\"has-heading-font-family\">Da es nun etwa 14 Tage dauern kann, bis die Weidenrinde ihre volle Wirkkraft entfaltet, ist sie nicht zur Behandlung akuter Schmerzen geeignet, daf\u00fcr aber bei chronischen Schmerzen ein empfehlenswertes Mittel. Dazu kommt, dass die Wirkung l\u00e4nger anh\u00e4lt als bei herk\u00f6mmlichen Schmerztabletten und \u2013 wie bereits erl\u00e4utert \u2013 dem K\u00f6rper im Vergleich dazu keinen Schaden zuf\u00fcgt.<\/p>\n\n\n\n<p class=\"has-heading-font-family has-medium-font-size\"><strong>Hinweis:<\/strong> Wenn du \u00fcberempfindlich auf Acetylsalicyls\u00e4ure (ASS) reagierst, an Asthma, Magen-Darm-Geschw\u00fcren oder eingeschr\u00e4nkter Nieren- oder Leberfunktion leidest, solltest du Weidenrindenzubereitungen nur nach R\u00fccksprache mit deinem Arzt bzw. Heilpraktiker einnehmen. Dasselbe gilt, wie im \u00dcbrigen bei vielen anderen pflanzlichen Heilmitteln, auch f\u00fcr Schwangere, stillende M\u00fctter und Kinder unter 12 Jahren.<\/p>\n\n\n\n<p class=\"has-heading-font-family has-medium-font-size\">Vorsichtig sollte man bei einer \u00dcberempfindlichkeit bzw. Allergie gegen Salicyls\u00e4ure sein, insbesondere bei Blutungsneigung.<\/p>\n<\/div>\n<\/div>\n<\/div>\n<\/div>\n<\/div>\n","protected":false},"excerpt":{"rendered":"<p>Inhaltsstoffe 50 % Wasser 38.5 % Zucker 5 % Zitronens\u00e4ure 4 % Weidenrinde 4 % Senf 0.002 % Duftveilchen 0.001 % Salz Die F\u00e4rbung entsteht durch Duftveilchen Preis 0.5 Liter CHF 15.00 1 Liter CHF 24.00 positive Eigenschaften antibakteriell, antioxidativ (Schutz vor den unerw\u00fcnschten Reaktionen von Sauerstoff), antithrombotisch, antirheumatisch, antikarzinogen, blutreinigend, entz\u00fcndungshemmend, entw\u00e4ssernd, desinfizierend, schmerzstillend, [&hellip;]<\/p>\n","protected":false},"author":1,"featured_media":0,"parent":0,"menu_order":0,"comment_status":"closed","ping_status":"closed","template":"","meta":{"footnotes":""},"class_list":["post-244","page","type-page","status-publish","hentry"],"_links":{"self":[{"href":"https:\/\/druidicus.ch\/index.php?rest_route=\/wp\/v2\/pages\/244","targetHints":{"allow":["GET"]}}],"collection":[{"href":"https:\/\/druidicus.ch\/index.php?rest_route=\/wp\/v2\/pages"}],"about":[{"href":"https:\/\/druidicus.ch\/index.php?rest_route=\/wp\/v2\/types\/page"}],"author":[{"embeddable":true,"href":"https:\/\/druidicus.ch\/index.php?rest_route=\/wp\/v2\/users\/1"}],"replies":[{"embeddable":true,"href":"https:\/\/druidicus.ch\/index.php?rest_route=%2Fwp%2Fv2%2Fcomments&post=244"}],"version-history":[{"count":5,"href":"https:\/\/druidicus.ch\/index.php?rest_route=\/wp\/v2\/pages\/244\/revisions"}],"predecessor-version":[{"id":250,"href":"https:\/\/druidicus.ch\/index.php?rest_route=\/wp\/v2\/pages\/244\/revisions\/250"}],"wp:attachment":[{"href":"https:\/\/druidicus.ch\/index.php?rest_route=%2Fwp%2Fv2%2Fmedia&parent=244"}],"curies":[{"name":"wp","href":"https:\/\/api.w.org\/{rel}","templated":true}]}}