{"id":213,"date":"2024-09-11T15:31:28","date_gmt":"2024-09-11T15:31:28","guid":{"rendered":"https:\/\/druidicus.ch\/?page_id=213"},"modified":"2024-10-25T18:15:02","modified_gmt":"2024-10-25T18:15:02","slug":"tsirup-holunderbeeren","status":"publish","type":"page","link":"https:\/\/druidicus.ch\/?page_id=213","title":{"rendered":"TSirup Holunderbeeren"},"content":{"rendered":"\n<div class=\"wp-block-group alignfull has-accent-2-background-color has-background has-global-padding is-layout-constrained wp-container-core-group-is-layout-669513ed wp-block-group-is-layout-constrained\" style=\"margin-top:0;margin-bottom:0;padding-top:var(--wp--preset--spacing--50);padding-right:var(--wp--preset--spacing--50);padding-bottom:var(--wp--preset--spacing--50);padding-left:var(--wp--preset--spacing--50)\">\n<div class=\"wp-block-columns alignwide is-layout-flex wp-container-core-columns-is-layout-28f84493 wp-block-columns-is-layout-flex\">\n<div class=\"wp-block-column is-layout-flow wp-block-column-is-layout-flow\" style=\"flex-basis:40%\">\n<p class=\"has-large-font-size wp-container-content-0733e5d0\"><strong>Inhaltsstoffe<\/strong><\/p>\n<\/div>\n\n\n\n<div class=\"wp-block-column is-layout-flow wp-block-column-is-layout-flow\" style=\"flex-basis:60%\">\n<p class=\"has-heading-font-family has-medium-font-size\" style=\"line-height:1.2\">50 % Wasser<\/p>\n\n\n\n<p>38.5 % Zucker<\/p>\n\n\n\n<p>5 % Zitronens\u00e4ure<\/p>\n\n\n\n<p>8 % Holunderbeeren<\/p>\n\n\n\n<p>0.002 % Duftveilchen<\/p>\n\n\n\n<p>0.001 % Salz<\/p>\n<\/div>\n<\/div>\n\n\n\n<div style=\"height:var(--wp--preset--spacing--40)\" aria-hidden=\"true\" class=\"wp-block-spacer\"><\/div>\n\n\n\n<div class=\"wp-block-columns alignwide is-layout-flex wp-container-core-columns-is-layout-28f84493 wp-block-columns-is-layout-flex\">\n<div class=\"wp-block-column is-layout-flow wp-block-column-is-layout-flow\" style=\"flex-basis:40%\">\n<p class=\"has-large-font-size wp-container-content-0733e5d0\"><strong>Preis<\/strong><\/p>\n<\/div>\n\n\n\n<div class=\"wp-block-column has-medium-font-size is-layout-flow wp-block-column-is-layout-flow\" style=\"flex-basis:60%\">\n<p class=\"has-heading-font-family has-medium-font-size\" style=\"line-height:1.2\">0.5 Liter<\/p>\n<\/div>\n\n\n\n<div class=\"wp-block-column is-layout-flow wp-block-column-is-layout-flow\" style=\"flex-basis:60%\">\n<p class=\"has-heading-font-family has-medium-font-size\" style=\"line-height:1.2\">CHF 22.00<\/p>\n<\/div>\n<\/div>\n\n\n\n<figure class=\"wp-block-gallery alignwide has-nested-images columns-default is-cropped wp-block-gallery-3 is-layout-flex wp-block-gallery-is-layout-flex\">\n<figure class=\"wp-block-image size-full has-custom-border is-style-rounded wp-duotone-unset-2 is-style-rounded--1\"><img loading=\"lazy\" decoding=\"async\" width=\"1240\" height=\"1748\" data-id=\"215\" src=\"https:\/\/druidicus.ch\/wp-content\/uploads\/2024\/09\/Holunderbeeren-klein.png\" alt=\"TSirup Holunderbeeren\" class=\"wp-image-215\" style=\"border-style:none;border-width:0px\" srcset=\"https:\/\/druidicus.ch\/wp-content\/uploads\/2024\/09\/Holunderbeeren-klein.png 1240w, https:\/\/druidicus.ch\/wp-content\/uploads\/2024\/09\/Holunderbeeren-klein-213x300.png 213w, https:\/\/druidicus.ch\/wp-content\/uploads\/2024\/09\/Holunderbeeren-klein-726x1024.png 726w, https:\/\/druidicus.ch\/wp-content\/uploads\/2024\/09\/Holunderbeeren-klein-768x1083.png 768w, https:\/\/druidicus.ch\/wp-content\/uploads\/2024\/09\/Holunderbeeren-klein-1090x1536.png 1090w\" sizes=\"auto, (max-width: 1240px) 100vw, 1240px\" \/><\/figure>\n<\/figure>\n<\/div>\n\n\n\n<div class=\"wp-block-group alignfull has-base-background-color has-background has-global-padding is-layout-constrained wp-container-core-group-is-layout-d89aad35 wp-block-group-is-layout-constrained\" style=\"margin-top:0;margin-bottom:0;padding-top:var(--wp--preset--spacing--50);padding-right:var(--wp--preset--spacing--50);padding-bottom:var(--wp--preset--spacing--50);padding-left:var(--wp--preset--spacing--50)\">\n<div class=\"wp-block-columns alignwide is-layout-flex wp-container-core-columns-is-layout-549b0c86 wp-block-columns-is-layout-flex\">\n<div class=\"wp-block-column has-global-padding is-content-justification-left is-layout-constrained wp-container-core-column-is-layout-4f15e8fe wp-block-column-is-layout-constrained\" style=\"flex-basis:40%\">\n<p class=\"has-large-font-size\"><strong>positive Eigenschaften<\/strong><\/p>\n<\/div>\n\n\n\n<div class=\"wp-block-column is-layout-flow wp-container-core-column-is-layout-119bc444 wp-block-column-is-layout-flow\" style=\"flex-basis:60%\">\n<p class=\"has-heading-font-family has-medium-font-size\" style=\"line-height:1.2\">Holunderbeeren sind September und Oktober reif. Die dunkelroten Beeren sollten nicht roh gegessen werden, da die Samen der reifen Fr\u00fcchte sowie die unreifen gr\u00fcnen Fr\u00fcchte den Giftstoff Sambunigrin enthalten. Die Beeren sollten ebenfalls \u00fcber 80 \u00b0C erhitzt werden, damit die Giftstoffe entzogen werden k\u00f6nnen.<\/p>\n\n\n\n<p class=\"has-heading-font-family has-medium-font-size\">kreislaufanregend, blutreinigend, blutstillend, entz\u00fcndungshemmend, erweichend, harntreibend, krampfl\u00f6send, pilzt\u00f6tend, antiviral, antibakteriell, schleiml\u00f6send, schweisstreibend, prophylaktisch bei Erk\u00e4ltungen<\/p>\n\n\n\n<div class=\"wp-block-columns is-layout-flex wp-container-core-columns-is-layout-87beb0d0 wp-block-columns-is-layout-flex\">\n<div class=\"wp-block-column is-layout-flow wp-block-column-is-layout-flow\">\n<p class=\"has-heading-font-family has-medium-font-size\">Holunderbeeren k\u00f6nnen bei Magen-Darum-Entz\u00fcndungen, echter Grippe, Bl\u00e4hungen, Blasenbeschwereden, Diabetes Typ2 (Glukosestoffwechsel und Insulinsensitivit\u00e4t verbessern), Leberschw\u00e4che und zur F\u00f6rderung der Harnbildung angewendet werden. Sie sind bei Darmentz\u00fcndungen (Colitis), Ischiasbeschwerden, Zahnschmerzen, Herzschmerzen, Nervenscherzen, Harndrang mit geringem Harnabgang, als Antioxidans (Anthocyane) gegen freie Radikale zur Reduktion des Herzinfarktrisikos sowie bei diabetischer Stoffwechsellage zur Linderung oxidativer Vorg\u00e4nge im Blut sehr hilfreich.<\/p>\n\n\n\n<p class=\"has-heading-font-family has-medium-font-size wp-container-content-9cfa9a5a\">In Holunderbeeren sind viele positive Inhaltsstoffe enthalten: Mineralstoffe wie Kalium und Magnesium, Provitamin A, Vitamin C und B-Vitamine. Der in Beerenhaut und Saft gleichermassen vorhandene Farbstoff Sambucyanin ist ein wertvolles Flavonoid, das antioxidativ wirkt und Herz-Kreislauf- und Krebserkrankungen vorbeugen soll. <\/p>\n<\/div>\n\n\n\n<div class=\"wp-block-column is-layout-flow wp-block-column-is-layout-flow\">\n<p class=\"has-heading-font-family has-medium-font-size\">Weiter haben Holunderbeeren einen hohen Gehalt an Anthozyanen. Diese rotblauen bis violetten Pflanzenfarbstoffe sind antioxidative Radikalempf\u00e4nger und wirken \u00e4usserst zellsch\u00fctzend. Ausserdem hat sich die Pflanze bei Atemwegsinfekten, Verstopfung und Rheuma bew\u00e4hrt.<\/p>\n\n\n\n<p class=\"has-heading-font-family has-medium-font-size\">Man kann also Grippe und Erk\u00e4ltungen mit dem Sirup der Holunderbeere nicht nur vorbeugen, sondern sie auch, wenn sie bereits da sind, um etliche Tage verk\u00fcrzen.<\/p>\n\n\n\n<p class=\"has-heading-font-family has-medium-font-size\">Holunderbeeren hemmen das Wachstum krankmachender Bakterien (auch Streptococcus aureus, kurz MSRA) und verf\u00fcgen \u00fcber eine ausgesprochen hohe antivirale Wirkung gegen Herpes-Viren und Influenzaviren.<\/p>\n<\/div>\n<\/div>\n<\/div>\n<\/div>\n<\/div>\n","protected":false},"excerpt":{"rendered":"<p>Inhaltsstoffe 50 % Wasser 38.5 % Zucker 5 % Zitronens\u00e4ure 8 % Holunderbeeren 0.002 % Duftveilchen 0.001 % Salz Preis 0.5 Liter CHF 22.00 positive Eigenschaften Holunderbeeren sind September und Oktober reif. Die dunkelroten Beeren sollten nicht roh gegessen werden, da die Samen der reifen Fr\u00fcchte sowie die unreifen gr\u00fcnen Fr\u00fcchte den Giftstoff Sambunigrin enthalten. [&hellip;]<\/p>\n","protected":false},"author":1,"featured_media":0,"parent":0,"menu_order":0,"comment_status":"closed","ping_status":"closed","template":"","meta":{"footnotes":""},"class_list":["post-213","page","type-page","status-publish","hentry"],"_links":{"self":[{"href":"https:\/\/druidicus.ch\/index.php?rest_route=\/wp\/v2\/pages\/213","targetHints":{"allow":["GET"]}}],"collection":[{"href":"https:\/\/druidicus.ch\/index.php?rest_route=\/wp\/v2\/pages"}],"about":[{"href":"https:\/\/druidicus.ch\/index.php?rest_route=\/wp\/v2\/types\/page"}],"author":[{"embeddable":true,"href":"https:\/\/druidicus.ch\/index.php?rest_route=\/wp\/v2\/users\/1"}],"replies":[{"embeddable":true,"href":"https:\/\/druidicus.ch\/index.php?rest_route=%2Fwp%2Fv2%2Fcomments&post=213"}],"version-history":[{"count":5,"href":"https:\/\/druidicus.ch\/index.php?rest_route=\/wp\/v2\/pages\/213\/revisions"}],"predecessor-version":[{"id":256,"href":"https:\/\/druidicus.ch\/index.php?rest_route=\/wp\/v2\/pages\/213\/revisions\/256"}],"wp:attachment":[{"href":"https:\/\/druidicus.ch\/index.php?rest_route=%2Fwp%2Fv2%2Fmedia&parent=213"}],"curies":[{"name":"wp","href":"https:\/\/api.w.org\/{rel}","templated":true}]}}