{"id":173,"date":"2024-09-11T13:37:21","date_gmt":"2024-09-11T13:37:21","guid":{"rendered":"https:\/\/druidicus.ch\/?page_id=173"},"modified":"2024-10-25T09:19:55","modified_gmt":"2024-10-25T09:19:55","slug":"ueber-uns","status":"publish","type":"page","link":"https:\/\/druidicus.ch\/?page_id=173","title":{"rendered":"\u00dcber uns"},"content":{"rendered":"\n<div class=\"wp-block-group alignfull has-accent-background-color has-background has-global-padding is-layout-constrained wp-container-core-group-is-layout-669513ed wp-block-group-is-layout-constrained\" style=\"margin-top:0;margin-bottom:0;padding-top:var(--wp--preset--spacing--50);padding-right:var(--wp--preset--spacing--50);padding-bottom:var(--wp--preset--spacing--50);padding-left:var(--wp--preset--spacing--50)\">\n<div class=\"wp-block-columns alignwide is-layout-flex wp-container-core-columns-is-layout-1da03c2a wp-block-columns-is-layout-flex\">\n<div class=\"wp-block-column is-vertically-aligned-stretch is-layout-flow wp-block-column-is-layout-flow\" style=\"flex-basis:50%\">\n<p class=\"has-base-2-background-color has-background has-heading-font-family has-medium-font-size\" style=\"line-height:1.2\">Druidicus vereint das alte Wissen \u00fcber Kr\u00e4uter und Heilkunde mit der heutige Zeit.<\/p>\n\n\n\n<div class=\"wp-block-group is-vertical is-content-justification-stretch is-layout-flex wp-container-core-group-is-layout-444d5ee8 wp-block-group-is-layout-flex\" style=\"min-height:100%\">\n<p class=\"has-medium-font-size\">Im Verlaufe der letzten Jahrhunderte ist viel Wissen \u00fcber essbare, kosmetische, nutzbare und medizinische Pflanzen verloren gegangen. Viele Dokumentationen von unseren Vorfahren sind vernichtet worden. Wir versuchen hier, dieses Wissen wieder zu vereinen und allen zug\u00e4nglich zu machen. <\/p>\n\n\n\n<p class=\"has-medium-font-size\">Wir machen keine Heilversprechen, sind aber \u00fcberzeugt, dass unsere Pflanzen uns allen bei Krankheiten oder bei Heilung mitunterst\u00fctzen k\u00f6nnen. Bei uns stehen der Mensch und seine Bed\u00fcrfnisse im Vordergrund.<\/p>\n\n\n\n<p class=\"has-medium-font-size\">Ausserdem ist uns sehr wichtig, dass unsere Sirupe nicht nur gut wirken, sondern auch fein schmecken. Niemand nimmt gerne etwas zu sich, das zwar gut tut, aber grauslig zu trinken ist.<\/p>\n\n\n\n<div class=\"wp-block-group has-global-padding is-content-justification-left is-layout-constrained wp-container-core-group-is-layout-9fe8ed88 wp-block-group-is-layout-constrained\">\n<div class=\"wp-block-buttons is-layout-flex wp-block-buttons-is-layout-flex\">\n<div class=\"wp-block-button has-custom-width wp-block-button__width-75\" id=\"https:\/\/druidicus.ch\/?page_id=173\"><a class=\"wp-block-button__link wp-element-button\">\u00dcber uns<\/a><\/div>\n<\/div>\n<\/div>\n<\/div>\n<\/div>\n\n\n\n<div class=\"wp-block-column is-vertically-aligned-center is-layout-flow wp-block-column-is-layout-flow\" style=\"flex-basis:50%\">\n<p class=\"has-medium-font-size wp-container-content-0733e5d0\">\u00abN\u00fctzt&#8217;s nid, so schadet&#8217;s nid\u00bb &#8211; oder wie unser bayrischer Freund sagt: \u00abMacht nicht krank und ist nicht sch\u00e4dlich.\u00bb<\/p>\n\n\n\n<figure class=\"wp-block-image size-full is-style-rounded wp-duotone-unset-2 is-style-rounded--1\"><img loading=\"lazy\" decoding=\"async\" width=\"605\" height=\"884\" src=\"https:\/\/druidicus.ch\/wp-content\/uploads\/2023\/12\/drachenvogel.jpg\" alt=\"\" class=\"wp-image-16\" style=\"aspect-ratio:3\/4;object-fit:cover\" srcset=\"https:\/\/druidicus.ch\/wp-content\/uploads\/2023\/12\/drachenvogel.jpg 605w, https:\/\/druidicus.ch\/wp-content\/uploads\/2023\/12\/drachenvogel-205x300.jpg 205w\" sizes=\"auto, (max-width: 605px) 100vw, 605px\" \/><figcaption class=\"wp-element-caption\">Logo Druidicus<\/figcaption><\/figure>\n<\/div>\n<\/div>\n<\/div>\n\n\n\n<div class=\"wp-block-group alignfull has-base-background-color has-background has-global-padding is-layout-constrained wp-container-core-group-is-layout-d89aad35 wp-block-group-is-layout-constrained\" style=\"margin-top:0;margin-bottom:0;padding-top:var(--wp--preset--spacing--50);padding-right:var(--wp--preset--spacing--50);padding-bottom:var(--wp--preset--spacing--50);padding-left:var(--wp--preset--spacing--50)\">\n<div class=\"wp-block-columns alignwide is-layout-flex wp-container-core-columns-is-layout-549b0c86 wp-block-columns-is-layout-flex\">\n<div class=\"wp-block-column has-global-padding is-content-justification-left is-layout-constrained wp-container-core-column-is-layout-4f15e8fe wp-block-column-is-layout-constrained\" style=\"flex-basis:40%\">\n<p class=\"has-x-large-font-size\"><strong>Unsere \u00dcberzeugung<\/strong><\/p>\n<\/div>\n\n\n\n<div class=\"wp-block-column is-layout-flow wp-container-core-column-is-layout-119bc444 wp-block-column-is-layout-flow\" style=\"flex-basis:60%\">\n<p class=\"has-heading-font-family has-medium-font-size\" style=\"line-height:1.2\">Es gibt kein Unkraut. Jedes Kraut hat seine Berechtigung.<\/p>\n\n\n\n<div class=\"wp-block-columns is-layout-flex wp-container-core-columns-is-layout-87beb0d0 wp-block-columns-is-layout-flex\">\n<div class=\"wp-block-column is-layout-flow wp-block-column-is-layout-flow\">\n<p class=\"has-medium-font-size wp-container-content-9cfa9a5a\">Die Gr\u00fcndung unseres Start-Up gr\u00fcndet darauf, dass Carmen eine schwere Ohrenentz\u00fcndung hatte, die sie mit Cortison und Antibiotika behandeln musste. Paul gab ihr anschliessend Brennnesselsirup, um die medizinischen R\u00fcckst\u00e4nde aus dem K\u00f6rper zu schwemmen.<\/p>\n\n\n\n<p class=\"has-medium-font-size\">Da Carmen aber seit Jahren an einem Lip\u00f6dem leidet, wirkte der Sirup auch hier.<\/p>\n<\/div>\n\n\n\n<div class=\"wp-block-column is-layout-flow wp-block-column-is-layout-flow\">\n<p class=\"has-medium-font-size\">Die Schulmedizin ist sehr weit und hilft uns Menschen. Doch nicht f\u00fcr jedes Kopfweh und jede kleine Wunde ben\u00f6tigt man teure Medizin. Einen Griff in den Kr\u00e4utergarten kann genau so gut wirken.<\/p>\n\n\n\n<p class=\"has-medium-font-size\">Gerade beim Lip\u00f6dem sagt die Schulmedizin, dass dies eine unheilbare chronische Krankheit ist. Carmens Erfahrung zeigt aber, dass nebst kontinuierlichem Training auch Kr\u00e4uter helfen, die Symptome zu lindern oder gar abzuschw\u00e4chen.<\/p>\n<\/div>\n<\/div>\n<\/div>\n<\/div>\n<\/div>\n\n\n\n<div class=\"wp-block-group alignfull has-accent-5-background-color has-background has-global-padding is-layout-constrained wp-container-core-group-is-layout-d89aad35 wp-block-group-is-layout-constrained\" style=\"margin-top:0;margin-bottom:0;padding-top:var(--wp--preset--spacing--50);padding-right:var(--wp--preset--spacing--50);padding-bottom:var(--wp--preset--spacing--50);padding-left:var(--wp--preset--spacing--50)\">\n<div class=\"wp-block-columns alignwide is-layout-flex wp-container-core-columns-is-layout-1da03c2a wp-block-columns-is-layout-flex\">\n<div class=\"wp-block-column is-vertically-aligned-center is-layout-flow wp-block-column-is-layout-flow\" style=\"flex-basis:60%\">\n<figure class=\"wp-block-image size-full is-style-rounded wp-duotone-varpresetduotoneduotone-1-4 is-style-rounded--3\"><img loading=\"lazy\" decoding=\"async\" width=\"720\" height=\"728\" src=\"https:\/\/druidicus.ch\/wp-content\/uploads\/2023\/12\/IMG-20231120-WA0004.jpg\" alt=\"\" class=\"wp-image-52\" style=\"aspect-ratio:4\/3;object-fit:cover\" srcset=\"https:\/\/druidicus.ch\/wp-content\/uploads\/2023\/12\/IMG-20231120-WA0004.jpg 720w, https:\/\/druidicus.ch\/wp-content\/uploads\/2023\/12\/IMG-20231120-WA0004-297x300.jpg 297w\" sizes=\"auto, (max-width: 720px) 100vw, 720px\" \/><\/figure>\n<\/div>\n\n\n\n<div class=\"wp-block-column is-layout-flow wp-block-column-is-layout-flow\" style=\"flex-basis:40%\">\n<h2 class=\"wp-block-heading has-x-large-font-size\">Aktualit\u00e4ten im Hause Druidicus<\/h2>\n\n\n\n<p class=\"has-medium-font-size\">Wir haben im ersten Halbjahr viele Kr\u00e4uter gesammelt, damit wir bereit sind zu produzieren. So haben wir auch eine neue TSirup-Linie mit verschiedenen Baumrinden kreiert, die wir euch ans Herz legen.<\/p>\n\n\n\n<p class=\"has-medium-font-size\">Ausserdem sind wir daran, Salben aus regionalen Produkten herzustellen. Schaut doch einfach hier unter den Produkten vorbei.<\/p>\n\n\n\n<div class=\"wp-block-buttons is-layout-flex wp-block-buttons-is-layout-flex\">\n<div class=\"wp-block-button\"><a class=\"wp-block-button__link wp-element-button\" href=\"https:\/\/druidicus.ch\/?page_id=44\" target=\"_blank\" rel=\"noreferrer noopener\">Unsere Produkte<\/a><\/div>\n<\/div>\n<\/div>\n<\/div>\n<\/div>\n\n\n\n<div class=\"wp-block-group alignfull has-global-padding is-layout-constrained wp-container-core-group-is-layout-669513ed wp-block-group-is-layout-constrained\" style=\"margin-top:0;margin-bottom:0;padding-top:var(--wp--preset--spacing--50);padding-right:var(--wp--preset--spacing--50);padding-bottom:var(--wp--preset--spacing--50);padding-left:var(--wp--preset--spacing--50)\">\n<div class=\"wp-block-group is-vertical is-content-justification-center is-layout-flex wp-container-core-group-is-layout-ce155fab wp-block-group-is-layout-flex\">\n<h2 class=\"wp-block-heading has-text-align-center has-x-large-font-size\" id=\"Team\">Lerne unser Team kennen<\/h2>\n\n\n\n<p class=\"has-text-align-center has-medium-font-size\">Wir sind drei unverw\u00fcstliche Macher, die auf der Suche nach Wissen sind, um den Menschen zu helfen.<\/p>\n<\/div>\n\n\n\n<div style=\"height:var(--wp--preset--spacing--30)\" aria-hidden=\"true\" class=\"wp-block-spacer\"><\/div>\n\n\n\n<div class=\"wp-block-columns alignwide is-layout-flex wp-container-core-columns-is-layout-4935966c wp-block-columns-is-layout-flex\" style=\"padding-right:0;padding-left:0\">\n<div class=\"wp-block-column is-layout-flow wp-block-column-is-layout-flow\">\n\n\n<div class=\"wp-block-group is-vertical is-content-justification-center is-nowrap is-layout-flex wp-container-core-group-is-layout-21d4e958 wp-block-group-is-layout-flex\">\n<p class=\"has-text-align-center has-large-font-size\"> <strong>Paul Steinger<\/strong><\/p>\n\n\n\n<p class=\"has-medium-font-size\">Gr\u00fcnder, Sammelfuzzi und Produktionsfuzzi<\/p>\n<\/div>\n<\/div>\n\n\n\n<div class=\"wp-block-column is-layout-flow wp-block-column-is-layout-flow\">\n\n\n<div class=\"wp-block-group is-vertical is-content-justification-center is-nowrap is-layout-flex wp-container-core-group-is-layout-63bfd6c1 wp-block-group-is-layout-flex\">\n<p class=\"has-text-align-center has-large-font-size\"> <strong>Carmen Eberli<\/strong> <\/p>\n\n\n\n<p class=\"has-text-align-center has-medium-font-size\">Gr\u00fcnderin, B\u00fcrofuzzi und Produktionsfuzzi<\/p>\n<\/div>\n<\/div>\n\n\n\n<div class=\"wp-block-column is-layout-flow wp-block-column-is-layout-flow\">\n\n\n<div class=\"wp-block-group is-vertical is-content-justification-center is-nowrap is-layout-flex wp-container-core-group-is-layout-63bfd6c1 wp-block-group-is-layout-flex\">\n<p class=\"has-text-align-center has-large-font-size\"> <strong>Daniel <\/strong><\/p>\n\n\n\n<p class=\"has-text-align-center has-medium-font-size\">Freelancer, Grafikfuzzi und Tausendsassa<\/p>\n<\/div>\n<\/div>\n<\/div>\n<\/div>\n\n\n\n<div class=\"wp-block-group alignfull has-base-background-color has-background has-global-padding is-layout-constrained wp-container-core-group-is-layout-d89aad35 wp-block-group-is-layout-constrained\" style=\"margin-top:0;margin-bottom:0;padding-top:var(--wp--preset--spacing--50);padding-right:var(--wp--preset--spacing--50);padding-bottom:var(--wp--preset--spacing--50);padding-left:var(--wp--preset--spacing--50)\">\n<div class=\"wp-block-columns alignwide is-layout-flex wp-container-core-columns-is-layout-549b0c86 wp-block-columns-is-layout-flex\">\n<div class=\"wp-block-column has-global-padding is-content-justification-left is-layout-constrained wp-container-core-column-is-layout-4f15e8fe wp-block-column-is-layout-constrained\" style=\"flex-basis:40%\">\n<p class=\"has-large-font-size\"><strong>Paul der Sammelfuzzi und Produktionsfuzzi<\/strong><\/p>\n<\/div>\n\n\n\n<div class=\"wp-block-column is-layout-flow wp-container-core-column-is-layout-119bc444 wp-block-column-is-layout-flow\" style=\"flex-basis:60%\">\n<p class=\"has-heading-font-family has-medium-font-size\" style=\"line-height:1.2\">Schon seit seiner Kindheit streift er durch die W\u00e4lder Willisaus. Er kennt jeden Baum, jedes Fuchs- und Dachsloch, baut Vogelk\u00e4sten auf, kennt die besten Pl\u00e4tzchen, auf denen Pilze wachsen, Pflanzen gedeihen und sich die Waldtiere aufhalten.<\/p>\n\n\n\n<div class=\"wp-block-columns is-layout-flex wp-container-core-columns-is-layout-87beb0d0 wp-block-columns-is-layout-flex\">\n<div class=\"wp-block-column is-layout-flow wp-block-column-is-layout-flow\">\n<p class=\"has-medium-font-size wp-container-content-9cfa9a5a\">Zusammen mit pensionierten Tausendsassas sammelt Paul in seiner Freizeit im Wald die Kr\u00e4uter, Bl\u00e4tter und Rinde f\u00fcr unsere Produkte. Dabei ist ihnen kein Weg zu weit und es kann schon mal passieren, dass sie die Zeit vergessen.<\/p>\n\n\n\n<p class=\"has-medium-font-size\">Zuhause werden die Pfl\u00e4nzchen aufgelegt, damit sich auch noch die letzten K\u00e4ferchen retten k\u00f6nnen. Auch wenn nur die besten und sch\u00f6nsten Pfl\u00e4nzchen in den Sammelsack wandern, kann es passieren, dass ein kleiner K\u00e4fer verschlafen hat, davon abzuh\u00fcpfen. Jetzt bekommt er nochmals die Chance auf eine eigene neue Freiheit. Oder vielleicht hat der K\u00e4fer gerade die Chance gepackt, gem\u00fctlich an einen anderen Ort getragen zu werden, wer weiss.<\/p>\n<\/div>\n\n\n\n<div class=\"wp-block-column is-layout-flow wp-block-column-is-layout-flow\">\n<p class=\"has-medium-font-size\">Paul produziert schon seit Jahren Sirup f\u00fcr sich. Dabei verschenkte er ab und zu auch an seine Nachbarn und Freunden.<\/p>\n\n\n\n<p class=\"has-medium-font-size\">Seine Mischungen waren bislang intuitiv zusammengestellt. Zusammen mit Carmen t\u00fcftelt er nun aber weiter und gr\u00e4bt sich in das Wissen unserer Vorfahren. Dabei kann es auch gut sein, dass die beiden die Zeit vergessen und bis tief in die Nacht ausprobieren, t\u00fcfteln, testen, abf\u00fcllen und etikettieren.<\/p>\n<\/div>\n<\/div>\n<\/div>\n<\/div>\n\n\n\n<div style=\"height:100px\" aria-hidden=\"true\" class=\"wp-block-spacer\"><\/div>\n\n\n\n<div class=\"wp-block-columns alignwide is-layout-flex wp-container-core-columns-is-layout-549b0c86 wp-block-columns-is-layout-flex\">\n<div class=\"wp-block-column has-global-padding is-content-justification-left is-layout-constrained wp-container-core-column-is-layout-4f15e8fe wp-block-column-is-layout-constrained\" style=\"flex-basis:40%\">\n<p class=\"has-large-font-size\"><strong>Carmen der B\u00fcrofuzzi und Produktionsfuzzi<\/strong><\/p>\n<\/div>\n\n\n\n<div class=\"wp-block-column is-layout-flow wp-container-core-column-is-layout-119bc444 wp-block-column-is-layout-flow\" style=\"flex-basis:60%\">\n<p class=\"has-heading-font-family has-medium-font-size\" style=\"line-height:1.2\">Ihre Vorfahren waren Heiler, Kr\u00e4uterkundige und auch einfache Menschen, die die Natur achteten und liebten. Auch wenn sie in der Stadt aufgewachsen ist, war sie als Kind oft bei Ihren Grosseltern auf dem Lande. Sie kennt das Stadtleben wie auch das Landleben. Seit einigen Jahren interessiert sie sich f\u00fcr Heilkr\u00e4uter und sammelte das alte Wissen in Form von B\u00fcchern. Doch der letzte Anstoss selber Sirupe, Tinkturen und Salben herzustellen fehlte bis jetzt.<\/p>\n\n\n\n<div class=\"wp-block-columns is-layout-flex wp-container-core-columns-is-layout-87beb0d0 wp-block-columns-is-layout-flex\">\n<div class=\"wp-block-column is-layout-flow wp-block-column-is-layout-flow\">\n<p class=\"has-medium-font-size\">Alles, was im B\u00fcro ansteht, erledigt sie in ihrer Freizeit f\u00fcr die Produkte. Sei das die Logistik, der ganze normale B\u00fcrowahnsinn oder auch die Webseite. Die Arbeit geht hier auch nie aus, da kann es auch schon mal bis morgens um 2 Uhr gehen, bis die Lichter ausgehen.<\/p>\n\n\n\n<p class=\"has-medium-font-size\">Dabei hat sie tatkr\u00e4ftige Hilfe von Daniel, gemeinsamer Freund und Helfer, wenn es um das Grafische geht. Er kennt beide gut und weiss genau, was sie brauchen.<\/p>\n<\/div>\n\n\n\n<div class=\"wp-block-column is-layout-flow wp-block-column-is-layout-flow\">\n<p class=\"has-medium-font-size\">Carmen kaufte seit Jahren die g\u00e4ngigen Sirupe im Wissen um ihre Heilkr\u00e4fte. Doch das selber Produzieren war ihr immer im Hinterkopf. Paul hat das nun angestossen. Sie kann stundenlang in den verschiedenen B\u00fcchern nach geeigneten Mischungen st\u00f6bern. Aber erst zusammen mit Paul t\u00fcftelt sie gemeinsam \u00fcber die richtige Mischung und den guten Geschmack des Sirups.<\/p>\n\n\n\n<p><\/p>\n<\/div>\n<\/div>\n<\/div>\n<\/div>\n\n\n\n<div style=\"height:var(--wp--preset--spacing--20)\" aria-hidden=\"true\" class=\"wp-block-spacer\"><\/div>\n\n\n\n<div class=\"wp-block-columns alignwide is-layout-flex wp-container-core-columns-is-layout-549b0c86 wp-block-columns-is-layout-flex\">\n<div class=\"wp-block-column has-global-padding is-content-justification-left is-layout-constrained wp-container-core-column-is-layout-4f15e8fe wp-block-column-is-layout-constrained\" style=\"flex-basis:40%\">\n<p class=\"has-large-font-size\"><strong>Daniel der Grafikfuzzi und Tausendsassa<\/strong><\/p>\n<\/div>\n\n\n\n<div class=\"wp-block-column is-layout-flow wp-container-core-column-is-layout-119bc444 wp-block-column-is-layout-flow\" style=\"flex-basis:60%\">\n<p class=\"has-heading-font-family has-medium-font-size\" style=\"line-height:1.2\">Daniel ist auf dem Lande aufgewachsen, lebt nun aber schon einige Jahre in der Stadt. Er arbeitet in der Gastronomie, produziert eigene T-Shirts und ist einfach ein grafisches Hirni, der meist schon vor uns weiss, wie die Grafik aussehen soll.<\/p>\n\n\n\n<div class=\"wp-block-columns is-layout-flex wp-container-core-columns-is-layout-87beb0d0 wp-block-columns-is-layout-flex\">\n<div class=\"wp-block-column is-layout-flow wp-block-column-is-layout-flow\">\n<p class=\"has-medium-font-size\">Daniel kennt uns beide gut und weiss genau, was wir brauchen. Seine Empathie, seine Kreativit\u00e4t und sein Mut zu Neuem verleiht ihm die richtige Umsetzung ins Grafische.<\/p>\n\n\n\n<p><\/p>\n<\/div>\n\n\n\n<div class=\"wp-block-column is-layout-flow wp-block-column-is-layout-flow\">\n<p><\/p>\n\n\n\n<p><\/p>\n<\/div>\n<\/div>\n<\/div>\n<\/div>\n<\/div>\n\n\n\n<p><\/p>\n\n\n\n<p class=\"has-text-align-center has-small-font-size\"><\/p>\n","protected":false},"excerpt":{"rendered":"<p>Druidicus vereint das alte Wissen \u00fcber Kr\u00e4uter und Heilkunde mit der heutige Zeit. Im Verlaufe der letzten Jahrhunderte ist viel Wissen \u00fcber essbare, kosmetische, nutzbare und medizinische Pflanzen verloren gegangen. Viele Dokumentationen von unseren Vorfahren sind vernichtet worden. Wir versuchen hier, dieses Wissen wieder zu vereinen und allen zug\u00e4nglich zu machen. Wir machen keine Heilversprechen, [&hellip;]<\/p>\n","protected":false},"author":1,"featured_media":0,"parent":0,"menu_order":0,"comment_status":"closed","ping_status":"closed","template":"","meta":{"footnotes":""},"class_list":["post-173","page","type-page","status-publish","hentry"],"_links":{"self":[{"href":"https:\/\/druidicus.ch\/index.php?rest_route=\/wp\/v2\/pages\/173","targetHints":{"allow":["GET"]}}],"collection":[{"href":"https:\/\/druidicus.ch\/index.php?rest_route=\/wp\/v2\/pages"}],"about":[{"href":"https:\/\/druidicus.ch\/index.php?rest_route=\/wp\/v2\/types\/page"}],"author":[{"embeddable":true,"href":"https:\/\/druidicus.ch\/index.php?rest_route=\/wp\/v2\/users\/1"}],"replies":[{"embeddable":true,"href":"https:\/\/druidicus.ch\/index.php?rest_route=%2Fwp%2Fv2%2Fcomments&post=173"}],"version-history":[{"count":10,"href":"https:\/\/druidicus.ch\/index.php?rest_route=\/wp\/v2\/pages\/173\/revisions"}],"predecessor-version":[{"id":233,"href":"https:\/\/druidicus.ch\/index.php?rest_route=\/wp\/v2\/pages\/173\/revisions\/233"}],"wp:attachment":[{"href":"https:\/\/druidicus.ch\/index.php?rest_route=%2Fwp%2Fv2%2Fmedia&parent=173"}],"curies":[{"name":"wp","href":"https:\/\/api.w.org\/{rel}","templated":true}]}}