{"id":165,"date":"2024-02-16T13:37:58","date_gmt":"2024-02-16T13:37:58","guid":{"rendered":"https:\/\/druidicus.ch\/?page_id=165"},"modified":"2024-10-25T17:57:13","modified_gmt":"2024-10-25T17:57:13","slug":"tsirup-holunderblaetter-holunderblueten","status":"publish","type":"page","link":"https:\/\/druidicus.ch\/?page_id=165","title":{"rendered":"TSirup Holunderbl\u00e4tter Holunderbl\u00fcten"},"content":{"rendered":"\n<div class=\"wp-block-group alignfull has-accent-2-background-color has-background has-global-padding is-layout-constrained wp-container-core-group-is-layout-669513ed wp-block-group-is-layout-constrained\" style=\"margin-top:0;margin-bottom:0;padding-top:var(--wp--preset--spacing--50);padding-right:var(--wp--preset--spacing--50);padding-bottom:var(--wp--preset--spacing--50);padding-left:var(--wp--preset--spacing--50)\">\n<div class=\"wp-block-columns alignwide is-layout-flex wp-container-core-columns-is-layout-28f84493 wp-block-columns-is-layout-flex\">\n<div class=\"wp-block-column is-layout-flow wp-block-column-is-layout-flow\" style=\"flex-basis:40%\">\n<p class=\"has-large-font-size wp-container-content-0733e5d0\"><strong>Inhaltsstoffe<\/strong><\/p>\n<\/div>\n\n\n\n<div class=\"wp-block-column is-layout-flow wp-block-column-is-layout-flow\" style=\"flex-basis:60%\">\n<p class=\"has-heading-font-family has-medium-font-size\" style=\"line-height:1.2\">50 % Wasser<\/p>\n\n\n\n<p>38.5 % Zucker<\/p>\n\n\n\n<p>5 % Zitronens\u00e4ure<\/p>\n\n\n\n<p>4 % Holunderbl\u00e4tter<\/p>\n\n\n\n<p>4 % Holunderbl\u00fcten<\/p>\n\n\n\n<p>0.002 % Duftveilchen<\/p>\n\n\n\n<p>0.001 % Salz<\/p>\n\n\n\n<p>Die F\u00e4rbung entsteht durch Duftveilchen<\/p>\n<\/div>\n<\/div>\n\n\n\n<div style=\"height:var(--wp--preset--spacing--40)\" aria-hidden=\"true\" class=\"wp-block-spacer\"><\/div>\n\n\n\n<div class=\"wp-block-columns alignwide is-layout-flex wp-container-core-columns-is-layout-28f84493 wp-block-columns-is-layout-flex\">\n<div class=\"wp-block-column is-layout-flow wp-block-column-is-layout-flow\" style=\"flex-basis:40%\">\n<p class=\"has-large-font-size wp-container-content-0733e5d0\"><strong>Preis<\/strong><\/p>\n<\/div>\n\n\n\n<div class=\"wp-block-column is-layout-flow wp-block-column-is-layout-flow\" style=\"flex-basis:60%\">\n<div class=\"wp-block-columns is-layout-flex wp-container-core-columns-is-layout-28f84493 wp-block-columns-is-layout-flex\">\n<div class=\"wp-block-column is-layout-flow wp-block-column-is-layout-flow\">\n<p>0.5 Liter<\/p>\n<\/div>\n\n\n\n<div class=\"wp-block-column is-layout-flow wp-block-column-is-layout-flow\">\n<p>CHF 17.00<\/p>\n<\/div>\n<\/div>\n\n\n\n<div class=\"wp-block-columns is-layout-flex wp-container-core-columns-is-layout-28f84493 wp-block-columns-is-layout-flex\">\n<div class=\"wp-block-column is-layout-flow wp-block-column-is-layout-flow\">\n<p>1 Liter<\/p>\n<\/div>\n\n\n\n<div class=\"wp-block-column is-layout-flow wp-block-column-is-layout-flow\">\n<p>CHF 27.00<\/p>\n<\/div>\n<\/div>\n<\/div>\n<\/div>\n\n\n\n<div style=\"height:var(--wp--preset--spacing--40)\" aria-hidden=\"true\" class=\"wp-block-spacer\"><\/div>\n\n\n\n<figure class=\"wp-block-gallery alignwide has-nested-images columns-default is-cropped wp-block-gallery-5 is-layout-flex wp-block-gallery-is-layout-flex\">\n<figure class=\"wp-block-image size-large is-style-rounded wp-duotone-unset-2 is-style-rounded--1\"><img loading=\"lazy\" decoding=\"async\" width=\"683\" height=\"1024\" data-id=\"166\" src=\"https:\/\/druidicus.ch\/wp-content\/uploads\/2024\/02\/Holunderbl_blueten_klein-683x1024.jpg\" alt=\"\" class=\"wp-image-166\" srcset=\"https:\/\/druidicus.ch\/wp-content\/uploads\/2024\/02\/Holunderbl_blueten_klein-683x1024.jpg 683w, https:\/\/druidicus.ch\/wp-content\/uploads\/2024\/02\/Holunderbl_blueten_klein-200x300.jpg 200w, https:\/\/druidicus.ch\/wp-content\/uploads\/2024\/02\/Holunderbl_blueten_klein-768x1152.jpg 768w, https:\/\/druidicus.ch\/wp-content\/uploads\/2024\/02\/Holunderbl_blueten_klein-1024x1536.jpg 1024w, https:\/\/druidicus.ch\/wp-content\/uploads\/2024\/02\/Holunderbl_blueten_klein-1365x2048.jpg 1365w, https:\/\/druidicus.ch\/wp-content\/uploads\/2024\/02\/Holunderbl_blueten_klein-scaled.jpg 1707w\" sizes=\"auto, (max-width: 683px) 100vw, 683px\" \/><\/figure>\n\n\n\n<figure class=\"wp-block-image size-large is-style-rounded wp-duotone-unset-4 is-style-rounded--3\"><img loading=\"lazy\" decoding=\"async\" width=\"683\" height=\"1024\" data-id=\"167\" src=\"https:\/\/druidicus.ch\/wp-content\/uploads\/2024\/02\/Holunderbl_blueten_gross-683x1024.jpg\" alt=\"\" class=\"wp-image-167\" srcset=\"https:\/\/druidicus.ch\/wp-content\/uploads\/2024\/02\/Holunderbl_blueten_gross-683x1024.jpg 683w, https:\/\/druidicus.ch\/wp-content\/uploads\/2024\/02\/Holunderbl_blueten_gross-200x300.jpg 200w, https:\/\/druidicus.ch\/wp-content\/uploads\/2024\/02\/Holunderbl_blueten_gross-768x1152.jpg 768w, https:\/\/druidicus.ch\/wp-content\/uploads\/2024\/02\/Holunderbl_blueten_gross-1024x1536.jpg 1024w, https:\/\/druidicus.ch\/wp-content\/uploads\/2024\/02\/Holunderbl_blueten_gross-1365x2048.jpg 1365w, https:\/\/druidicus.ch\/wp-content\/uploads\/2024\/02\/Holunderbl_blueten_gross-scaled.jpg 1707w\" sizes=\"auto, (max-width: 683px) 100vw, 683px\" \/><\/figure>\n<\/figure>\n<\/div>\n\n\n\n<div class=\"wp-block-group alignfull has-base-background-color has-background has-global-padding is-layout-constrained wp-container-core-group-is-layout-d89aad35 wp-block-group-is-layout-constrained\" style=\"margin-top:0;margin-bottom:0;padding-top:var(--wp--preset--spacing--50);padding-right:var(--wp--preset--spacing--50);padding-bottom:var(--wp--preset--spacing--50);padding-left:var(--wp--preset--spacing--50)\">\n<div class=\"wp-block-columns alignwide is-layout-flex wp-container-core-columns-is-layout-549b0c86 wp-block-columns-is-layout-flex\">\n<div class=\"wp-block-column has-global-padding is-content-justification-left is-layout-constrained wp-container-core-column-is-layout-4f15e8fe wp-block-column-is-layout-constrained\" style=\"flex-basis:40%\">\n<p class=\"has-large-font-size\"><strong>positive Eigenschaften<\/strong><\/p>\n<\/div>\n\n\n\n<div class=\"wp-block-column is-layout-flow wp-container-core-column-is-layout-119bc444 wp-block-column-is-layout-flow\" style=\"flex-basis:60%\">\n<p class=\"has-heading-font-family has-medium-font-size\" style=\"line-height:1.2\">kreislaufanregend, blutreinigend, blutstillend, entz\u00fcndungshemmend, erweichend, harntreibend, leicht abf\u00fchrend, krampfl\u00f6send, pilzt\u00f6tend, antiviral, antibakteriell, schleiml\u00f6send, schweisstreibend<\/p>\n\n\n\n<div class=\"wp-block-columns is-layout-flex wp-container-core-columns-is-layout-87beb0d0 wp-block-columns-is-layout-flex\">\n<div class=\"wp-block-column is-layout-flow wp-block-column-is-layout-flow\">\n<p class=\"has-heading-font-family has-medium-font-size wp-container-content-9cfa9a5a\">Holunder erh\u00f6ht die Widerstandskraft gegen Infektionskrankheiten, weil sie antibakteriell und antiviral wirkt. Bei Fieber und Grippe reguliert sie, ist schweisstreibend sowie harntreibend. Bei Erk\u00e4ltungen, Bronchitis, Husten, trockenem Husten, Heuschnupfen, Halsschmerzen, Kehlopfentz\u00fcundungen, Katarrhen der oberen Luftwege, Mandelentz\u00fcndungen, Nebenh\u00f6hlenentz\u00fcndungen und Heiserkeit befreit die Holunder die Atemwege, da sie die k\u00f6rpereigenen Abwerkr\u00e4fte mobilisiert. Ausserdem n\u00fctzt sie als Vorbeugungsmittel gegen Erk\u00e4ltungen und Grippe. <\/p>\n<\/div>\n\n\n\n<div class=\"wp-block-column is-layout-flow wp-block-column-is-layout-flow\">\n<p class=\"has-heading-font-family has-medium-font-size\">Zus\u00e4tzlich gelten sie als das beste Blutreinigungsmittel bei Hautunreinheiten und \u00fcblem K\u00f6rpergeruch, da sie mild reinigend, aubauend und blutbildend wirkt. Sie baut ausserdem Giftstoffe ab und hilft gegen Blutarmut.<\/p>\n\n\n\n<p class=\"has-heading-font-family has-medium-font-size\">Gegen Rheuma und Gicht verwendet man die Holunderbl\u00fcten und Holunderbl\u00e4tter. Sie wirken aber auch gegen Wasserstauungen im K\u00f6rper, gegen Harnverhaltungen, Stuhltr\u00e4gheit und Rheumatismus sowie Gicht.<\/p>\n\n\n\n<p class=\"has-heading-font-family has-medium-font-size\"><strong>Nebenwirkungen: <\/strong>Bei der Verwendung von Holunderbl\u00fcten ist keine Nebenwirkung zu bef\u00fcrchten. Gelegentlich wurden infolge der Holunderbl\u00e4tter Magen- und Darmreizungen beobachtet.<\/p>\n<\/div>\n<\/div>\n<\/div>\n<\/div>\n<\/div>\n","protected":false},"excerpt":{"rendered":"<p>Inhaltsstoffe 50 % Wasser 38.5 % Zucker 5 % Zitronens\u00e4ure 4 % Holunderbl\u00e4tter 4 % Holunderbl\u00fcten 0.002 % Duftveilchen 0.001 % Salz Die F\u00e4rbung entsteht durch Duftveilchen Preis 0.5 Liter CHF 17.00 1 Liter CHF 27.00 positive Eigenschaften kreislaufanregend, blutreinigend, blutstillend, entz\u00fcndungshemmend, erweichend, harntreibend, leicht abf\u00fchrend, krampfl\u00f6send, pilzt\u00f6tend, antiviral, antibakteriell, schleiml\u00f6send, schweisstreibend Holunder erh\u00f6ht die [&hellip;]<\/p>\n","protected":false},"author":1,"featured_media":0,"parent":0,"menu_order":0,"comment_status":"closed","ping_status":"closed","template":"","meta":{"footnotes":""},"class_list":["post-165","page","type-page","status-publish","hentry"],"_links":{"self":[{"href":"https:\/\/druidicus.ch\/index.php?rest_route=\/wp\/v2\/pages\/165","targetHints":{"allow":["GET"]}}],"collection":[{"href":"https:\/\/druidicus.ch\/index.php?rest_route=\/wp\/v2\/pages"}],"about":[{"href":"https:\/\/druidicus.ch\/index.php?rest_route=\/wp\/v2\/types\/page"}],"author":[{"embeddable":true,"href":"https:\/\/druidicus.ch\/index.php?rest_route=\/wp\/v2\/users\/1"}],"replies":[{"embeddable":true,"href":"https:\/\/druidicus.ch\/index.php?rest_route=%2Fwp%2Fv2%2Fcomments&post=165"}],"version-history":[{"count":2,"href":"https:\/\/druidicus.ch\/index.php?rest_route=\/wp\/v2\/pages\/165\/revisions"}],"predecessor-version":[{"id":252,"href":"https:\/\/druidicus.ch\/index.php?rest_route=\/wp\/v2\/pages\/165\/revisions\/252"}],"wp:attachment":[{"href":"https:\/\/druidicus.ch\/index.php?rest_route=%2Fwp%2Fv2%2Fmedia&parent=165"}],"curies":[{"name":"wp","href":"https:\/\/api.w.org\/{rel}","templated":true}]}}