{"id":160,"date":"2024-02-16T13:39:48","date_gmt":"2024-02-16T13:39:48","guid":{"rendered":"https:\/\/druidicus.ch\/?page_id=160"},"modified":"2024-09-11T15:15:03","modified_gmt":"2024-09-11T15:15:03","slug":"tsirup-holunderblaetter","status":"publish","type":"page","link":"https:\/\/druidicus.ch\/?page_id=160","title":{"rendered":"TSirup Holunderbl\u00e4tter"},"content":{"rendered":"\n<div class=\"wp-block-group alignfull has-accent-2-background-color has-background has-global-padding is-layout-constrained wp-container-core-group-is-layout-669513ed wp-block-group-is-layout-constrained\" style=\"margin-top:0;margin-bottom:0;padding-top:var(--wp--preset--spacing--50);padding-right:var(--wp--preset--spacing--50);padding-bottom:var(--wp--preset--spacing--50);padding-left:var(--wp--preset--spacing--50)\">\n<div class=\"wp-block-columns alignwide is-layout-flex wp-container-core-columns-is-layout-28f84493 wp-block-columns-is-layout-flex\">\n<div class=\"wp-block-column is-layout-flow wp-block-column-is-layout-flow\" style=\"flex-basis:40%\">\n<p class=\"has-large-font-size wp-container-content-0733e5d0\"><strong>Inhaltsstoffe<\/strong><\/p>\n<\/div>\n\n\n\n<div class=\"wp-block-column is-layout-flow wp-block-column-is-layout-flow\" style=\"flex-basis:60%\">\n<p class=\"has-heading-font-family has-medium-font-size\" style=\"line-height:1.2\">50 % Wasser<\/p>\n\n\n\n<p class=\"has-medium-font-size\">38.5 % Zucker<\/p>\n\n\n\n<p class=\"has-medium-font-size\">5 % Zitronens\u00e4ure<\/p>\n\n\n\n<p class=\"has-medium-font-size\">8 % Holunderbl\u00e4tter<\/p>\n\n\n\n<p class=\"has-medium-font-size\">0.002 % Duftveilchen<\/p>\n\n\n\n<p class=\"has-medium-font-size\">0.001 % Salz<\/p>\n\n\n\n<p class=\"has-medium-font-size\">Die F\u00e4rbung entsteht durch die Duftveilchen<\/p>\n<\/div>\n<\/div>\n\n\n\n<div style=\"height:var(--wp--preset--spacing--40)\" aria-hidden=\"true\" class=\"wp-block-spacer\"><\/div>\n\n\n\n<div class=\"wp-block-columns alignwide is-layout-flex wp-container-core-columns-is-layout-28f84493 wp-block-columns-is-layout-flex\">\n<div class=\"wp-block-column is-layout-flow wp-block-column-is-layout-flow\" style=\"flex-basis:40%\">\n<p class=\"has-large-font-size wp-container-content-0733e5d0\"><strong>Preis<\/strong><\/p>\n<\/div>\n\n\n\n<div class=\"wp-block-column is-layout-flow wp-block-column-is-layout-flow\" style=\"flex-basis:60%\">\n<div class=\"wp-block-columns is-layout-flex wp-container-core-columns-is-layout-28f84493 wp-block-columns-is-layout-flex\">\n<div class=\"wp-block-column is-layout-flow wp-block-column-is-layout-flow\">\n<p>0.5 Liter<\/p>\n<\/div>\n\n\n\n<div class=\"wp-block-column is-layout-flow wp-block-column-is-layout-flow\">\n<p>CHF 17.00<\/p>\n<\/div>\n<\/div>\n\n\n\n<div class=\"wp-block-columns is-layout-flex wp-container-core-columns-is-layout-28f84493 wp-block-columns-is-layout-flex\">\n<div class=\"wp-block-column is-layout-flow wp-block-column-is-layout-flow\">\n<p>1 Liter<\/p>\n<\/div>\n\n\n\n<div class=\"wp-block-column is-layout-flow wp-block-column-is-layout-flow\">\n<p>CHF 27.00<\/p>\n<\/div>\n<\/div>\n<\/div>\n<\/div>\n\n\n\n<div style=\"height:var(--wp--preset--spacing--40)\" aria-hidden=\"true\" class=\"wp-block-spacer\"><\/div>\n\n\n\n<figure class=\"wp-block-gallery alignwide has-nested-images columns-default is-cropped wp-block-gallery-5 is-layout-flex wp-block-gallery-is-layout-flex\">\n<figure class=\"wp-block-image size-large is-style-rounded wp-duotone-unset-2 is-style-rounded--1\"><img loading=\"lazy\" decoding=\"async\" width=\"683\" height=\"1024\" data-id=\"162\" src=\"https:\/\/druidicus.ch\/wp-content\/uploads\/2024\/02\/Holunderblaetter_klein-683x1024.jpg\" alt=\"\" class=\"wp-image-162\" srcset=\"https:\/\/druidicus.ch\/wp-content\/uploads\/2024\/02\/Holunderblaetter_klein-683x1024.jpg 683w, https:\/\/druidicus.ch\/wp-content\/uploads\/2024\/02\/Holunderblaetter_klein-200x300.jpg 200w, https:\/\/druidicus.ch\/wp-content\/uploads\/2024\/02\/Holunderblaetter_klein-768x1152.jpg 768w, https:\/\/druidicus.ch\/wp-content\/uploads\/2024\/02\/Holunderblaetter_klein-1024x1536.jpg 1024w, https:\/\/druidicus.ch\/wp-content\/uploads\/2024\/02\/Holunderblaetter_klein-1365x2048.jpg 1365w, https:\/\/druidicus.ch\/wp-content\/uploads\/2024\/02\/Holunderblaetter_klein-scaled.jpg 1707w\" sizes=\"auto, (max-width: 683px) 100vw, 683px\" \/><\/figure>\n\n\n\n<figure class=\"wp-block-image size-large is-style-rounded wp-duotone-unset-4 is-style-rounded--3\"><img loading=\"lazy\" decoding=\"async\" width=\"683\" height=\"1024\" data-id=\"161\" src=\"https:\/\/druidicus.ch\/wp-content\/uploads\/2024\/02\/Holunderblaetter_gross-683x1024.jpg\" alt=\"\" class=\"wp-image-161\" srcset=\"https:\/\/druidicus.ch\/wp-content\/uploads\/2024\/02\/Holunderblaetter_gross-683x1024.jpg 683w, https:\/\/druidicus.ch\/wp-content\/uploads\/2024\/02\/Holunderblaetter_gross-200x300.jpg 200w, https:\/\/druidicus.ch\/wp-content\/uploads\/2024\/02\/Holunderblaetter_gross-768x1152.jpg 768w, https:\/\/druidicus.ch\/wp-content\/uploads\/2024\/02\/Holunderblaetter_gross-1024x1536.jpg 1024w, https:\/\/druidicus.ch\/wp-content\/uploads\/2024\/02\/Holunderblaetter_gross-1365x2048.jpg 1365w, https:\/\/druidicus.ch\/wp-content\/uploads\/2024\/02\/Holunderblaetter_gross-scaled.jpg 1707w\" sizes=\"auto, (max-width: 683px) 100vw, 683px\" \/><\/figure>\n<\/figure>\n<\/div>\n\n\n\n<div class=\"wp-block-group alignfull has-base-background-color has-background has-global-padding is-layout-constrained wp-container-core-group-is-layout-d89aad35 wp-block-group-is-layout-constrained\" style=\"margin-top:0;margin-bottom:0;padding-top:var(--wp--preset--spacing--50);padding-right:var(--wp--preset--spacing--50);padding-bottom:var(--wp--preset--spacing--50);padding-left:var(--wp--preset--spacing--50)\">\n<div class=\"wp-block-columns alignwide is-layout-flex wp-container-core-columns-is-layout-549b0c86 wp-block-columns-is-layout-flex\">\n<div class=\"wp-block-column has-global-padding is-content-justification-left is-layout-constrained wp-container-core-column-is-layout-4f15e8fe wp-block-column-is-layout-constrained\" style=\"flex-basis:40%\">\n<p class=\"has-large-font-size\"><strong>positive Eigenschaften<\/strong><\/p>\n<\/div>\n\n\n\n<div class=\"wp-block-column is-layout-flow wp-container-core-column-is-layout-119bc444 wp-block-column-is-layout-flow\" style=\"flex-basis:60%\">\n<p class=\"has-heading-font-family has-medium-font-size\" style=\"line-height:1.2\">Holunderbl\u00e4tter d\u00fcrfen nur im Fr\u00fchjahr gesammelt werden, solange die Bl\u00e4tter noch jung sind. Auch m\u00fcssen die Bl\u00e4tter \u00fcber 80 \u00b0C erhitzt werden, damit die Giftstoffe entzogen werden k\u00f6nnen. Von \u00e4lteren Bl\u00e4ttern bitte H\u00e4nde weg.<br><br>kreislaufanregend, blutreinigend, blutstillend, entz\u00fcndungshemmend, erweichend, harntreibend, krampfl\u00f6send, pilzt\u00f6tend, antiviral, antibakteriell, schleiml\u00f6send, schweisstreibend<\/p>\n\n\n\n<div class=\"wp-block-columns is-layout-flex wp-container-core-columns-is-layout-87beb0d0 wp-block-columns-is-layout-flex\">\n<div class=\"wp-block-column is-layout-flow wp-block-column-is-layout-flow\">\n<p class=\"wp-container-content-9cfa9a5a\">Holunderbl\u00e4tter eignen sich bestens f\u00fcr eine Fr\u00fchjahrskur zur Entschlackung. Sie wirken aber auch gegen Wasserstauungen im K\u00f6rper, gegen Harnverhaltungen, Stuhltr\u00e4gheit und Rheumatismus sowie Gicht.<\/p>\n\n\n\n<p>Holunder gilt als gutes Blutreinigungsmittel bei Hautunreinheiten und \u00fcblem K\u00f6rpergeruch.<\/p>\n<\/div>\n\n\n\n<div class=\"wp-block-column is-layout-flow wp-block-column-is-layout-flow\">\n<p><strong>Nebenwirkungen: <\/strong>Gelegentlich wurden Magen- und Darmreizungen beobachtet.<\/p>\n<\/div>\n<\/div>\n<\/div>\n<\/div>\n<\/div>\n","protected":false},"excerpt":{"rendered":"<p>Inhaltsstoffe 50 % Wasser 38.5 % Zucker 5 % Zitronens\u00e4ure 8 % Holunderbl\u00e4tter 0.002 % Duftveilchen 0.001 % Salz Die F\u00e4rbung entsteht durch die Duftveilchen Preis 0.5 Liter CHF 17.00 1 Liter CHF 27.00 positive Eigenschaften Holunderbl\u00e4tter d\u00fcrfen nur im Fr\u00fchjahr gesammelt werden, solange die Bl\u00e4tter noch jung sind. Auch m\u00fcssen die Bl\u00e4tter \u00fcber 80 [&hellip;]<\/p>\n","protected":false},"author":1,"featured_media":0,"parent":0,"menu_order":0,"comment_status":"closed","ping_status":"closed","template":"","meta":{"footnotes":""},"class_list":["post-160","page","type-page","status-publish","hentry"],"_links":{"self":[{"href":"https:\/\/druidicus.ch\/index.php?rest_route=\/wp\/v2\/pages\/160","targetHints":{"allow":["GET"]}}],"collection":[{"href":"https:\/\/druidicus.ch\/index.php?rest_route=\/wp\/v2\/pages"}],"about":[{"href":"https:\/\/druidicus.ch\/index.php?rest_route=\/wp\/v2\/types\/page"}],"author":[{"embeddable":true,"href":"https:\/\/druidicus.ch\/index.php?rest_route=\/wp\/v2\/users\/1"}],"replies":[{"embeddable":true,"href":"https:\/\/druidicus.ch\/index.php?rest_route=%2Fwp%2Fv2%2Fcomments&post=160"}],"version-history":[{"count":3,"href":"https:\/\/druidicus.ch\/index.php?rest_route=\/wp\/v2\/pages\/160\/revisions"}],"predecessor-version":[{"id":216,"href":"https:\/\/druidicus.ch\/index.php?rest_route=\/wp\/v2\/pages\/160\/revisions\/216"}],"wp:attachment":[{"href":"https:\/\/druidicus.ch\/index.php?rest_route=%2Fwp%2Fv2%2Fmedia&parent=160"}],"curies":[{"name":"wp","href":"https:\/\/api.w.org\/{rel}","templated":true}]}}