{"id":142,"date":"2024-02-15T14:40:04","date_gmt":"2024-02-15T14:40:04","guid":{"rendered":"https:\/\/druidicus.ch\/?page_id=142"},"modified":"2024-02-15T14:40:04","modified_gmt":"2024-02-15T14:40:04","slug":"tsirup-spitzwegerich","status":"publish","type":"page","link":"https:\/\/druidicus.ch\/?page_id=142","title":{"rendered":"TSirup Spitzwegerich"},"content":{"rendered":"\n<div class=\"wp-block-group alignfull has-accent-2-background-color has-background has-global-padding is-layout-constrained wp-container-core-group-is-layout-669513ed wp-block-group-is-layout-constrained\" style=\"margin-top:0;margin-bottom:0;padding-top:var(--wp--preset--spacing--50);padding-right:var(--wp--preset--spacing--50);padding-bottom:var(--wp--preset--spacing--50);padding-left:var(--wp--preset--spacing--50)\">\n<div class=\"wp-block-columns alignwide is-layout-flex wp-container-core-columns-is-layout-28f84493 wp-block-columns-is-layout-flex\">\n<div class=\"wp-block-column is-layout-flow wp-block-column-is-layout-flow\" style=\"flex-basis:40%\">\n<p class=\"has-large-font-size wp-container-content-0733e5d0\"><strong>Inhaltsstoffe<\/strong><\/p>\n<\/div>\n\n\n\n<div class=\"wp-block-column is-layout-flow wp-block-column-is-layout-flow\" style=\"flex-basis:60%\">\n<p class=\"has-heading-font-family has-medium-font-size\" style=\"line-height:1.2\">50 % Wasser<\/p>\n\n\n\n<p>38.5 % Zucker<\/p>\n\n\n\n<p>5 % Zitronens\u00e4ure<\/p>\n\n\n\n<p>8 % Spitzwegerich<\/p>\n<\/div>\n<\/div>\n\n\n\n<div style=\"height:var(--wp--preset--spacing--40)\" aria-hidden=\"true\" class=\"wp-block-spacer\"><\/div>\n\n\n\n<div class=\"wp-block-columns alignwide is-layout-flex wp-container-core-columns-is-layout-28f84493 wp-block-columns-is-layout-flex\">\n<div class=\"wp-block-column is-layout-flow wp-block-column-is-layout-flow\" style=\"flex-basis:40%\">\n<p class=\"has-large-font-size wp-container-content-0733e5d0\"><strong>Preis<\/strong><\/p>\n<\/div>\n\n\n\n<div class=\"wp-block-column is-layout-flow wp-block-column-is-layout-flow\" style=\"flex-basis:60%\">\n<div class=\"wp-block-columns is-layout-flex wp-container-core-columns-is-layout-28f84493 wp-block-columns-is-layout-flex\">\n<div class=\"wp-block-column is-layout-flow wp-block-column-is-layout-flow\">\n<p>0.5 Liter<\/p>\n<\/div>\n\n\n\n<div class=\"wp-block-column is-layout-flow wp-block-column-is-layout-flow\">\n<p>CHF 15.00<\/p>\n<\/div>\n<\/div>\n\n\n\n<div class=\"wp-block-columns is-layout-flex wp-container-core-columns-is-layout-28f84493 wp-block-columns-is-layout-flex\">\n<div class=\"wp-block-column is-layout-flow wp-block-column-is-layout-flow\">\n<p>1 Liter<\/p>\n<\/div>\n\n\n\n<div class=\"wp-block-column is-layout-flow wp-block-column-is-layout-flow\">\n<p>CHF 24.00<\/p>\n<\/div>\n<\/div>\n<\/div>\n<\/div>\n\n\n\n<div style=\"height:var(--wp--preset--spacing--40)\" aria-hidden=\"true\" class=\"wp-block-spacer\"><\/div>\n\n\n\n<figure class=\"wp-block-gallery alignwide has-nested-images columns-default is-cropped wp-block-gallery-5 is-layout-flex wp-block-gallery-is-layout-flex\">\n<figure class=\"wp-block-image size-large is-style-rounded wp-duotone-unset-2 is-style-rounded--1\"><img loading=\"lazy\" decoding=\"async\" width=\"683\" height=\"1024\" data-id=\"146\" src=\"https:\/\/druidicus.ch\/wp-content\/uploads\/2024\/02\/Spitzwegerich_klein-683x1024.jpg\" alt=\"\" class=\"wp-image-146\" srcset=\"https:\/\/druidicus.ch\/wp-content\/uploads\/2024\/02\/Spitzwegerich_klein-683x1024.jpg 683w, https:\/\/druidicus.ch\/wp-content\/uploads\/2024\/02\/Spitzwegerich_klein-200x300.jpg 200w, https:\/\/druidicus.ch\/wp-content\/uploads\/2024\/02\/Spitzwegerich_klein-768x1152.jpg 768w, https:\/\/druidicus.ch\/wp-content\/uploads\/2024\/02\/Spitzwegerich_klein-1024x1536.jpg 1024w, https:\/\/druidicus.ch\/wp-content\/uploads\/2024\/02\/Spitzwegerich_klein-1365x2048.jpg 1365w, https:\/\/druidicus.ch\/wp-content\/uploads\/2024\/02\/Spitzwegerich_klein-scaled.jpg 1707w\" sizes=\"auto, (max-width: 683px) 100vw, 683px\" \/><\/figure>\n\n\n\n<figure class=\"wp-block-image size-large is-style-rounded wp-duotone-unset-4 is-style-rounded--3\"><img loading=\"lazy\" decoding=\"async\" width=\"683\" height=\"1024\" data-id=\"145\" src=\"https:\/\/druidicus.ch\/wp-content\/uploads\/2024\/02\/Spitzwegerich_gross-683x1024.jpg\" alt=\"\" class=\"wp-image-145\" srcset=\"https:\/\/druidicus.ch\/wp-content\/uploads\/2024\/02\/Spitzwegerich_gross-683x1024.jpg 683w, https:\/\/druidicus.ch\/wp-content\/uploads\/2024\/02\/Spitzwegerich_gross-200x300.jpg 200w, https:\/\/druidicus.ch\/wp-content\/uploads\/2024\/02\/Spitzwegerich_gross-768x1152.jpg 768w, https:\/\/druidicus.ch\/wp-content\/uploads\/2024\/02\/Spitzwegerich_gross-1024x1536.jpg 1024w, https:\/\/druidicus.ch\/wp-content\/uploads\/2024\/02\/Spitzwegerich_gross-1365x2048.jpg 1365w, https:\/\/druidicus.ch\/wp-content\/uploads\/2024\/02\/Spitzwegerich_gross-scaled.jpg 1707w\" sizes=\"auto, (max-width: 683px) 100vw, 683px\" \/><\/figure>\n<\/figure>\n<\/div>\n\n\n\n<div class=\"wp-block-group alignfull has-base-background-color has-background has-global-padding is-layout-constrained wp-container-core-group-is-layout-d89aad35 wp-block-group-is-layout-constrained\" style=\"margin-top:0;margin-bottom:0;padding-top:var(--wp--preset--spacing--50);padding-right:var(--wp--preset--spacing--50);padding-bottom:var(--wp--preset--spacing--50);padding-left:var(--wp--preset--spacing--50)\">\n<div class=\"wp-block-columns alignwide is-layout-flex wp-container-core-columns-is-layout-549b0c86 wp-block-columns-is-layout-flex\">\n<div class=\"wp-block-column has-global-padding is-content-justification-left is-layout-constrained wp-container-core-column-is-layout-4f15e8fe wp-block-column-is-layout-constrained\" style=\"flex-basis:40%\">\n<p class=\"has-large-font-size\"><strong>positive Eigenschaften<\/strong><\/p>\n<\/div>\n\n\n\n<div class=\"wp-block-column is-layout-flow wp-container-core-column-is-layout-119bc444 wp-block-column-is-layout-flow\" style=\"flex-basis:60%\">\n<p class=\"has-heading-font-family has-medium-font-size\" style=\"line-height:1.2\">antibakteriell, antibiotisch, infektionshemmend, immunstimmulierend, astringierend, blutreinigend, blutstillend, entz\u00fcndungshemmend, schleimhautsch\u00fctzend, lebersch\u00fctzend, harntreibend, schleiml\u00f6send (expektorierend &#8211; den Auswurf von Schleim aus den Atemwegen erleichternd)<\/p>\n\n\n\n<div class=\"wp-block-columns is-layout-flex wp-container-core-columns-is-layout-87beb0d0 wp-block-columns-is-layout-flex\">\n<div class=\"wp-block-column is-layout-flow wp-block-column-is-layout-flow\">\n<p class=\"has-medium-font-size wp-container-content-9cfa9a5a\">Spitzwegerich erleichtert den Abtransport von Sekret aus den Bronchien bei Infekten der oberen Atemwege und umh\u00fcllt die Oberfl\u00e4ch von Hals und Rachenraum bei kratzenden oder brennenden Schluck- und Atembeschwerden und Heiserkeit. Spitzwegerich wird haupts\u00e4chlich zur Infektbek\u00e4mpfung bei Erk\u00e4ltungskrankheiten, Erk\u00e4ltungssymptomen, Grippe, Atemwegserkrankungen, Atemwegskatarrhen, entz\u00fcndlichen Beschwerden der Mund- und Rachenschleimhaut, Halsentz\u00fcndungen, Halsschmerzen, Bronchitis, Asthma, Husten, Hustenreiz, Kechhusten und Schnupfen angewendet.<\/p>\n\n\n\n<p>In der traditionellen Medizin wird Spitzwegerich als leberst\u00e4rkendes und leberreinigendes Mittel bei Leberleiden empfohlen.<\/p>\n<\/div>\n\n\n\n<div class=\"wp-block-column is-layout-flow wp-block-column-is-layout-flow\">\n<p class=\"has-medium-font-size\">Spitzwegerich ist aber auch sehr hilfreich bei Blasenschw\u00e4che, Bettn\u00e4ssen, Magenkr\u00e4mpfen, Magenschleimhautentz\u00fcndung, bei entz\u00fcndlichen Darmerkrankungen, Darmschleimhautentz\u00fcndungen und Durchfall. Spitzwegerich hilft auch bei Verstopfung. <\/p>\n\n\n\n<p class=\"has-medium-font-size\">Es wird angenommen, dass man sich durch regelm\u00e4ssige Einnahme von Spitzwegerich auch das Rauchen abgew\u00f6hnen k\u00f6nne.<\/p>\n\n\n\n<p class=\"has-medium-font-size\">Bei Insektenstichen hilft das \u00dcberlegen zerdr\u00fcckter Spitzwegerichbl\u00e4tter, dadurch verschwinden Juckreiz und Schwellungen schnell. <\/p>\n<\/div>\n<\/div>\n<\/div>\n<\/div>\n<\/div>\n","protected":false},"excerpt":{"rendered":"<p>Inhaltsstoffe 50 % Wasser 38.5 % Zucker 5 % Zitronens\u00e4ure 8 % Spitzwegerich Preis 0.5 Liter CHF 15.00 1 Liter CHF 24.00 positive Eigenschaften antibakteriell, antibiotisch, infektionshemmend, immunstimmulierend, astringierend, blutreinigend, blutstillend, entz\u00fcndungshemmend, schleimhautsch\u00fctzend, lebersch\u00fctzend, harntreibend, schleiml\u00f6send (expektorierend &#8211; den Auswurf von Schleim aus den Atemwegen erleichternd) Spitzwegerich erleichtert den Abtransport von Sekret aus den Bronchien [&hellip;]<\/p>\n","protected":false},"author":1,"featured_media":0,"parent":0,"menu_order":0,"comment_status":"closed","ping_status":"closed","template":"","meta":{"footnotes":""},"class_list":["post-142","page","type-page","status-publish","hentry"],"_links":{"self":[{"href":"https:\/\/druidicus.ch\/index.php?rest_route=\/wp\/v2\/pages\/142","targetHints":{"allow":["GET"]}}],"collection":[{"href":"https:\/\/druidicus.ch\/index.php?rest_route=\/wp\/v2\/pages"}],"about":[{"href":"https:\/\/druidicus.ch\/index.php?rest_route=\/wp\/v2\/types\/page"}],"author":[{"embeddable":true,"href":"https:\/\/druidicus.ch\/index.php?rest_route=\/wp\/v2\/users\/1"}],"replies":[{"embeddable":true,"href":"https:\/\/druidicus.ch\/index.php?rest_route=%2Fwp%2Fv2%2Fcomments&post=142"}],"version-history":[{"count":2,"href":"https:\/\/druidicus.ch\/index.php?rest_route=\/wp\/v2\/pages\/142\/revisions"}],"predecessor-version":[{"id":148,"href":"https:\/\/druidicus.ch\/index.php?rest_route=\/wp\/v2\/pages\/142\/revisions\/148"}],"wp:attachment":[{"href":"https:\/\/druidicus.ch\/index.php?rest_route=%2Fwp%2Fv2%2Fmedia&parent=142"}],"curies":[{"name":"wp","href":"https:\/\/api.w.org\/{rel}","templated":true}]}}