{"id":14,"date":"2023-12-07T13:38:19","date_gmt":"2023-12-07T13:38:19","guid":{"rendered":"https:\/\/druidicus.ch\/?page_id=14"},"modified":"2025-09-27T07:57:04","modified_gmt":"2025-09-27T07:57:04","slug":"druidicus","status":"publish","type":"page","link":"https:\/\/druidicus.ch\/","title":{"rendered":"Druidicus"},"content":{"rendered":"\n<div class=\"wp-block-group has-global-padding is-layout-constrained wp-block-group-is-layout-constrained\"><\/div>\n\n\n\n<div class=\"wp-block-group alignfull has-accent-background-color has-background has-global-padding is-layout-constrained wp-container-core-group-is-layout-669513ed wp-block-group-is-layout-constrained\" style=\"margin-top:0;margin-bottom:0;padding-top:var(--wp--preset--spacing--50);padding-right:var(--wp--preset--spacing--50);padding-bottom:var(--wp--preset--spacing--50);padding-left:var(--wp--preset--spacing--50)\">\n<div class=\"wp-block-columns alignwide are-vertically-aligned-top is-layout-flex wp-container-core-columns-is-layout-1da03c2a wp-block-columns-is-layout-flex\">\n<div class=\"wp-block-column is-vertically-aligned-top is-layout-flow wp-block-column-is-layout-flow\" style=\"flex-basis:50%\">\n<div class=\"wp-block-group is-vertical is-content-justification-stretch is-layout-flex wp-container-core-group-is-layout-444d5ee8 wp-block-group-is-layout-flex\" style=\"min-height:100%\">\n<p class=\"has-heading-font-family has-large-font-size\" style=\"line-height:1.2\">Wir produzieren in Willisau aus nat\u00fcrlichen Stoffen. Unsere Produkte bestehen aus 4 Zutaten: Wasser, Zucker, Zitronens\u00e4ure und Kr\u00e4utern.<br><br>Unser Ziel ist es, das alte Wissen unserer Vorfahren in unsere Zeit zu bringen.<\/p>\n\n\n\n<div class=\"wp-block-group has-global-padding is-content-justification-left is-layout-constrained wp-container-core-group-is-layout-9fe8ed88 wp-block-group-is-layout-constrained\">\n<div class=\"wp-block-buttons is-layout-flex wp-block-buttons-is-layout-flex\" id=\"https:\/\/druidicus.ch\/?page_id=173\">\n<div class=\"wp-block-button\" id=\"https:\/\/druidicus.ch\/?page_id=173\"><a class=\"wp-block-button__link wp-element-button\" href=\"https:\/\/druidicus.ch\/?page_id=173\" target=\"_blank\" rel=\"noreferrer noopener\">\u00dcber uns<\/a><\/div>\n<\/div>\n<\/div>\n<\/div>\n<\/div>\n\n\n\n<div class=\"wp-block-column is-vertically-aligned-top is-layout-flow wp-block-column-is-layout-flow\" style=\"flex-basis:50%\">\n<figure class=\"wp-block-gallery has-nested-images columns-default is-cropped wp-block-gallery-3 is-layout-flex wp-block-gallery-is-layout-flex\">\n<figure class=\"wp-block-image size-large is-style-rounded wp-duotone-unset-2 is-style-rounded--1\"><img loading=\"lazy\" decoding=\"async\" width=\"605\" height=\"884\" data-id=\"16\" src=\"https:\/\/druidicus.ch\/wp-content\/uploads\/2023\/12\/drachenvogel.jpg\" alt=\"\" class=\"wp-image-16\" style=\"aspect-ratio:3\/4;object-fit:cover\" srcset=\"https:\/\/druidicus.ch\/wp-content\/uploads\/2023\/12\/drachenvogel.jpg 605w, https:\/\/druidicus.ch\/wp-content\/uploads\/2023\/12\/drachenvogel-205x300.jpg 205w\" sizes=\"auto, (max-width: 605px) 100vw, 605px\" \/><figcaption class=\"wp-element-caption\">Logo Druidicus<\/figcaption><\/figure>\n<\/figure>\n<\/div>\n<\/div>\n<\/div>\n\n\n\n<div class=\"wp-block-group alignfull has-accent-5-background-color has-background has-global-padding is-layout-constrained wp-container-core-group-is-layout-d89aad35 wp-block-group-is-layout-constrained\" style=\"margin-top:0;margin-bottom:0;padding-top:var(--wp--preset--spacing--50);padding-right:var(--wp--preset--spacing--50);padding-bottom:var(--wp--preset--spacing--50);padding-left:var(--wp--preset--spacing--50)\">\n<div class=\"wp-block-columns alignwide is-layout-flex wp-container-core-columns-is-layout-1da03c2a wp-block-columns-is-layout-flex\">\n<div class=\"wp-block-column is-vertically-aligned-center is-layout-flow wp-block-column-is-layout-flow\" style=\"flex-basis:60%\">\n<div class=\"wp-block-columns is-layout-flex wp-container-core-columns-is-layout-28f84493 wp-block-columns-is-layout-flex\">\n<div class=\"wp-block-column is-layout-flow wp-block-column-is-layout-flow\" style=\"flex-basis:100%\">\n<div class=\"wp-block-group has-global-padding is-layout-constrained wp-block-group-is-layout-constrained\">\n<figure class=\"wp-block-image size-full is-style-rounded wp-duotone-unset-5 is-style-rounded--4\"><img loading=\"lazy\" decoding=\"async\" width=\"886\" height=\"1178\" src=\"https:\/\/druidicus.ch\/wp-content\/uploads\/2023\/12\/IMG-20231120-WA0010_1.jpg\" alt=\"\" class=\"wp-image-12\" style=\"aspect-ratio:4\/3;object-fit:cover\" srcset=\"https:\/\/druidicus.ch\/wp-content\/uploads\/2023\/12\/IMG-20231120-WA0010_1.jpg 886w, https:\/\/druidicus.ch\/wp-content\/uploads\/2023\/12\/IMG-20231120-WA0010_1-226x300.jpg 226w, https:\/\/druidicus.ch\/wp-content\/uploads\/2023\/12\/IMG-20231120-WA0010_1-770x1024.jpg 770w, https:\/\/druidicus.ch\/wp-content\/uploads\/2023\/12\/IMG-20231120-WA0010_1-768x1021.jpg 768w\" sizes=\"auto, (max-width: 886px) 100vw, 886px\" \/><\/figure>\n<\/div>\n<\/div>\n<\/div>\n<\/div>\n\n\n\n<div class=\"wp-block-column is-layout-flow wp-block-column-is-layout-flow\" style=\"flex-basis:40%\">\n<h2 class=\"wp-block-heading has-large-font-size\">TSirup<\/h2>\n\n\n\n<p class=\"has-medium-font-size\">Wir sammeln die Kr\u00e4uter in der Gegend und W\u00e4ldern rund um Willisau. Daraus produzieren wir TSirup zum Geniessen &#8211; kalt oder warm.<br><\/p>\n\n\n\n<div class=\"wp-block-buttons is-layout-flex wp-block-buttons-is-layout-flex\">\n<div class=\"wp-block-button\"><a class=\"wp-block-button__link wp-element-button\" href=\"https:\/\/druidicus.ch\/?page_id=44\" target=\"_blank\" rel=\"noreferrer noopener\">Unsere Produkte<\/a><\/div>\n<\/div>\n<\/div>\n<\/div>\n<\/div>\n\n\n\n<div class=\"wp-block-group alignfull has-accent-5-background-color has-background has-global-padding is-layout-constrained wp-container-core-group-is-layout-d89aad35 wp-block-group-is-layout-constrained\" style=\"margin-top:0;margin-bottom:0;padding-top:var(--wp--preset--spacing--50);padding-right:var(--wp--preset--spacing--50);padding-bottom:var(--wp--preset--spacing--50);padding-left:var(--wp--preset--spacing--50)\">\n<div class=\"wp-block-columns alignwide is-layout-flex wp-container-core-columns-is-layout-1da03c2a wp-block-columns-is-layout-flex\">\n<div class=\"wp-block-column is-vertically-aligned-center is-layout-flow wp-block-column-is-layout-flow\" style=\"flex-basis:60%\">\n<div class=\"wp-block-columns is-layout-flex wp-container-core-columns-is-layout-28f84493 wp-block-columns-is-layout-flex\">\n<div class=\"wp-block-column is-layout-flow wp-block-column-is-layout-flow\" style=\"flex-basis:100%\">\n<div class=\"wp-block-group has-global-padding is-layout-constrained wp-block-group-is-layout-constrained\">\n<figure class=\"wp-block-image size-full is-style-rounded wp-duotone-unset-7 is-style-rounded--6\"><img loading=\"lazy\" decoding=\"async\" width=\"886\" height=\"1178\" src=\"https:\/\/druidicus.ch\/wp-content\/uploads\/2023\/12\/IMG-20231120-WA0010_1.jpg\" alt=\"\" class=\"wp-image-12\" style=\"aspect-ratio:4\/3;object-fit:cover\" srcset=\"https:\/\/druidicus.ch\/wp-content\/uploads\/2023\/12\/IMG-20231120-WA0010_1.jpg 886w, https:\/\/druidicus.ch\/wp-content\/uploads\/2023\/12\/IMG-20231120-WA0010_1-226x300.jpg 226w, https:\/\/druidicus.ch\/wp-content\/uploads\/2023\/12\/IMG-20231120-WA0010_1-770x1024.jpg 770w, https:\/\/druidicus.ch\/wp-content\/uploads\/2023\/12\/IMG-20231120-WA0010_1-768x1021.jpg 768w\" sizes=\"auto, (max-width: 886px) 100vw, 886px\" \/><\/figure>\n<\/div>\n<\/div>\n<\/div>\n<\/div>\n\n\n\n<div class=\"wp-block-column is-layout-flow wp-block-column-is-layout-flow\" style=\"flex-basis:40%\">\n<h2 class=\"wp-block-heading has-large-font-size\">Saubi<\/h2>\n\n\n\n<p class=\"has-medium-font-size\">Wir sammeln die Kr\u00e4uter in der Gegend und W\u00e4ldern rund um Willisau. Daraus produzieren wir neu auch Salben.<br><\/p>\n\n\n\n<div class=\"wp-block-buttons is-layout-flex wp-block-buttons-is-layout-flex\">\n<div class=\"wp-block-button\"><a class=\"wp-block-button__link wp-element-button\" href=\"https:\/\/druidicus.ch\/?page_id=269\">Unsere Produkte<\/a><\/div>\n<\/div>\n<\/div>\n<\/div>\n<\/div>\n\n\n\n<div class=\"wp-block-group alignfull has-accent-5-background-color has-background has-global-padding is-layout-constrained wp-container-core-group-is-layout-d89aad35 wp-block-group-is-layout-constrained\" style=\"margin-top:0;margin-bottom:0;padding-top:var(--wp--preset--spacing--50);padding-right:var(--wp--preset--spacing--50);padding-bottom:var(--wp--preset--spacing--50);padding-left:var(--wp--preset--spacing--50)\">\n<div class=\"wp-block-columns alignwide is-layout-flex wp-container-core-columns-is-layout-1da03c2a wp-block-columns-is-layout-flex\">\n<div class=\"wp-block-column is-vertically-aligned-center is-layout-flow wp-block-column-is-layout-flow\" style=\"flex-basis:60%\">\n<figure class=\"wp-block-gallery has-nested-images columns-default is-cropped wp-block-gallery-10 is-layout-flex wp-block-gallery-is-layout-flex\">\n<figure class=\"wp-block-image size-full is-style-rounded wp-duotone-unset-9 is-style-rounded--8\"><img loading=\"lazy\" decoding=\"async\" width=\"886\" height=\"1178\" data-id=\"12\" src=\"https:\/\/druidicus.ch\/wp-content\/uploads\/2023\/12\/IMG-20231120-WA0010_1.jpg\" alt=\"\" class=\"wp-image-12\" style=\"aspect-ratio:4\/3;object-fit:cover\" srcset=\"https:\/\/druidicus.ch\/wp-content\/uploads\/2023\/12\/IMG-20231120-WA0010_1.jpg 886w, https:\/\/druidicus.ch\/wp-content\/uploads\/2023\/12\/IMG-20231120-WA0010_1-226x300.jpg 226w, https:\/\/druidicus.ch\/wp-content\/uploads\/2023\/12\/IMG-20231120-WA0010_1-770x1024.jpg 770w, https:\/\/druidicus.ch\/wp-content\/uploads\/2023\/12\/IMG-20231120-WA0010_1-768x1021.jpg 768w\" sizes=\"auto, (max-width: 886px) 100vw, 886px\" \/><\/figure>\n<\/figure>\n<\/div>\n\n\n\n<div class=\"wp-block-column is-layout-flow wp-block-column-is-layout-flow\" style=\"flex-basis:40%\">\n<h2 class=\"wp-block-heading has-large-font-size\">Badrausch<\/h2>\n\n\n\n<p class=\"has-medium-font-size\">Wir sammeln die Kr\u00e4uter in der Gegend und W\u00e4ldern rund um Willisau. Daraus produzieren wir ein Badewasser zum Abtauchen.<\/p>\n\n\n\n<div class=\"wp-block-buttons is-layout-flex wp-block-buttons-is-layout-flex\">\n<div class=\"wp-block-button\"><a class=\"wp-block-button__link wp-element-button\">Unsere Produkte<\/a><\/div>\n<\/div>\n<\/div>\n<\/div>\n<\/div>\n\n\n\n<div class=\"wp-block-group alignfull has-global-padding is-layout-constrained wp-container-core-group-is-layout-669513ed wp-block-group-is-layout-constrained\" style=\"margin-top:0;margin-bottom:0;padding-top:var(--wp--preset--spacing--50);padding-right:var(--wp--preset--spacing--50);padding-bottom:var(--wp--preset--spacing--50);padding-left:var(--wp--preset--spacing--50)\">\n<div style=\"height:var(--wp--preset--spacing--30)\" aria-hidden=\"true\" class=\"wp-block-spacer\"><\/div>\n<\/div>\n\n\n\n<h2 class=\"wp-block-heading has-text-align-center has-x-large-font-size\">Lerne unser Team kennen<\/h2>\n\n\n\n<div class=\"wp-block-group is-vertical is-content-justification-center is-layout-flex wp-container-core-group-is-layout-ce155fab wp-block-group-is-layout-flex\">\n<p class=\"has-text-align-center has-medium-font-size\">Unser Start-Up beginnt klein, aber fein. Mehr \u00fcber uns erf\u00e4hrst du hier <\/p>\n\n\n\n<div class=\"wp-block-buttons is-layout-flex wp-block-buttons-is-layout-flex\">\n<div class=\"wp-block-button\" id=\"https:\/\/druidicus.ch\/?page_id=173\"><a class=\"wp-block-button__link wp-element-button\" href=\"https:\/\/druidicus.ch\/?page_id=173\" target=\"_blank\" rel=\"noreferrer noopener\">\u00dcber uns<\/a><\/div>\n<\/div>\n<\/div>\n\n\n\n<p><\/p>\n","protected":false},"excerpt":{"rendered":"<p>Wir produzieren in Willisau aus nat\u00fcrlichen Stoffen. Unsere Produkte bestehen aus 4 Zutaten: Wasser, Zucker, Zitronens\u00e4ure und Kr\u00e4utern. Unser Ziel ist es, das alte Wissen unserer Vorfahren in unsere Zeit zu bringen. TSirup Wir sammeln die Kr\u00e4uter in der Gegend und W\u00e4ldern rund um Willisau. Daraus produzieren wir TSirup zum Geniessen &#8211; kalt oder warm. [&hellip;]<\/p>\n","protected":false},"author":1,"featured_media":0,"parent":0,"menu_order":1,"comment_status":"closed","ping_status":"closed","template":"","meta":{"footnotes":""},"class_list":["post-14","page","type-page","status-publish","hentry"],"_links":{"self":[{"href":"https:\/\/druidicus.ch\/index.php?rest_route=\/wp\/v2\/pages\/14","targetHints":{"allow":["GET"]}}],"collection":[{"href":"https:\/\/druidicus.ch\/index.php?rest_route=\/wp\/v2\/pages"}],"about":[{"href":"https:\/\/druidicus.ch\/index.php?rest_route=\/wp\/v2\/types\/page"}],"author":[{"embeddable":true,"href":"https:\/\/druidicus.ch\/index.php?rest_route=\/wp\/v2\/users\/1"}],"replies":[{"embeddable":true,"href":"https:\/\/druidicus.ch\/index.php?rest_route=%2Fwp%2Fv2%2Fcomments&post=14"}],"version-history":[{"count":18,"href":"https:\/\/druidicus.ch\/index.php?rest_route=\/wp\/v2\/pages\/14\/revisions"}],"predecessor-version":[{"id":301,"href":"https:\/\/druidicus.ch\/index.php?rest_route=\/wp\/v2\/pages\/14\/revisions\/301"}],"wp:attachment":[{"href":"https:\/\/druidicus.ch\/index.php?rest_route=%2Fwp%2Fv2%2Fmedia&parent=14"}],"curies":[{"name":"wp","href":"https:\/\/api.w.org\/{rel}","templated":true}]}}