{"id":132,"date":"2024-02-15T13:13:21","date_gmt":"2024-02-15T13:13:21","guid":{"rendered":"https:\/\/druidicus.ch\/?page_id=132"},"modified":"2024-02-16T11:34:45","modified_gmt":"2024-02-16T11:34:45","slug":"tsirup-mistel","status":"publish","type":"page","link":"https:\/\/druidicus.ch\/?page_id=132","title":{"rendered":"TSirup Mistel"},"content":{"rendered":"\n<div class=\"wp-block-group alignfull has-accent-2-background-color has-background has-global-padding is-layout-constrained wp-container-core-group-is-layout-669513ed wp-block-group-is-layout-constrained\" style=\"margin-top:0;margin-bottom:0;padding-top:var(--wp--preset--spacing--50);padding-right:var(--wp--preset--spacing--50);padding-bottom:var(--wp--preset--spacing--50);padding-left:var(--wp--preset--spacing--50)\">\n<div class=\"wp-block-columns alignwide is-layout-flex wp-container-core-columns-is-layout-28f84493 wp-block-columns-is-layout-flex\">\n<div class=\"wp-block-column is-layout-flow wp-block-column-is-layout-flow\" style=\"flex-basis:40%\">\n<p class=\"has-large-font-size wp-container-content-0733e5d0\"><strong>Inhaltsstoffe<\/strong><\/p>\n<\/div>\n\n\n\n<div class=\"wp-block-column is-layout-flow wp-block-column-is-layout-flow\" style=\"flex-basis:60%\">\n<p class=\"has-heading-font-family has-medium-font-size\" style=\"line-height:1.2\">50 % Wasser<\/p>\n\n\n\n<p>38.5 % Zucker<\/p>\n\n\n\n<p>5 % Zitronens\u00e4ure<\/p>\n\n\n\n<p>8 % Mistel<\/p>\n\n\n\n<p>0.001 % Salz<\/p>\n<\/div>\n<\/div>\n\n\n\n<div style=\"height:var(--wp--preset--spacing--40)\" aria-hidden=\"true\" class=\"wp-block-spacer\"><\/div>\n\n\n\n<div class=\"wp-block-columns alignwide is-layout-flex wp-container-core-columns-is-layout-28f84493 wp-block-columns-is-layout-flex\">\n<div class=\"wp-block-column is-layout-flow wp-block-column-is-layout-flow\" style=\"flex-basis:40%\">\n<p class=\"has-large-font-size wp-container-content-0733e5d0\"><strong>Preis<\/strong><\/p>\n<\/div>\n\n\n\n<div class=\"wp-block-column is-layout-flow wp-block-column-is-layout-flow\" style=\"flex-basis:60%\">\n<div class=\"wp-block-columns is-layout-flex wp-container-core-columns-is-layout-28f84493 wp-block-columns-is-layout-flex\">\n<div class=\"wp-block-column is-layout-flow wp-block-column-is-layout-flow\">\n<p>0.5 Liter<\/p>\n<\/div>\n\n\n\n<div class=\"wp-block-column is-layout-flow wp-block-column-is-layout-flow\">\n<p>CHF 20.00<\/p>\n<\/div>\n<\/div>\n\n\n\n<div class=\"wp-block-columns is-layout-flex wp-container-core-columns-is-layout-28f84493 wp-block-columns-is-layout-flex\">\n<div class=\"wp-block-column is-layout-flow wp-block-column-is-layout-flow\">\n<p>1 Liter<\/p>\n<\/div>\n\n\n\n<div class=\"wp-block-column is-layout-flow wp-block-column-is-layout-flow\">\n<p>CHF 27.00<\/p>\n<\/div>\n<\/div>\n<\/div>\n<\/div>\n\n\n\n<div style=\"height:var(--wp--preset--spacing--40)\" aria-hidden=\"true\" class=\"wp-block-spacer\"><\/div>\n\n\n\n<figure class=\"wp-block-gallery alignwide has-nested-images columns-default is-cropped wp-block-gallery-5 is-layout-flex wp-block-gallery-is-layout-flex\">\n<figure class=\"wp-block-image size-large is-style-rounded wp-duotone-unset-2 is-style-rounded--1\"><img loading=\"lazy\" decoding=\"async\" width=\"683\" height=\"1024\" data-id=\"134\" src=\"https:\/\/druidicus.ch\/wp-content\/uploads\/2024\/02\/Mistel_klein-683x1024.jpg\" alt=\"\" class=\"wp-image-134\" srcset=\"https:\/\/druidicus.ch\/wp-content\/uploads\/2024\/02\/Mistel_klein-683x1024.jpg 683w, https:\/\/druidicus.ch\/wp-content\/uploads\/2024\/02\/Mistel_klein-200x300.jpg 200w, https:\/\/druidicus.ch\/wp-content\/uploads\/2024\/02\/Mistel_klein-768x1152.jpg 768w, https:\/\/druidicus.ch\/wp-content\/uploads\/2024\/02\/Mistel_klein-1024x1536.jpg 1024w, https:\/\/druidicus.ch\/wp-content\/uploads\/2024\/02\/Mistel_klein-1365x2048.jpg 1365w, https:\/\/druidicus.ch\/wp-content\/uploads\/2024\/02\/Mistel_klein-scaled.jpg 1707w\" sizes=\"auto, (max-width: 683px) 100vw, 683px\" \/><\/figure>\n\n\n\n<figure class=\"wp-block-image size-large is-style-rounded wp-duotone-unset-4 is-style-rounded--3\"><img loading=\"lazy\" decoding=\"async\" width=\"683\" height=\"1024\" data-id=\"133\" src=\"https:\/\/druidicus.ch\/wp-content\/uploads\/2024\/02\/Mistel_gross-683x1024.jpg\" alt=\"\" class=\"wp-image-133\" srcset=\"https:\/\/druidicus.ch\/wp-content\/uploads\/2024\/02\/Mistel_gross-683x1024.jpg 683w, https:\/\/druidicus.ch\/wp-content\/uploads\/2024\/02\/Mistel_gross-200x300.jpg 200w, https:\/\/druidicus.ch\/wp-content\/uploads\/2024\/02\/Mistel_gross-768x1152.jpg 768w, https:\/\/druidicus.ch\/wp-content\/uploads\/2024\/02\/Mistel_gross-1024x1536.jpg 1024w, https:\/\/druidicus.ch\/wp-content\/uploads\/2024\/02\/Mistel_gross-1365x2048.jpg 1365w, https:\/\/druidicus.ch\/wp-content\/uploads\/2024\/02\/Mistel_gross-scaled.jpg 1707w\" sizes=\"auto, (max-width: 683px) 100vw, 683px\" \/><\/figure>\n<\/figure>\n<\/div>\n\n\n\n<div class=\"wp-block-group alignfull has-base-background-color has-background has-global-padding is-layout-constrained wp-container-core-group-is-layout-d89aad35 wp-block-group-is-layout-constrained\" style=\"margin-top:0;margin-bottom:0;padding-top:var(--wp--preset--spacing--50);padding-right:var(--wp--preset--spacing--50);padding-bottom:var(--wp--preset--spacing--50);padding-left:var(--wp--preset--spacing--50)\">\n<div class=\"wp-block-columns alignwide is-layout-flex wp-container-core-columns-is-layout-549b0c86 wp-block-columns-is-layout-flex\">\n<div class=\"wp-block-column has-global-padding is-content-justification-left is-layout-constrained wp-container-core-column-is-layout-4f15e8fe wp-block-column-is-layout-constrained\" style=\"flex-basis:40%\">\n<p class=\"has-large-font-size\"><strong>positive Eigenschaften<\/strong><\/p>\n<\/div>\n\n\n\n<div class=\"wp-block-column is-layout-flow wp-container-core-column-is-layout-119bc444 wp-block-column-is-layout-flow\" style=\"flex-basis:60%\">\n<p class=\"has-heading-font-family has-medium-font-size\" style=\"line-height:1.2\">Wir sammeln nur die Bl\u00e4tter und Stile. Diese sortieren wir anschliessend aus, so dass nur die sch\u00f6nen und besten Bl\u00e4tter in unseren TSirup gelangen.<br><br>beruhigend, blutstillend, entz\u00fcndungshemmend, kreislaufunterst\u00fctzend, harntreibend, krebshemmend, antitumor\u00f6s, immunstimmulierend, krampfll\u00f6send, schmerzlindernd, verdauungsf\u00f6rdernd, Blutdruck stabilisierend<\/p>\n\n\n\n<div class=\"wp-block-columns is-layout-flex wp-container-core-columns-is-layout-87beb0d0 wp-block-columns-is-layout-flex\">\n<div class=\"wp-block-column is-layout-flow wp-block-column-is-layout-flow\">\n<p class=\"wp-container-content-9cfa9a5a\">Die Mistel beeinflusst den gesamten Dr\u00fcsenhaushalt, weshalb sie sich gut als stoffwechself\u00f6rderndes Mittel eignet. So unterst\u00fctzt sie unter anderem auch die Bauchspeicheldr\u00fcse. Sowohl bei chronischen Stoffwechselerkrankungen wie auch bei einem unregelm\u00e4ssigen Hormonhaushalt wirkt die Mistel bei l\u00e4ngerer regelm\u00e4ssiger Einnahme. <br>Die Mistel beugt Arterienverkalkung vor und ist auch als blutstillendes Mittel bekannt.<\/p>\n\n\n\n<p>Dar\u00fcber hinaus ist die Mistel auch bei Herzschw\u00e4che, Herz-Kreislaufst\u00f6rungen, Bluthochdruck, Asthma, Schwindelanf\u00e4llen, Konzentrationsst\u00f6rungen, Ohrensausen (Tinnitus) sowie zur Vorbeugung und Behandlung von Arteriosklerose sehr hilfreich.<\/p>\n<\/div>\n\n\n\n<div class=\"wp-block-column is-layout-flow wp-block-column-is-layout-flow\">\n<p>Die Mistel kann man als bestes Herz- und Kreislaufmittel bezeichnen. Da die Mistel Wirkstoffe hat, die den gesamten K\u00f6rperhaushalt normalisieren, senkt sie den hohen Blutdruck und hebt den niedrigen Blutdruck. Damit wird das unruhige Herz beruhigt und die Herzt\u00e4tigkeit gekr\u00e4ftigt.<\/p>\n\n\n\n<p>Auch bei der Frauenheilkunde wirkt die Mistel. Durch den normalisierten Blutkreislauf kann die Mistel Geb\u00e4rmutter und Menstruationsst\u00f6rungen zum Stillstand brinken. W\u00e4hrend der Wechseljahre l\u00f6st die Mistel die Beschwerden wie Herzklopfen und -jagen, Wallungen, Angstgef\u00fchlen und Atemnot.<\/p>\n<\/div>\n<\/div>\n<\/div>\n<\/div>\n<\/div>\n","protected":false},"excerpt":{"rendered":"<p>Inhaltsstoffe 50 % Wasser 38.5 % Zucker 5 % Zitronens\u00e4ure 8 % Mistel 0.001 % Salz Preis 0.5 Liter CHF 20.00 1 Liter CHF 27.00 positive Eigenschaften Wir sammeln nur die Bl\u00e4tter und Stile. Diese sortieren wir anschliessend aus, so dass nur die sch\u00f6nen und besten Bl\u00e4tter in unseren TSirup gelangen. beruhigend, blutstillend, entz\u00fcndungshemmend, kreislaufunterst\u00fctzend, [&hellip;]<\/p>\n","protected":false},"author":1,"featured_media":0,"parent":0,"menu_order":0,"comment_status":"closed","ping_status":"closed","template":"","meta":{"footnotes":""},"class_list":["post-132","page","type-page","status-publish","hentry"],"_links":{"self":[{"href":"https:\/\/druidicus.ch\/index.php?rest_route=\/wp\/v2\/pages\/132","targetHints":{"allow":["GET"]}}],"collection":[{"href":"https:\/\/druidicus.ch\/index.php?rest_route=\/wp\/v2\/pages"}],"about":[{"href":"https:\/\/druidicus.ch\/index.php?rest_route=\/wp\/v2\/types\/page"}],"author":[{"embeddable":true,"href":"https:\/\/druidicus.ch\/index.php?rest_route=\/wp\/v2\/users\/1"}],"replies":[{"embeddable":true,"href":"https:\/\/druidicus.ch\/index.php?rest_route=%2Fwp%2Fv2%2Fcomments&post=132"}],"version-history":[{"count":3,"href":"https:\/\/druidicus.ch\/index.php?rest_route=\/wp\/v2\/pages\/132\/revisions"}],"predecessor-version":[{"id":163,"href":"https:\/\/druidicus.ch\/index.php?rest_route=\/wp\/v2\/pages\/132\/revisions\/163"}],"wp:attachment":[{"href":"https:\/\/druidicus.ch\/index.php?rest_route=%2Fwp%2Fv2%2Fmedia&parent=132"}],"curies":[{"name":"wp","href":"https:\/\/api.w.org\/{rel}","templated":true}]}}