{"id":122,"date":"2024-02-02T16:33:45","date_gmt":"2024-02-02T16:33:45","guid":{"rendered":"https:\/\/druidicus.ch\/?page_id=122"},"modified":"2024-02-02T16:33:45","modified_gmt":"2024-02-02T16:33:45","slug":"tsirup-indianernessel","status":"publish","type":"page","link":"https:\/\/druidicus.ch\/?page_id=122","title":{"rendered":"TSirup Indianernessel"},"content":{"rendered":"\n<div class=\"wp-block-group alignfull has-accent-2-background-color has-background has-global-padding is-layout-constrained wp-container-core-group-is-layout-669513ed wp-block-group-is-layout-constrained\" style=\"margin-top:0;margin-bottom:0;padding-top:var(--wp--preset--spacing--50);padding-right:var(--wp--preset--spacing--50);padding-bottom:var(--wp--preset--spacing--50);padding-left:var(--wp--preset--spacing--50)\">\n<div class=\"wp-block-columns alignwide is-layout-flex wp-container-core-columns-is-layout-28f84493 wp-block-columns-is-layout-flex\">\n<div class=\"wp-block-column is-layout-flow wp-block-column-is-layout-flow\" style=\"flex-basis:40%\">\n<p class=\"has-large-font-size wp-container-content-0733e5d0\"><strong>Inhaltsstoffe<\/strong><\/p>\n<\/div>\n\n\n\n<div class=\"wp-block-column is-layout-flow wp-block-column-is-layout-flow\" style=\"flex-basis:60%\">\n<p class=\"has-heading-font-family has-medium-font-size\" style=\"line-height:1.2\">50 % Wasser<\/p>\n\n\n\n<p>38.5 % Zucker<\/p>\n\n\n\n<p>5 % Zitronens\u00e4ure<\/p>\n\n\n\n<p>8 % Indianernessel<\/p>\n\n\n\n<p>0.001 % Salz<\/p>\n<\/div>\n<\/div>\n\n\n\n<div style=\"height:var(--wp--preset--spacing--40)\" aria-hidden=\"true\" class=\"wp-block-spacer\"><\/div>\n\n\n\n<div class=\"wp-block-columns alignwide is-layout-flex wp-container-core-columns-is-layout-28f84493 wp-block-columns-is-layout-flex\">\n<div class=\"wp-block-column is-layout-flow wp-block-column-is-layout-flow\" style=\"flex-basis:40%\">\n<p class=\"has-large-font-size wp-container-content-0733e5d0\"><strong>Preis<\/strong><\/p>\n<\/div>\n\n\n\n<div class=\"wp-block-column is-layout-flow wp-block-column-is-layout-flow\" style=\"flex-basis:60%\">\n<div class=\"wp-block-columns is-layout-flex wp-container-core-columns-is-layout-28f84493 wp-block-columns-is-layout-flex\">\n<div class=\"wp-block-column is-layout-flow wp-block-column-is-layout-flow\">\n<p>0.5 Liter<\/p>\n<\/div>\n\n\n\n<div class=\"wp-block-column is-layout-flow wp-block-column-is-layout-flow\">\n<p>1 Liter<\/p>\n<\/div>\n<\/div>\n\n\n\n<div class=\"wp-block-columns is-layout-flex wp-container-core-columns-is-layout-28f84493 wp-block-columns-is-layout-flex\">\n<div class=\"wp-block-column is-layout-flow wp-block-column-is-layout-flow\">\n<p>CHF 20.00<\/p>\n<\/div>\n\n\n\n<div class=\"wp-block-column is-layout-flow wp-block-column-is-layout-flow\">\n<p>CHF 30.00<\/p>\n<\/div>\n<\/div>\n<\/div>\n<\/div>\n\n\n\n<figure class=\"wp-block-gallery alignwide has-nested-images columns-default is-cropped wp-block-gallery-5 is-layout-flex wp-block-gallery-is-layout-flex\">\n<figure class=\"wp-block-image size-large is-style-rounded wp-duotone-unset-2 is-style-rounded--1\"><img loading=\"lazy\" decoding=\"async\" width=\"768\" height=\"1024\" data-id=\"124\" src=\"https:\/\/druidicus.ch\/wp-content\/uploads\/2024\/02\/IMG_3532-768x1024.jpg\" alt=\"\" class=\"wp-image-124\" srcset=\"https:\/\/druidicus.ch\/wp-content\/uploads\/2024\/02\/IMG_3532-768x1024.jpg 768w, https:\/\/druidicus.ch\/wp-content\/uploads\/2024\/02\/IMG_3532-225x300.jpg 225w, https:\/\/druidicus.ch\/wp-content\/uploads\/2024\/02\/IMG_3532-1152x1536.jpg 1152w, https:\/\/druidicus.ch\/wp-content\/uploads\/2024\/02\/IMG_3532-1536x2048.jpg 1536w, https:\/\/druidicus.ch\/wp-content\/uploads\/2024\/02\/IMG_3532-rotated.jpg 1728w\" sizes=\"auto, (max-width: 768px) 100vw, 768px\" \/><figcaption class=\"wp-element-caption\">TSirup Indianernessel \n0.5 Liter<\/figcaption><\/figure>\n\n\n\n<figure class=\"wp-block-image size-large is-style-rounded wp-duotone-unset-4 is-style-rounded--3\"><img loading=\"lazy\" decoding=\"async\" width=\"768\" height=\"1024\" data-id=\"123\" src=\"https:\/\/druidicus.ch\/wp-content\/uploads\/2024\/02\/IMG_3531-768x1024.jpg\" alt=\"\" class=\"wp-image-123\" srcset=\"https:\/\/druidicus.ch\/wp-content\/uploads\/2024\/02\/IMG_3531-768x1024.jpg 768w, https:\/\/druidicus.ch\/wp-content\/uploads\/2024\/02\/IMG_3531-225x300.jpg 225w, https:\/\/druidicus.ch\/wp-content\/uploads\/2024\/02\/IMG_3531-1152x1536.jpg 1152w, https:\/\/druidicus.ch\/wp-content\/uploads\/2024\/02\/IMG_3531-1536x2048.jpg 1536w, https:\/\/druidicus.ch\/wp-content\/uploads\/2024\/02\/IMG_3531-rotated.jpg 1728w\" sizes=\"auto, (max-width: 768px) 100vw, 768px\" \/><figcaption class=\"wp-element-caption\">TSirup Indianernessel \n1 Liter<\/figcaption><\/figure>\n<\/figure>\n<\/div>\n\n\n\n<div class=\"wp-block-group alignfull has-base-background-color has-background has-global-padding is-layout-constrained wp-container-core-group-is-layout-d89aad35 wp-block-group-is-layout-constrained\" style=\"margin-top:0;margin-bottom:0;padding-top:var(--wp--preset--spacing--50);padding-right:var(--wp--preset--spacing--50);padding-bottom:var(--wp--preset--spacing--50);padding-left:var(--wp--preset--spacing--50)\">\n<div class=\"wp-block-columns alignwide is-layout-flex wp-container-core-columns-is-layout-549b0c86 wp-block-columns-is-layout-flex\">\n<div class=\"wp-block-column has-global-padding is-content-justification-left is-layout-constrained wp-container-core-column-is-layout-4f15e8fe wp-block-column-is-layout-constrained\" style=\"flex-basis:40%\">\n<p class=\"has-large-font-size\"><strong>Herkunft<\/strong><\/p>\n\n\n\n<div class=\"wp-block-columns is-layout-flex wp-container-core-columns-is-layout-28f84493 wp-block-columns-is-layout-flex\">\n<div class=\"wp-block-column is-layout-flow wp-block-column-is-layout-flow\"><\/div>\n<\/div>\n\n\n\n<div class=\"wp-block-columns is-layout-flex wp-container-core-columns-is-layout-28f84493 wp-block-columns-is-layout-flex\">\n<div class=\"wp-block-column is-layout-flow wp-block-column-is-layout-flow\">\n<p class=\"has-large-font-size\"><strong>positive Eigenschaften<\/strong><\/p>\n<\/div>\n<\/div>\n<\/div>\n\n\n\n<div class=\"wp-block-column is-layout-flow wp-container-core-column-is-layout-119bc444 wp-block-column-is-layout-flow\" style=\"flex-basis:60%\">\n<p class=\"has-heading-font-family has-large-font-size\" style=\"line-height:1.2\">Die Indianernessel ist die Vorfahrin der Goldmelisse. Sie wanderte als Zierpflanze aus Nordamerika in unsere G\u00e4rten ein.<\/p>\n\n\n\n<div class=\"wp-block-columns is-layout-flex wp-container-core-columns-is-layout-87beb0d0 wp-block-columns-is-layout-flex\">\n<div class=\"wp-block-column is-layout-flow wp-block-column-is-layout-flow\">\n<p>anregend, beruhigend, harntreibend, hautreizend, Menstruation regelnd, schleiml\u00f6send,  schweisstreibend<\/p>\n\n\n\n<div class=\"wp-block-columns is-layout-flex wp-container-core-columns-is-layout-28f84493 wp-block-columns-is-layout-flex\">\n<div class=\"wp-block-column is-layout-flow wp-block-column-is-layout-flow\">\n<p>In erster Linie beruhigt die Indianernessel bei Nervosit\u00e4t oder Reiz\u00fcberflutung. Sie hilft auch gegen Kopfweh, Migr\u00e4ne und Einschlafschwierigkeiten.<\/p>\n\n\n\n<p>Die beruhigende Wirkung macht man sich aber auch bei Magen- und Verdauungsbeschwerden zunutze, vor allem bei so genanntem nerv\u00f6sem Magen. Sie st\u00e4rkt die Verdauung und lindert Bl\u00e4hungen, weshalb sie auch eine leicht windtreibende Wirkung aufweist. Neben der beruhigenden Komponente steht deutlich wahrnehmbar auch eine krampfl\u00f6sende Wirkung. Auch kann man \u00dcbelkeit damit behandeln. Sie hilft auch bei Leber- und Galleleiden sowie zur Beruhigung bei nerv\u00f6sem Herzen.<\/p>\n<\/div>\n\n\n\n<div class=\"wp-block-column is-layout-flow wp-block-column-is-layout-flow\">\n<p>Die Indianernessel hilft aber auch bei Atmungsproblemen w\u00e4hrend einer Erk\u00e4ltung und bei Husten. Sie l\u00f6st den Schleim und befreit den Atem. Da sie auch schweisstreibend ist, wirkt sie ebenfalls bei Fieber. Ausserdem kr\u00e4figt sie nach Erk\u00e4ltungs- und Infektionskrankheiten. Nach l\u00e4ngerer Krankheit kann sie auch den Appetit steigern. In hoher Konzentration kann sie hautreizend wirken, als normal konzentrierter Tee f\u00f6rdert sie jedoch die Durchblutung der Haut.<\/p>\n\n\n\n<p>Da die Indianernessel eine Substanz enth\u00e4lt, die dem \u00d6strogen \u00e4hnelt, wirkt sie auch zur Regulierung vom Menstruationszyklus sowie gegen Wechseljahrbeschwerden.<\/p>\n<\/div>\n<\/div>\n<\/div>\n<\/div>\n<\/div>\n<\/div>\n<\/div>\n","protected":false},"excerpt":{"rendered":"<p>Inhaltsstoffe 50 % Wasser 38.5 % Zucker 5 % Zitronens\u00e4ure 8 % Indianernessel 0.001 % Salz Preis 0.5 Liter 1 Liter CHF 20.00 CHF 30.00 Herkunft positive Eigenschaften Die Indianernessel ist die Vorfahrin der Goldmelisse. Sie wanderte als Zierpflanze aus Nordamerika in unsere G\u00e4rten ein. anregend, beruhigend, harntreibend, hautreizend, Menstruation regelnd, schleiml\u00f6send, schweisstreibend In erster [&hellip;]<\/p>\n","protected":false},"author":1,"featured_media":0,"parent":0,"menu_order":0,"comment_status":"closed","ping_status":"closed","template":"","meta":{"footnotes":""},"class_list":["post-122","page","type-page","status-publish","hentry"],"_links":{"self":[{"href":"https:\/\/druidicus.ch\/index.php?rest_route=\/wp\/v2\/pages\/122","targetHints":{"allow":["GET"]}}],"collection":[{"href":"https:\/\/druidicus.ch\/index.php?rest_route=\/wp\/v2\/pages"}],"about":[{"href":"https:\/\/druidicus.ch\/index.php?rest_route=\/wp\/v2\/types\/page"}],"author":[{"embeddable":true,"href":"https:\/\/druidicus.ch\/index.php?rest_route=\/wp\/v2\/users\/1"}],"replies":[{"embeddable":true,"href":"https:\/\/druidicus.ch\/index.php?rest_route=%2Fwp%2Fv2%2Fcomments&post=122"}],"version-history":[{"count":3,"href":"https:\/\/druidicus.ch\/index.php?rest_route=\/wp\/v2\/pages\/122\/revisions"}],"predecessor-version":[{"id":127,"href":"https:\/\/druidicus.ch\/index.php?rest_route=\/wp\/v2\/pages\/122\/revisions\/127"}],"wp:attachment":[{"href":"https:\/\/druidicus.ch\/index.php?rest_route=%2Fwp%2Fv2%2Fmedia&parent=122"}],"curies":[{"name":"wp","href":"https:\/\/api.w.org\/{rel}","templated":true}]}}