{"id":109,"date":"2024-01-20T18:04:39","date_gmt":"2024-01-20T18:04:39","guid":{"rendered":"https:\/\/druidicus.ch\/?page_id=109"},"modified":"2024-02-02T14:53:29","modified_gmt":"2024-02-02T14:53:29","slug":"iistee","status":"publish","type":"page","link":"https:\/\/druidicus.ch\/?page_id=109","title":{"rendered":"Iistee"},"content":{"rendered":"\n<div class=\"wp-block-group alignfull has-accent-2-background-color has-background has-global-padding is-layout-constrained wp-container-core-group-is-layout-669513ed wp-block-group-is-layout-constrained\" style=\"margin-top:0;margin-bottom:0;padding-top:var(--wp--preset--spacing--50);padding-right:var(--wp--preset--spacing--50);padding-bottom:var(--wp--preset--spacing--50);padding-left:var(--wp--preset--spacing--50)\">\n<div class=\"wp-block-columns alignwide is-layout-flex wp-container-core-columns-is-layout-28f84493 wp-block-columns-is-layout-flex\">\n<div class=\"wp-block-column is-layout-flow wp-block-column-is-layout-flow\" style=\"flex-basis:40%\">\n<p class=\"has-large-font-size wp-container-content-0733e5d0\"><strong>Sorten<\/strong><\/p>\n<\/div>\n\n\n\n<div class=\"wp-block-column is-layout-flow wp-block-column-is-layout-flow\" style=\"flex-basis:60%\">\n<p class=\"has-heading-font-family has-medium-font-size\" style=\"line-height:1.2\">Wir f\u00fchren laufend neue Iistee in unserem Sortiment. Diese sind aus biologisch angebauten Kr\u00e4utern zusammengestellt.<\/p>\n\n\n\n<p>Zurzeit f\u00fchren wir folgende Iistee:<\/p>\n\n\n\n<p><strong>Dschira <\/strong>  ein s\u00fcsser beeriger Iistee mit vielen verschiedenen Beeren.<\/p>\n\n\n\n<p><strong>Zachira   <\/strong>ein fruchtig-beeriger Iistee mit Fr\u00fcchten und Beeren<\/p>\n\n\n\n<p><strong>Chin Laukhan<\/strong>    ein herbfruchtiger Iistee mit Eukalyptus, Orangen und Lemongras<\/p>\n<\/div>\n<\/div>\n\n\n\n<div class=\"wp-block-columns alignwide is-layout-flex wp-container-core-columns-is-layout-28f84493 wp-block-columns-is-layout-flex\">\n<div class=\"wp-block-column is-layout-flow wp-block-column-is-layout-flow\" style=\"flex-basis:40%\">\n<p class=\"has-large-font-size wp-container-content-0733e5d0\"><strong>Preis<\/strong><\/p>\n<\/div>\n\n\n\n<div class=\"wp-block-column is-layout-flow wp-block-column-is-layout-flow\" style=\"flex-basis:60%\">\n<div class=\"wp-block-columns is-layout-flex wp-container-core-columns-is-layout-28f84493 wp-block-columns-is-layout-flex\">\n<div class=\"wp-block-column is-layout-flow wp-block-column-is-layout-flow\">\n<p>0.5 Liter<\/p>\n<\/div>\n\n\n\n<div class=\"wp-block-column is-layout-flow wp-block-column-is-layout-flow\">\n<p>CHF 10.00<\/p>\n<\/div>\n<\/div>\n\n\n\n<div class=\"wp-block-columns is-layout-flex wp-container-core-columns-is-layout-28f84493 wp-block-columns-is-layout-flex\">\n<div class=\"wp-block-column is-layout-flow wp-block-column-is-layout-flow\">\n<p>1 Liter<\/p>\n<\/div>\n\n\n\n<div class=\"wp-block-column is-layout-flow wp-block-column-is-layout-flow\">\n<p>CHF 18.00<\/p>\n<\/div>\n<\/div>\n<\/div>\n<\/div>\n\n\n\n<div style=\"height:var(--wp--preset--spacing--40)\" aria-hidden=\"true\" class=\"wp-block-spacer\"><\/div>\n\n\n\n<figure class=\"wp-block-image alignwide size-large is-style-rounded wp-duotone-unset-2 is-style-rounded--1\"><img loading=\"lazy\" decoding=\"async\" width=\"770\" height=\"1024\" src=\"https:\/\/druidicus.ch\/wp-content\/uploads\/2023\/12\/IMG-20231120-WA0010_1-770x1024.jpg\" alt=\"\" class=\"wp-image-12\" srcset=\"https:\/\/druidicus.ch\/wp-content\/uploads\/2023\/12\/IMG-20231120-WA0010_1-770x1024.jpg 770w, https:\/\/druidicus.ch\/wp-content\/uploads\/2023\/12\/IMG-20231120-WA0010_1-226x300.jpg 226w, https:\/\/druidicus.ch\/wp-content\/uploads\/2023\/12\/IMG-20231120-WA0010_1-768x1021.jpg 768w, https:\/\/druidicus.ch\/wp-content\/uploads\/2023\/12\/IMG-20231120-WA0010_1.jpg 886w\" sizes=\"auto, (max-width: 770px) 100vw, 770px\" \/><\/figure>\n<\/div>\n\n\n\n<div class=\"wp-block-group alignfull has-base-background-color has-background has-global-padding is-layout-constrained wp-container-core-group-is-layout-d89aad35 wp-block-group-is-layout-constrained\" style=\"margin-top:0;margin-bottom:0;padding-top:var(--wp--preset--spacing--50);padding-right:var(--wp--preset--spacing--50);padding-bottom:var(--wp--preset--spacing--50);padding-left:var(--wp--preset--spacing--50)\">\n<div class=\"wp-block-columns alignwide is-layout-flex wp-container-core-columns-is-layout-549b0c86 wp-block-columns-is-layout-flex\">\n<div class=\"wp-block-column has-global-padding is-content-justification-left is-layout-constrained wp-container-core-column-is-layout-4f15e8fe wp-block-column-is-layout-constrained\" style=\"flex-basis:40%\">\n<p>Dies sind zurzeit unsere Auswahl<\/p>\n<\/div>\n\n\n\n<div class=\"wp-block-column is-layout-flow wp-container-core-column-is-layout-119bc444 wp-block-column-is-layout-flow\" style=\"flex-basis:60%\">\n<p class=\"has-heading-font-family has-x-large-font-size\" style=\"line-height:1.2\">Dschira<\/p>\n\n\n\n<div class=\"wp-block-columns is-layout-flex wp-container-core-columns-is-layout-87beb0d0 wp-block-columns-is-layout-flex\">\n<div class=\"wp-block-column is-layout-flow wp-block-column-is-layout-flow\">\n<p class=\"wp-container-content-9cfa9a5a\">Die beerige Wahl als Eistee oder Punsch<\/p>\n<\/div>\n\n\n\n<div class=\"wp-block-column is-layout-flow wp-block-column-is-layout-flow\">\n<figure class=\"wp-block-image size-large wp-duotone-unset-3\"><img loading=\"lazy\" decoding=\"async\" width=\"726\" height=\"1024\" src=\"https:\/\/druidicus.ch\/wp-content\/uploads\/2023\/12\/Dschira-gross-726x1024.png\" alt=\"Iistee Dschira 1 Liter\" class=\"wp-image-63\" srcset=\"https:\/\/druidicus.ch\/wp-content\/uploads\/2023\/12\/Dschira-gross-726x1024.png 726w, https:\/\/druidicus.ch\/wp-content\/uploads\/2023\/12\/Dschira-gross-213x300.png 213w, https:\/\/druidicus.ch\/wp-content\/uploads\/2023\/12\/Dschira-gross-768x1083.png 768w, https:\/\/druidicus.ch\/wp-content\/uploads\/2023\/12\/Dschira-gross-1090x1536.png 1090w, https:\/\/druidicus.ch\/wp-content\/uploads\/2023\/12\/Dschira-gross.png 1240w\" sizes=\"auto, (max-width: 726px) 100vw, 726px\" \/><\/figure>\n<\/div>\n<\/div>\n<\/div>\n\n\n\n<div class=\"wp-block-column is-layout-flow wp-container-core-column-is-layout-119bc444 wp-block-column-is-layout-flow\" style=\"flex-basis:60%\">\n<p class=\"has-heading-font-family has-x-large-font-size\" style=\"line-height:1.2\">Zachira<\/p>\n\n\n\n<div class=\"wp-block-columns is-layout-flex wp-container-core-columns-is-layout-87beb0d0 wp-block-columns-is-layout-flex\">\n<div class=\"wp-block-column is-layout-flow wp-block-column-is-layout-flow\">\n<p class=\"wp-container-content-9cfa9a5a\">Die fruchtig-beerige Wahl als Eistee oder Punsch<\/p>\n<\/div>\n\n\n\n<div class=\"wp-block-column is-layout-flow wp-block-column-is-layout-flow\">\n<figure class=\"wp-block-image size-large wp-duotone-unset-4\"><img loading=\"lazy\" decoding=\"async\" width=\"726\" height=\"1024\" src=\"https:\/\/druidicus.ch\/wp-content\/uploads\/2023\/12\/Zakira-klein-726x1024.jpg\" alt=\"\" class=\"wp-image-45\" srcset=\"https:\/\/druidicus.ch\/wp-content\/uploads\/2023\/12\/Zakira-klein-726x1024.jpg 726w, https:\/\/druidicus.ch\/wp-content\/uploads\/2023\/12\/Zakira-klein-213x300.jpg 213w, https:\/\/druidicus.ch\/wp-content\/uploads\/2023\/12\/Zakira-klein-768x1083.jpg 768w, https:\/\/druidicus.ch\/wp-content\/uploads\/2023\/12\/Zakira-klein-1090x1536.jpg 1090w, https:\/\/druidicus.ch\/wp-content\/uploads\/2023\/12\/Zakira-klein.jpg 1240w\" sizes=\"auto, (max-width: 726px) 100vw, 726px\" \/><\/figure>\n<\/div>\n<\/div>\n<\/div>\n\n\n\n<div class=\"wp-block-column is-layout-flow wp-container-core-column-is-layout-119bc444 wp-block-column-is-layout-flow\" style=\"flex-basis:60%\">\n<p class=\"has-heading-font-family has-x-large-font-size\" style=\"line-height:1.2\">Chin Laukhan<\/p>\n\n\n\n<div class=\"wp-block-columns is-layout-flex wp-container-core-columns-is-layout-87beb0d0 wp-block-columns-is-layout-flex\">\n<div class=\"wp-block-column is-layout-flow wp-block-column-is-layout-flow\">\n<p class=\"wp-container-content-9cfa9a5a\">Die herbfruchtige Wahl als Eistee oder Punsch<\/p>\n<\/div>\n\n\n\n<div class=\"wp-block-column is-layout-flow wp-block-column-is-layout-flow\">\n<figure class=\"wp-block-image size-large wp-duotone-unset-5\"><img loading=\"lazy\" decoding=\"async\" width=\"726\" height=\"1024\" src=\"https:\/\/druidicus.ch\/wp-content\/uploads\/2024\/01\/ChinLaukhan-gross-726x1024.png\" alt=\"Iistee Chin Laukhan 1 Liter\" class=\"wp-image-85\" srcset=\"https:\/\/druidicus.ch\/wp-content\/uploads\/2024\/01\/ChinLaukhan-gross-726x1024.png 726w, https:\/\/druidicus.ch\/wp-content\/uploads\/2024\/01\/ChinLaukhan-gross-213x300.png 213w, https:\/\/druidicus.ch\/wp-content\/uploads\/2024\/01\/ChinLaukhan-gross-768x1083.png 768w, https:\/\/druidicus.ch\/wp-content\/uploads\/2024\/01\/ChinLaukhan-gross-1090x1536.png 1090w, https:\/\/druidicus.ch\/wp-content\/uploads\/2024\/01\/ChinLaukhan-gross.png 1240w\" sizes=\"auto, (max-width: 726px) 100vw, 726px\" \/><\/figure>\n<\/div>\n<\/div>\n<\/div>\n<\/div>\n<\/div>\n","protected":false},"excerpt":{"rendered":"<p>Sorten Wir f\u00fchren laufend neue Iistee in unserem Sortiment. Diese sind aus biologisch angebauten Kr\u00e4utern zusammengestellt. Zurzeit f\u00fchren wir folgende Iistee: Dschira ein s\u00fcsser beeriger Iistee mit vielen verschiedenen Beeren. Zachira ein fruchtig-beeriger Iistee mit Fr\u00fcchten und Beeren Chin Laukhan ein herbfruchtiger Iistee mit Eukalyptus, Orangen und Lemongras Preis 0.5 Liter CHF 10.00 1 Liter [&hellip;]<\/p>\n","protected":false},"author":1,"featured_media":0,"parent":0,"menu_order":0,"comment_status":"closed","ping_status":"closed","template":"","meta":{"footnotes":""},"class_list":["post-109","page","type-page","status-publish","hentry"],"_links":{"self":[{"href":"https:\/\/druidicus.ch\/index.php?rest_route=\/wp\/v2\/pages\/109","targetHints":{"allow":["GET"]}}],"collection":[{"href":"https:\/\/druidicus.ch\/index.php?rest_route=\/wp\/v2\/pages"}],"about":[{"href":"https:\/\/druidicus.ch\/index.php?rest_route=\/wp\/v2\/types\/page"}],"author":[{"embeddable":true,"href":"https:\/\/druidicus.ch\/index.php?rest_route=\/wp\/v2\/users\/1"}],"replies":[{"embeddable":true,"href":"https:\/\/druidicus.ch\/index.php?rest_route=%2Fwp%2Fv2%2Fcomments&post=109"}],"version-history":[{"count":4,"href":"https:\/\/druidicus.ch\/index.php?rest_route=\/wp\/v2\/pages\/109\/revisions"}],"predecessor-version":[{"id":118,"href":"https:\/\/druidicus.ch\/index.php?rest_route=\/wp\/v2\/pages\/109\/revisions\/118"}],"wp:attachment":[{"href":"https:\/\/druidicus.ch\/index.php?rest_route=%2Fwp%2Fv2%2Fmedia&parent=109"}],"curies":[{"name":"wp","href":"https:\/\/api.w.org\/{rel}","templated":true}]}}